{"id":1303,"date":"2022-10-28T02:49:05","date_gmt":"2022-10-28T02:49:05","guid":{"rendered":"https:\/\/opfe.vn\/?page_id=1303"},"modified":"2025-01-06T14:23:57","modified_gmt":"2025-01-06T07:23:57","slug":"van-chuyen","status":"publish","type":"page","link":"https:\/\/opfe.vn\/index.php\/van-chuyen\/","title":{"rendered":"H\u01b0\u1edbng d\u1eabn v\u1eadn chuy\u1ec3n"},"content":{"rendered":"\t\t<div data-elementor-type=\"wp-page\" data-elementor-id=\"1303\" class=\"elementor elementor-1303\">\n\t\t\t\t\t\t<section class=\"elementor-section elementor-top-section elementor-element elementor-element-fb0497d elementor-section-height-min-height elementor-section-boxed elementor-section-height-default elementor-section-items-middle\" data-id=\"fb0497d\" data-element_type=\"section\" data-e-type=\"section\" data-settings=\"{&quot;background_background&quot;:&quot;classic&quot;}\">\n\t\t\t\t\t\t\t<div class=\"elementor-background-overlay\"><\/div>\n\t\t\t\t\t\t\t<div class=\"elementor-container elementor-column-gap-no\">\n\t\t\t\t\t<div class=\"elementor-column elementor-col-100 elementor-top-column elementor-element elementor-element-325f11c\" data-id=\"325f11c\" data-element_type=\"column\" data-e-type=\"column\">\n\t\t\t<div class=\"elementor-widget-wrap elementor-element-populated\">\n\t\t\t\t\t\t<div class=\"elementor-element elementor-element-25b39bd elementor-widget elementor-widget-heading\" data-id=\"25b39bd\" data-element_type=\"widget\" data-e-type=\"widget\" data-widget_type=\"heading.default\">\n\t\t\t\t<div class=\"elementor-widget-container\">\n\t\t\t\t\t<h1 class=\"elementor-heading-title elementor-size-default\">V\u1eadn chuy\u1ec3n<\/h1>\t\t\t\t<\/div>\n\t\t\t\t<\/div>\n\t\t\t\t\t<\/div>\n\t\t<\/div>\n\t\t\t\t\t<\/div>\n\t\t<\/section>\n\t\t\t\t<section class=\"elementor-section elementor-top-section elementor-element elementor-element-6233d5b elementor-section-boxed elementor-section-height-default elementor-section-height-default\" data-id=\"6233d5b\" data-element_type=\"section\" data-e-type=\"section\">\n\t\t\t\t\t\t\t<div class=\"elementor-background-overlay\"><\/div>\n\t\t\t\t\t\t\t<div class=\"elementor-container elementor-column-gap-no\">\n\t\t\t\t\t<div class=\"elementor-column elementor-col-50 elementor-top-column elementor-element elementor-element-4d7ad86\" data-id=\"4d7ad86\" data-element_type=\"column\" data-e-type=\"column\">\n\t\t\t<div class=\"elementor-widget-wrap elementor-element-populated\">\n\t\t\t\t\t\t<div class=\"elementor-element elementor-element-24b4e03 elementor-widget elementor-widget-heading\" data-id=\"24b4e03\" data-element_type=\"widget\" data-e-type=\"widget\" data-widget_type=\"heading.default\">\n\t\t\t\t<div class=\"elementor-widget-container\">\n\t\t\t\t\t<h5 class=\"elementor-heading-title elementor-size-default\">Natural Excellence<\/h5>\t\t\t\t<\/div>\n\t\t\t\t<\/div>\n\t\t\t\t<div class=\"elementor-element elementor-element-7ef155e elementor-widget elementor-widget-image-box\" data-id=\"7ef155e\" data-element_type=\"widget\" data-e-type=\"widget\" data-widget_type=\"image-box.default\">\n\t\t\t\t<div class=\"elementor-widget-container\">\n\t\t\t\t\t<div class=\"elementor-image-box-wrapper\"><div class=\"elementor-image-box-content\"><h3 class=\"elementor-image-box-title\">Nh\u1eefng n\u1ed9i dung ch\u00ednh:<\/h3><\/div><\/div>\t\t\t\t<\/div>\n\t\t\t\t<\/div>\n\t\t\t\t<div class=\"elementor-element elementor-element-670d2b0 elementor-widget elementor-widget-text-editor\" data-id=\"670d2b0\" data-element_type=\"widget\" data-e-type=\"widget\" data-widget_type=\"text-editor.default\">\n\t\t\t\t<div class=\"elementor-widget-container\">\n\t\t\t\t\t\t\t\t\t<ol><li><p><strong>CH\u00cdNH S\u00c1CH V\u1eacN CHUY\u1ec2N<\/strong><\/p><\/li><li><p><strong>HI\u1ec6U L\u1ef0C<\/strong><\/p><\/li><li><p><strong>TH\u1edcI GIAN GIAO H\u00c0NG<\/strong><\/p><\/li><li><p><strong>PH\u00c2N \u0110\u1ecaNH TR\u00c1CH NHI\u1ec6M GIAO NH\u1eacN H\u00c0NG HO\u00c1<\/strong><\/p><\/li><\/ol>\t\t\t\t\t\t\t\t<\/div>\n\t\t\t\t<\/div>\n\t\t\t\t\t<\/div>\n\t\t<\/div>\n\t\t\t\t<div class=\"elementor-column elementor-col-50 elementor-top-column elementor-element elementor-element-03a6bc5\" data-id=\"03a6bc5\" data-element_type=\"column\" data-e-type=\"column\">\n\t\t\t<div class=\"elementor-widget-wrap elementor-element-populated\">\n\t\t\t\t\t\t<div class=\"elementor-element elementor-element-02ae585 elementor-widget elementor-widget-image\" data-id=\"02ae585\" data-element_type=\"widget\" data-e-type=\"widget\" data-widget_type=\"image.default\">\n\t\t\t\t<div class=\"elementor-widget-container\">\n\t\t\t\t\t\t\t\t\t\t\t\t\t\t\t<img fetchpriority=\"high\" decoding=\"async\" width=\"1080\" height=\"1080\" src=\"https:\/\/opfe.vn\/wp-content\/uploads\/2020\/03\/Orilax-4.jpg\" class=\"attachment-full size-full wp-image-1491\" alt=\"\" srcset=\"https:\/\/opfe.vn\/wp-content\/uploads\/2020\/03\/Orilax-4.jpg 1080w, https:\/\/opfe.vn\/wp-content\/uploads\/2020\/03\/Orilax-4-300x300.jpg 300w, https:\/\/opfe.vn\/wp-content\/uploads\/2020\/03\/Orilax-4-1024x1024.jpg 1024w, https:\/\/opfe.vn\/wp-content\/uploads\/2020\/03\/Orilax-4-150x150.jpg 150w, https:\/\/opfe.vn\/wp-content\/uploads\/2020\/03\/Orilax-4-768x768.jpg 768w, https:\/\/opfe.vn\/wp-content\/uploads\/2020\/03\/Orilax-4-600x600.jpg 600w, https:\/\/opfe.vn\/wp-content\/uploads\/2020\/03\/Orilax-4-100x100.jpg 100w\" sizes=\"(max-width: 1080px) 100vw, 1080px\" \/>\t\t\t\t\t\t\t\t\t\t\t\t\t\t\t<\/div>\n\t\t\t\t<\/div>\n\t\t\t\t\t<\/div>\n\t\t<\/div>\n\t\t\t\t\t<\/div>\n\t\t<\/section>\n\t\t\t\t<section class=\"elementor-section elementor-top-section elementor-element elementor-element-76021eb elementor-section-boxed elementor-section-height-default elementor-section-height-default\" data-id=\"76021eb\" data-element_type=\"section\" data-e-type=\"section\" data-settings=\"{&quot;background_background&quot;:&quot;classic&quot;}\">\n\t\t\t\t\t\t<div class=\"elementor-container elementor-column-gap-no\">\n\t\t\t\t\t<div class=\"elementor-column elementor-col-100 elementor-top-column elementor-element elementor-element-86ee2c3\" data-id=\"86ee2c3\" data-element_type=\"column\" data-e-type=\"column\">\n\t\t\t<div class=\"elementor-widget-wrap elementor-element-populated\">\n\t\t\t\t\t\t<div class=\"elementor-element elementor-element-258d69a elementor-widget elementor-widget-image-carousel\" data-id=\"258d69a\" data-element_type=\"widget\" data-e-type=\"widget\" data-settings=\"{&quot;slides_to_show&quot;:&quot;1&quot;,&quot;navigation&quot;:&quot;none&quot;,&quot;autoplay&quot;:&quot;yes&quot;,&quot;pause_on_hover&quot;:&quot;yes&quot;,&quot;pause_on_interaction&quot;:&quot;yes&quot;,&quot;autoplay_speed&quot;:5000,&quot;infinite&quot;:&quot;yes&quot;,&quot;effect&quot;:&quot;slide&quot;,&quot;speed&quot;:500}\" data-widget_type=\"image-carousel.default\">\n\t\t\t\t<div class=\"elementor-widget-container\">\n\t\t\t\t\t\t\t<div class=\"elementor-image-carousel-wrapper swiper\" role=\"region\" aria-roledescription=\"carousel\" aria-label=\"B\u0103ng chuy\u1ec1n h\u00ecnh \u1ea3nh\" dir=\"ltr\">\n\t\t\t<div class=\"elementor-image-carousel swiper-wrapper swiper-image-stretch\" aria-live=\"off\">\n\t\t\t\t\t\t\t\t<div class=\"swiper-slide\" role=\"group\" aria-roledescription=\"slide\" aria-label=\"1 tr\u00ean 4\"><figure class=\"swiper-slide-inner\"><img decoding=\"async\" class=\"swiper-slide-image\" src=\"https:\/\/opfe.vn\/wp-content\/uploads\/2022\/12\/Setup-23.jpg\" alt=\"Setup (23)\" \/><\/figure><\/div><div class=\"swiper-slide\" role=\"group\" aria-roledescription=\"slide\" aria-label=\"2 tr\u00ean 4\"><figure class=\"swiper-slide-inner\"><img decoding=\"async\" class=\"swiper-slide-image\" src=\"https:\/\/opfe.vn\/wp-content\/uploads\/2022\/12\/Setup-32.jpg\" alt=\"Setup (32)\" \/><\/figure><\/div><div class=\"swiper-slide\" role=\"group\" aria-roledescription=\"slide\" aria-label=\"3 tr\u00ean 4\"><figure class=\"swiper-slide-inner\"><img decoding=\"async\" class=\"swiper-slide-image\" src=\"https:\/\/opfe.vn\/wp-content\/uploads\/2022\/12\/Setup-7.jpg\" alt=\"Setup (7)\" \/><\/figure><\/div><div class=\"swiper-slide\" role=\"group\" aria-roledescription=\"slide\" aria-label=\"4 tr\u00ean 4\"><figure class=\"swiper-slide-inner\"><img decoding=\"async\" class=\"swiper-slide-image\" src=\"https:\/\/opfe.vn\/wp-content\/uploads\/2022\/12\/Setup-86.jpg\" alt=\"Setup (86)\" \/><\/figure><\/div>\t\t\t<\/div>\n\t\t\t\t\t\t\t\n\t\t\t\t\t\t\t\t\t<\/div>\n\t\t\t\t\t\t<\/div>\n\t\t\t\t<\/div>\n\t\t\t\t\t<\/div>\n\t\t<\/div>\n\t\t\t\t\t<\/div>\n\t\t<\/section>\n\t\t\t\t<section class=\"elementor-section elementor-top-section elementor-element elementor-element-26a25bc elementor-section-boxed elementor-section-height-default elementor-section-height-default\" data-id=\"26a25bc\" data-element_type=\"section\" data-e-type=\"section\">\n\t\t\t\t\t\t<div class=\"elementor-container elementor-column-gap-no\">\n\t\t\t\t\t<div class=\"elementor-column elementor-col-100 elementor-top-column elementor-element elementor-element-5c35a23\" data-id=\"5c35a23\" data-element_type=\"column\" data-e-type=\"column\">\n\t\t\t<div class=\"elementor-widget-wrap elementor-element-populated\">\n\t\t\t\t\t\t<div class=\"elementor-element elementor-element-64ccd6b elementor-widget elementor-widget-text-editor\" data-id=\"64ccd6b\" data-element_type=\"widget\" data-e-type=\"widget\" data-widget_type=\"text-editor.default\">\n\t\t\t\t<div class=\"elementor-widget-container\">\n\t\t\t\t\t\t\t\t\t<h2 style=\"text-align: center;\">Ch\u00ednh s\u00e1ch v\u1eadn chuy\u1ec3n<\/h2><p style=\"text-align: justify;\">B\u1eb1ng c\u00e1ch s\u1eed d\u1ee5ng d\u1ecbch v\u1ee5 v\u1eadn chuy\u1ec3n \u0111\u01b0\u1ee3c h\u1ed7 tr\u1ee3 tr\u00ean trang web c\u1ee7a C\u00f4ng ty, b\u1ea1n \u0111\u00e3 th\u1eeba nh\u1eadn v\u00e0 \u0111\u1ed3ng \u00fd v\u1edbi c\u00e1c y\u00eau c\u1ea7u, v\u00e0\/ho\u1eb7c c\u00e1c ch\u00ednh s\u00e1ch, th\u1ef1c ti\u1ec5n \u00e1p d\u1ee5ng n\u00eau trong ch\u00ednh s\u00e1ch v\u1eadn chuy\u1ec3n n\u00e0y. C\u00f4ng ty b\u1ea3o l\u01b0u quy\u1ec1n s\u1eeda \u0111\u1ed5i ch\u00ednh s\u00e1ch v\u1eadn chuy\u1ec3n n\u00e0y v\u00e0o b\u1ea5t c\u1ee9 l\u00fac n\u00e0o.<\/p><p style=\"text-align: justify;\"><b>1. CH\u00cdNH S\u00c1CH V\u1eacN CHUY\u1ec2N<\/b><\/p><ul style=\"text-align: justify;\"><li><b>\u0110\u1ed0I V\u1edaI KH\u00c1CH H\u00c0NG MUA V\u00c0 NH\u1eacN H\u00c0NG T\u1ea0I VI\u1ec6T NAM<\/b><\/li><\/ul><p style=\"text-align: justify;\">C\u00f4ng ty v\u1eadn chuy\u1ec3n mi\u1ec5n ph\u00ed cho m\u1ecdi \u0111\u01a1n h\u00e0ng \u0111\u1eb7t mua tr\u00ean Website ho\u1eb7c t\u1eeb Nh\u00e2n vi\u00ean CSKH c\u1ee7a c\u00f4ng ty.<\/p><ul style=\"text-align: justify;\"><li><b>\u0110\u1ed0I V\u1edaI KH\u00c1CH H\u00c0NG MUA V\u00c0 NH\u1eacN H\u00c0NG T\u1ea0I HUNGARY<\/b><\/li><\/ul><p style=\"text-align: justify;\">C\u00f4ng ty v\u1eadn chuy\u1ec3n mi\u1ec5n ph\u00ed cho c\u00e1c \u0111\u01a1n h\u00e0ng c\u00f3 t\u1ed5ng gi\u00e1 tr\u1ecb \u0111\u01a1n h\u00e0ng t\u1eeb 60.000 HUF. \u0110\u1ed1i v\u1edbi c\u00e1c \u0111\u01a1n h\u00e0ng c\u00f3 gi\u00e1 tr\u1ecb th\u1ea5p h\u01a1n 60.000 HUF, ph\u00ed v\u1eadn chuy\u1ec3n l\u00e0 2.000 HUF\/\u0111\u01a1n h\u00e0ng.\u00a0<\/p><ul style=\"text-align: justify;\"><li><b>\u0110\u1ed0I V\u1edaI KH\u00c1CH H\u00c0NG MUA V\u00c0 NH\u1eacN H\u00c0NG T\u1ea0I C\u00c1C N\u01af\u1edaC KH\u00d4NG PH\u1ea2I VI\u1ec6T NAM HO\u1eb6C HUNGARY<\/b><\/li><\/ul><p style=\"text-align: justify;\">C\u00f4ng ty v\u1eadn chuy\u1ec3n mi\u1ec5n ph\u00ed t\u1ea1i EU cho c\u00e1c \u0111\u01a1n h\u00e0ng c\u00f3 t\u1ed5ng gi\u00e1 tr\u1ecb \u0111\u01a1n h\u00e0ng t\u1eeb 350 EUR. \u0110\u1ed1i v\u1edbi c\u00e1c \u0111\u01a1n h\u00e0ng c\u00f3 gi\u00e1 tr\u1ecb th\u1ea5p h\u01a1n 350 EUR, nh\u1eadn h\u00e0ng t\u1ea1i EU, ph\u00ed v\u1eadn chuy\u1ec3n l\u00e0 15 EUR\/\u0111\u01a1n h\u00e0ng.<\/p><p style=\"text-align: justify;\">C\u00f4ng ty v\u1eadn chuy\u1ec3n mi\u1ec5n ph\u00ed \u0111\u1ebfn c\u00e1c n\u01b0\u1edbc kh\u00f4ng thu\u1ed9c EU cho c\u00e1c \u0111\u01a1n h\u00e0ng c\u00f3 t\u1ed5ng gi\u00e1 tr\u1ecb \u0111\u01a1n h\u00e0ng t\u1eeb 1.000 EUR. \u0110\u1ed1i v\u1edbi c\u00e1c \u0111\u01a1n h\u00e0ng c\u00f3 gi\u00e1 tr\u1ecb th\u1ea5p h\u01a1n 1.000 EUR, nh\u1eadn h\u00e0ng t\u1ea1i c\u00e1c n\u01b0\u1edbc kh\u00f4ng thu\u1ed9c EU, ph\u00ed v\u1eadn chuy\u1ec3n l\u00e0 30 EUR\/\u0111\u01a1n h\u00e0ng.<\/p><ul style=\"text-align: justify;\"><li><b>C\u00f4ng ty kh\u00f4ng t\u00ednh ph\u00ed v\u1eadn chuy\u1ec3n cho nh\u1eefng Tr\u01b0\u1eddng h\u1ee3p \u0111\u1eb7t mua<\/b><b>\u00a0ONLINE<\/b><b> v\u00e0 nh\u1eadn h\u00e0ng t\u1ea1i NH\u00c0 PH\u00c2N PH\u1ed0I c\u1ee7a C\u00f4ng ty.<\/b><\/li><\/ul><p style=\"text-align: justify;\"><b>2. HI\u1ec6U L\u1ef0C<\/b><\/p><ul><li style=\"text-align: justify;\">Ch\u00ednh s\u00e1ch n\u00e0y kh\u00f4ng \u00e1p d\u1ee5ng \u0111\u1ed1i v\u1edbi h\u00e0ng h\u00f3a l\u00e0 qu\u00e0 t\u1eb7ng, h\u00e0ng khuy\u1ebfn m\u1ea1i. C\u00e1c ch\u01b0\u01a1ng tr\u00ecnh khuy\u1ebfn m\u1ea1i kh\u00f4ng \u00e1p d\u1ee5ng \u0111\u1ed3ng th\u1eddi (nh\u01b0ng kh\u00f4ng bao g\u1ed3m khuy\u1ebfn m\u1ea1i \u1edf m\u1ee5c 1 c\u1ee7a ch\u00ednh s\u00e1ch n\u00e0y), \u01b0u ti\u00ean khuy\u1ebfn m\u1ea1i l\u1edbn nh\u1ea5t d\u00e0nh cho kh\u00e1ch h\u00e0ng t\u1ea1i th\u1eddi \u0111i\u1ec3m giao d\u1ecbch.<\/li><\/ul><p style=\"text-align: justify;\"><b>3. TH\u1edcI GIAN GIAO H\u00c0NG<\/b><\/p><ul><li style=\"text-align: justify;\">Th\u1eddi gian giao h\u00e0ng t\u1ea1i N\u1ed9i th\u00e0nh H\u00e0 N\u1ed9i t\u1eeb 3-48 gi\u1edd \u0111\u1ed3ng h\u1ed3 t\u00ednh t\u1eeb th\u1eddi \u0111i\u1ec3m nh\u00e2n vi\u00ean t\u01b0 v\u1ea5n c\u1ee7a C\u00f4ng ty x\u00e1c nh\u1eadn \u0111\u01a1n h\u00e0ng v\u1edbi kh\u00e1ch h\u00e0ng.<\/li><li style=\"text-align: justify;\">Th\u1eddi gian giao h\u00e0ng COD \u1edf c\u00e1c t\u1ec9nh, th\u00e0nh ph\u1ed1 s\u1ebd tu\u1ef3 thu\u1ed9c v\u00e0o t\u1eebng \u0111\u1ecba ch\u1ec9 c\u1ee7a kh\u00e1ch h\u00e0ng, b\u1ed9 ph\u1eadn x\u1eed l\u00fd \u0111\u01a1n h\u00e0ng s\u1ebd b\u00e1o c\u1ee5 th\u1ec3 v\u1edbi kh\u00e1ch h\u00e0ng (Trung b\u00ecnh t\u1eeb 2 \u2013 5 ng\u00e0y l\u00e0m vi\u1ec7c)<\/li><li style=\"text-align: justify;\">Trong tr\u01b0\u1eddng h\u1ee3p kh\u00e1ch h\u00e0ng c\u1ea7n v\u1eadn chuy\u1ec3n H\u1eceA T\u1ed0C th\u00ec qu\u00fd kh\u00e1ch vui l\u00f2ng trao \u0111\u1ed5i v\u1edbi nh\u00e2n vi\u00ean b\u00e1n h\u00e0ng s\u1ebd t\u01b0 v\u1ea5n c\u1ee5 th\u1ec3.<\/li><li style=\"text-align: justify;\">C\u00e1c tr\u01b0\u1eddng h\u1ee3p \u0111\u1eb7c bi\u1ec7t, kh\u00e1ch h\u00e0ng vui l\u00f2ng li\u00ean h\u1ec7 v\u1edbi s\u1ed1 hotline \u0111\u1ec3 \u0111\u01b0\u1ee3c t\u01b0 v\u1ea5n.<\/li><li style=\"text-align: justify;\"><b>L\u01b0u \u00fd: V\u00e0o th\u1eddi gian cao \u0111i\u1ec3m (l\u1ec5, t\u1ebft), ho\u1eb7c t\u00f9y theo m\u1ed9t s\u1ed1 \u0111i\u1ec1u ki\u1ec7n kh\u00e1ch quan (nh\u01b0 thi\u00ean tai, h\u1ecfng h\u00f3c ph\u01b0\u01a1ng ti\u1ec7n, v.v\u2026), ch\u00fang t\u00f4i kh\u00f4ng th\u1ec3 giao h\u00e0ng ngay n\u00ean s\u1ebd th\u1ecfa thu\u1eadn th\u1eddi gian giao h\u00e0ng c\u1ee5 th\u1ec3 cho qu\u00fd kh\u00e1ch.<\/b><\/li><\/ul><p style=\"text-align: justify;\"><b>4. PH\u00c2N \u0110\u1ecaNH TR\u00c1CH NHI\u1ec6M GIAO NH\u1eacN H\u00c0NG HO\u00c1<\/b><\/p><ul><li style=\"text-align: justify;\">C\u00f4ng ty ch\u1ecbu m\u1ecdi tr\u00e1ch nhi\u1ec7m v\u1ec1 vi\u1ec7c giao nh\u1eadn c\u00e1c \u0111\u01a1n h\u00e0ng \u0111\u01b0\u1ee3c th\u1ef1c hi\u1ec7n b\u1edfi C\u00f4ng ty v\u00e0\/ho\u1eb7c H\u1ec7 th\u1ed1ng ph\u00e2n ph\u1ed1i, C\u1ed9ng t\u00e1c vi\u00ean c\u1ee7a C\u00f4ng ty.<\/li><li style=\"text-align: justify;\">Tr\u01b0\u1eddng h\u1ee3p v\u1eadn chuy\u1ec3n qua T\u1ed5 ch\u1ee9c\u00a0cung \u1ee9ng d\u1ecbch v\u1ee5 Logistics, Kh\u00e1ch h\u00e0ng t\u1ef1 li\u00ean h\u1ec7 v\u00e0 c\u1eadp nh\u1eadt th\u00f4ng tin v\u1eadn chuy\u1ec3n t\u1eeb Nh\u00e0 cung \u1ee9ng d\u1ecbch v\u1ee5 Logistics.\u00a0C\u00f4ng ty ch\u1ecbu tr\u00e1ch nhi\u1ec7m theo d\u00f5i v\u00e0\u00a0ph\u1ed1i h\u1ee3p\u00a0th\u00f4ng b\u00e1o th\u00f4ng tin t\u1edbi kh\u00e1ch h\u00e0ng th\u00f4ng tin v\u1ec1 v\u1eadn \u0111\u01a1n v\u00e0 \u0110\u01a1n v\u1ecb d\u1ecbch v\u1ee5 v\u1eadn chuy\u1ec3n ngay\u00a0sau khi\u00a0g\u1eedi h\u00e0ng v\u00e0 ho\u00e0n t\u1ea5t c\u1ea3 th\u1ee7 t\u1ee5c v\u1edbi Nh\u00e0 cung \u1ee9ng d\u1ecbch v\u1ee5.<\/li><li style=\"text-align: justify;\">Tr\u01b0\u1eddng h\u1ee3p th\u1ef1c t\u1ebf\u00a0ph\u00e1t sinh ch\u1eadm tr\u1ec5 trong vi\u1ec7c giao h\u00e0ng theo k\u1ebf ho\u1ea1ch ban \u0111\u1ea7u, C\u00f4ng ty ch\u1ecbu tr\u00e1ch nhi\u1ec7m th\u00f4ng b\u00e1o k\u1ecbp th\u1eddi\u00a0trong v\u00f2ng 24h t\u1edbi kh\u00e1ch h\u00e0ng v\u00e0 cho ph\u00e9p kh\u00e1ch h\u00e0ng c\u00f3 quy\u1ec1n hu\u1ef7 h\u1ee3p \u0111\u1ed3ng n\u1ebfu c\u00f3 y\u00eau c\u1ea7u.<\/li><\/ul>\t\t\t\t\t\t\t\t<\/div>\n\t\t\t\t<\/div>\n\t\t\t\t\t<\/div>\n\t\t<\/div>\n\t\t\t\t\t<\/div>\n\t\t<\/section>\n\t\t\t\t<\/div>\n\t\t","protected":false},"excerpt":{"rendered":"<p>V\u1eadn chuy\u1ec3n Natural Excellence Nh\u1eefng n\u1ed9i dung ch\u00ednh: CH\u00cdNH S\u00c1CH V\u1eacN CHUY\u1ec2N HI\u1ec6U L\u1ef0C TH\u1edcI GIAN GIAO H\u00c0NG PH\u00c2N \u0110\u1ecaNH TR\u00c1CH NHI\u1ec6M GIAO NH\u1eacN H\u00c0NG HO\u00c1 Ch\u00ednh s\u00e1ch v\u1eadn chuy\u1ec3n B\u1eb1ng c\u00e1ch s\u1eed d\u1ee5ng d\u1ecbch v\u1ee5 v\u1eadn chuy\u1ec3n \u0111\u01b0\u1ee3c h\u1ed7 tr\u1ee3 tr\u00ean trang web c\u1ee7a C\u00f4ng ty, b\u1ea1n \u0111\u00e3 th\u1eeba nh\u1eadn v\u00e0 \u0111\u1ed3ng \u00fd v\u1edbi [&hellip;]<\/p>\n","protected":false},"author":1,"featured_media":0,"parent":0,"menu_order":0,"comment_status":"closed","ping_status":"closed","template":"","meta":{"site-sidebar-layout":"no-sidebar","site-content-layout":"page-builder","ast-site-content-layout":"default","site-content-style":"default","site-sidebar-style":"default","ast-global-header-display":"","ast-banner-title-visibility":"","ast-main-header-display":"","ast-hfb-above-header-display":"","ast-hfb-below-header-display":"","ast-hfb-mobile-header-display":"","site-post-title":"disabled","ast-breadcrumbs-content":"disabled","ast-featured-img":"disabled","footer-sml-layout":"","ast-disable-related-posts":"","theme-transparent-header-meta":"enabled","adv-header-id-meta":"","stick-header-meta":"","header-above-stick-meta":"","header-main-stick-meta":"","header-below-stick-meta":"","astra-migrate-meta-layouts":"default","ast-page-background-enabled":"default","ast-page-background-meta":{"desktop":{"background-color":"","background-image":"","background-repeat":"repeat","background-position":"center center","background-size":"auto","background-attachment":"scroll","background-type":"","background-media":"","overlay-type":"","overlay-color":"","overlay-opacity":"","overlay-gradient":""},"tablet":{"background-color":"","background-image":"","background-repeat":"repeat","background-position":"center center","background-size":"auto","background-attachment":"scroll","background-type":"","background-media":"","overlay-type":"","overlay-color":"","overlay-opacity":"","overlay-gradient":""},"mobile":{"background-color":"","background-image":"","background-repeat":"repeat","background-position":"center center","background-size":"auto","background-attachment":"scroll","background-type":"","background-media":"","overlay-type":"","overlay-color":"","overlay-opacity":"","overlay-gradient":""}},"ast-content-background-meta":{"desktop":{"background-color":"var(--ast-global-color-5)","background-image":"","background-repeat":"repeat","background-position":"center center","background-size":"auto","background-attachment":"scroll","background-type":"","background-media":"","overlay-type":"","overlay-color":"","overlay-opacity":"","overlay-gradient":""},"tablet":{"background-color":"var(--ast-global-color-5)","background-image":"","background-repeat":"repeat","background-position":"center center","background-size":"auto","background-attachment":"scroll","background-type":"","background-media":"","overlay-type":"","overlay-color":"","overlay-opacity":"","overlay-gradient":""},"mobile":{"background-color":"var(--ast-global-color-5)","background-image":"","background-repeat":"repeat","background-position":"center center","background-size":"auto","background-attachment":"scroll","background-type":"","background-media":"","overlay-type":"","overlay-color":"","overlay-opacity":"","overlay-gradient":""}},"footnotes":""},"class_list":["post-1303","page","type-page","status-publish","hentry"],"aioseo_notices":[],"_links":{"self":[{"href":"https:\/\/opfe.vn\/index.php\/wp-json\/wp\/v2\/pages\/1303","targetHints":{"allow":["GET"]}}],"collection":[{"href":"https:\/\/opfe.vn\/index.php\/wp-json\/wp\/v2\/pages"}],"about":[{"href":"https:\/\/opfe.vn\/index.php\/wp-json\/wp\/v2\/types\/page"}],"author":[{"embeddable":true,"href":"https:\/\/opfe.vn\/index.php\/wp-json\/wp\/v2\/users\/1"}],"replies":[{"embeddable":true,"href":"https:\/\/opfe.vn\/index.php\/wp-json\/wp\/v2\/comments?post=1303"}],"version-history":[{"count":58,"href":"https:\/\/opfe.vn\/index.php\/wp-json\/wp\/v2\/pages\/1303\/revisions"}],"predecessor-version":[{"id":4245,"href":"https:\/\/opfe.vn\/index.php\/wp-json\/wp\/v2\/pages\/1303\/revisions\/4245"}],"wp:attachment":[{"href":"https:\/\/opfe.vn\/index.php\/wp-json\/wp\/v2\/media?parent=1303"}],"curies":[{"name":"wp","href":"https:\/\/api.w.org\/{rel}","templated":true}]}}