{"id":1305,"date":"2022-10-28T02:49:52","date_gmt":"2022-10-28T02:49:52","guid":{"rendered":"https:\/\/opfe.vn\/?page_id=1305"},"modified":"2023-05-27T08:00:17","modified_gmt":"2023-05-27T01:00:17","slug":"doi-tra","status":"publish","type":"page","link":"https:\/\/opfe.vn\/index.php\/doi-tra\/","title":{"rendered":"H\u01b0\u1edbng d\u1eabn \u0111\u1ed5i tr\u1ea3 h\u00e0ng"},"content":{"rendered":"\t\t<div data-elementor-type=\"wp-page\" data-elementor-id=\"1305\" class=\"elementor elementor-1305\">\n\t\t\t\t\t\t<section class=\"elementor-section elementor-top-section elementor-element elementor-element-fb0497d elementor-section-height-min-height elementor-section-boxed elementor-section-height-default elementor-section-items-middle\" data-id=\"fb0497d\" data-element_type=\"section\" data-e-type=\"section\" data-settings=\"{&quot;background_background&quot;:&quot;classic&quot;}\">\n\t\t\t\t\t\t\t<div class=\"elementor-background-overlay\"><\/div>\n\t\t\t\t\t\t\t<div class=\"elementor-container elementor-column-gap-no\">\n\t\t\t\t\t<div class=\"elementor-column elementor-col-100 elementor-top-column elementor-element elementor-element-325f11c\" data-id=\"325f11c\" data-element_type=\"column\" data-e-type=\"column\">\n\t\t\t<div class=\"elementor-widget-wrap elementor-element-populated\">\n\t\t\t\t\t\t<div class=\"elementor-element elementor-element-25b39bd elementor-widget elementor-widget-heading\" data-id=\"25b39bd\" data-element_type=\"widget\" data-e-type=\"widget\" data-widget_type=\"heading.default\">\n\t\t\t\t<div class=\"elementor-widget-container\">\n\t\t\t\t\t<h1 class=\"elementor-heading-title elementor-size-default\">Ki\u1ec3m h\u00e0ng v\u00e0 \u0111\u1ed5i tr\u1ea3 s\u1ea3n ph\u1ea9m<\/h1>\t\t\t\t<\/div>\n\t\t\t\t<\/div>\n\t\t\t\t\t<\/div>\n\t\t<\/div>\n\t\t\t\t\t<\/div>\n\t\t<\/section>\n\t\t\t\t<section class=\"elementor-section elementor-top-section elementor-element elementor-element-6233d5b elementor-section-boxed elementor-section-height-default elementor-section-height-default\" data-id=\"6233d5b\" data-element_type=\"section\" data-e-type=\"section\">\n\t\t\t\t\t\t\t<div class=\"elementor-background-overlay\"><\/div>\n\t\t\t\t\t\t\t<div class=\"elementor-container elementor-column-gap-no\">\n\t\t\t\t\t<div class=\"elementor-column elementor-col-50 elementor-top-column elementor-element elementor-element-4d7ad86\" data-id=\"4d7ad86\" data-element_type=\"column\" data-e-type=\"column\">\n\t\t\t<div class=\"elementor-widget-wrap elementor-element-populated\">\n\t\t\t\t\t\t<div class=\"elementor-element elementor-element-24b4e03 elementor-widget elementor-widget-heading\" data-id=\"24b4e03\" data-element_type=\"widget\" data-e-type=\"widget\" data-widget_type=\"heading.default\">\n\t\t\t\t<div class=\"elementor-widget-container\">\n\t\t\t\t\t<h5 class=\"elementor-heading-title elementor-size-default\">Natural Excellence<\/h5>\t\t\t\t<\/div>\n\t\t\t\t<\/div>\n\t\t\t\t<div class=\"elementor-element elementor-element-7ef155e elementor-widget elementor-widget-image-box\" data-id=\"7ef155e\" data-element_type=\"widget\" data-e-type=\"widget\" data-widget_type=\"image-box.default\">\n\t\t\t\t<div class=\"elementor-widget-container\">\n\t\t\t\t\t<div class=\"elementor-image-box-wrapper\"><div class=\"elementor-image-box-content\"><h3 class=\"elementor-image-box-title\">Nh\u1eefng n\u1ed9i dung ch\u00ednh:<\/h3><\/div><\/div>\t\t\t\t<\/div>\n\t\t\t\t<\/div>\n\t\t\t\t<div class=\"elementor-element elementor-element-670d2b0 elementor-widget elementor-widget-text-editor\" data-id=\"670d2b0\" data-element_type=\"widget\" data-e-type=\"widget\" data-widget_type=\"text-editor.default\">\n\t\t\t\t<div class=\"elementor-widget-container\">\n\t\t\t\t\t\t\t\t\t<ol><li style=\"text-align: justify\">Nguy\u00ean t\u1eafc chung<\/li><li style=\"text-align: justify\">Ch\u00ednh s\u00e1ch ki\u1ec3m h\u00e0ng<\/li><li style=\"text-align: justify\">Ch\u00ednh s\u00e1ch \u0111\u1ed5i, tr\u1ea3 s\u1ea3n ph\u1ea9m<\/li><li style=\"text-align: justify\">M\u1ed9t s\u1ed1 l\u01b0u \u00fd<\/li><li style=\"text-align: justify\"><span style=\"font-size: 16px\">C\u00f4ng ty c\u00f3 quy\u1ec1n quy\u1ebft \u0111\u1ecbnh kh\u00f4ng \u0111\u1ed5i, tr\u1ea3 s\u1ea3n ph\u1ea9m n\u1ebfu:<\/span><\/li><li style=\"text-align: justify\">Trong ph\u1ea1m vi ph\u00e1p lu\u1eadt cho ph\u00e9p, ch\u00fang t\u00f4i s\u1ebd kh\u00f4ng ch\u1ecbu b\u1ea5t c\u1ee9 tr\u00e1ch nhi\u1ec7m n\u00e0o cho t\u1ed5n th\u1ea5t, c\u00e1c kho\u1ea3n n\u1ee3, chi ph\u00ed, thi\u1ec7t h\u1ea1i ho\u1eb7c ph\u00ed ph\u00e1t sinh n\u00e0o kh\u00e1c.<\/li><\/ol>\t\t\t\t\t\t\t\t<\/div>\n\t\t\t\t<\/div>\n\t\t\t\t\t<\/div>\n\t\t<\/div>\n\t\t\t\t<div class=\"elementor-column elementor-col-50 elementor-top-column elementor-element elementor-element-03a6bc5\" data-id=\"03a6bc5\" data-element_type=\"column\" data-e-type=\"column\">\n\t\t\t<div class=\"elementor-widget-wrap elementor-element-populated\">\n\t\t\t\t\t\t<div class=\"elementor-element elementor-element-02ae585 elementor-widget elementor-widget-image\" data-id=\"02ae585\" data-element_type=\"widget\" data-e-type=\"widget\" data-widget_type=\"image.default\">\n\t\t\t\t<div class=\"elementor-widget-container\">\n\t\t\t\t\t\t\t\t\t\t\t\t\t\t\t<img fetchpriority=\"high\" decoding=\"async\" width=\"800\" height=\"800\" src=\"https:\/\/opfe.vn\/wp-content\/uploads\/2022\/12\/LionsMUS-3-2.jpg\" class=\"attachment-full size-full wp-image-2632\" alt=\"\" srcset=\"https:\/\/opfe.vn\/wp-content\/uploads\/2022\/12\/LionsMUS-3-2.jpg 800w, https:\/\/opfe.vn\/wp-content\/uploads\/2022\/12\/LionsMUS-3-2-300x300.jpg 300w, https:\/\/opfe.vn\/wp-content\/uploads\/2022\/12\/LionsMUS-3-2-150x150.jpg 150w, https:\/\/opfe.vn\/wp-content\/uploads\/2022\/12\/LionsMUS-3-2-768x768.jpg 768w, https:\/\/opfe.vn\/wp-content\/uploads\/2022\/12\/LionsMUS-3-2-600x600.jpg 600w, https:\/\/opfe.vn\/wp-content\/uploads\/2022\/12\/LionsMUS-3-2-100x100.jpg 100w\" sizes=\"(max-width: 800px) 100vw, 800px\" \/>\t\t\t\t\t\t\t\t\t\t\t\t\t\t\t<\/div>\n\t\t\t\t<\/div>\n\t\t\t\t\t<\/div>\n\t\t<\/div>\n\t\t\t\t\t<\/div>\n\t\t<\/section>\n\t\t\t\t<section class=\"elementor-section elementor-top-section elementor-element elementor-element-76021eb elementor-section-boxed elementor-section-height-default elementor-section-height-default\" data-id=\"76021eb\" data-element_type=\"section\" data-e-type=\"section\" data-settings=\"{&quot;background_background&quot;:&quot;classic&quot;}\">\n\t\t\t\t\t\t<div class=\"elementor-container elementor-column-gap-no\">\n\t\t\t\t\t<div class=\"elementor-column elementor-col-100 elementor-top-column elementor-element elementor-element-86ee2c3\" data-id=\"86ee2c3\" data-element_type=\"column\" data-e-type=\"column\">\n\t\t\t<div class=\"elementor-widget-wrap elementor-element-populated\">\n\t\t\t\t\t\t<div class=\"elementor-element elementor-element-258d69a elementor-widget elementor-widget-image-carousel\" data-id=\"258d69a\" data-element_type=\"widget\" data-e-type=\"widget\" data-settings=\"{&quot;slides_to_show&quot;:&quot;1&quot;,&quot;navigation&quot;:&quot;none&quot;,&quot;autoplay&quot;:&quot;yes&quot;,&quot;pause_on_hover&quot;:&quot;yes&quot;,&quot;pause_on_interaction&quot;:&quot;yes&quot;,&quot;autoplay_speed&quot;:5000,&quot;infinite&quot;:&quot;yes&quot;,&quot;effect&quot;:&quot;slide&quot;,&quot;speed&quot;:500}\" data-widget_type=\"image-carousel.default\">\n\t\t\t\t<div class=\"elementor-widget-container\">\n\t\t\t\t\t\t\t<div class=\"elementor-image-carousel-wrapper swiper\" role=\"region\" aria-roledescription=\"carousel\" aria-label=\"B\u0103ng chuy\u1ec1n h\u00ecnh \u1ea3nh\" dir=\"ltr\">\n\t\t\t<div class=\"elementor-image-carousel swiper-wrapper swiper-image-stretch\" aria-live=\"off\">\n\t\t\t\t\t\t\t\t<div class=\"swiper-slide\" role=\"group\" aria-roledescription=\"slide\" aria-label=\"1 tr\u00ean 4\"><figure class=\"swiper-slide-inner\"><img decoding=\"async\" class=\"swiper-slide-image\" src=\"https:\/\/opfe.vn\/wp-content\/uploads\/2022\/12\/Setup-86.jpg\" alt=\"Setup (86)\" \/><\/figure><\/div><div class=\"swiper-slide\" role=\"group\" aria-roledescription=\"slide\" aria-label=\"2 tr\u00ean 4\"><figure class=\"swiper-slide-inner\"><img decoding=\"async\" class=\"swiper-slide-image\" src=\"https:\/\/opfe.vn\/wp-content\/uploads\/2022\/12\/Setup-23.jpg\" alt=\"Setup (23)\" \/><\/figure><\/div><div class=\"swiper-slide\" role=\"group\" aria-roledescription=\"slide\" aria-label=\"3 tr\u00ean 4\"><figure class=\"swiper-slide-inner\"><img decoding=\"async\" class=\"swiper-slide-image\" src=\"https:\/\/opfe.vn\/wp-content\/uploads\/2022\/12\/Setup-32.jpg\" alt=\"Setup (32)\" \/><\/figure><\/div><div class=\"swiper-slide\" role=\"group\" aria-roledescription=\"slide\" aria-label=\"4 tr\u00ean 4\"><figure class=\"swiper-slide-inner\"><img decoding=\"async\" class=\"swiper-slide-image\" src=\"https:\/\/opfe.vn\/wp-content\/uploads\/2022\/12\/Setup-7.jpg\" alt=\"Setup (7)\" \/><\/figure><\/div>\t\t\t<\/div>\n\t\t\t\t\t\t\t\n\t\t\t\t\t\t\t\t\t<\/div>\n\t\t\t\t\t\t<\/div>\n\t\t\t\t<\/div>\n\t\t\t\t\t<\/div>\n\t\t<\/div>\n\t\t\t\t\t<\/div>\n\t\t<\/section>\n\t\t\t\t<section class=\"elementor-section elementor-top-section elementor-element elementor-element-26a25bc elementor-section-boxed elementor-section-height-default elementor-section-height-default\" data-id=\"26a25bc\" data-element_type=\"section\" data-e-type=\"section\">\n\t\t\t\t\t\t<div class=\"elementor-container elementor-column-gap-no\">\n\t\t\t\t\t<div class=\"elementor-column elementor-col-100 elementor-top-column elementor-element elementor-element-5c35a23\" data-id=\"5c35a23\" data-element_type=\"column\" data-e-type=\"column\">\n\t\t\t<div class=\"elementor-widget-wrap elementor-element-populated\">\n\t\t\t\t\t\t<div class=\"elementor-element elementor-element-61b469c elementor-widget elementor-widget-text-editor\" data-id=\"61b469c\" data-element_type=\"widget\" data-e-type=\"widget\" data-widget_type=\"text-editor.default\">\n\t\t\t\t<div class=\"elementor-widget-container\">\n\t\t\t\t\t\t\t\t\t<h2 style=\"text-align: center\">Ch\u00ednh s\u00e1ch ki\u1ec3m h\u00e0ng v\u00e0 \u0111\u1ed5i tr\u1ea3 s\u1ea3n ph\u1ea9m<\/h2><p style=\"text-align: justify\"><b><span lang=\"EN-US\">1. C\u00f4ng<\/span><\/b><b><span lang=\"VI\">\u00a0ty<\/span><\/b><b><span lang=\"EN-US\">\u00a0\u0111\u1ea3m b\u1ea3o r\u1eb1ng:<\/span><\/b><\/p><ul style=\"text-align: justify\"><li><span lang=\"EN-US\">S\u1ea3n ph\u1ea9m s\u1ebd \u0111\u01b0\u1ee3c giao nguy\u00ean v\u1eb9n v\u00e0 \u0111\u00fang v\u1edbi s\u1ed1 l\u01b0\u1ee3ng \u0111\u00e3 \u0111\u1eb7t;<\/span><\/li><li><span lang=\"EN-US\">S\u1ea3n ph\u1ea9m \u0111\u01b0\u1ee3c<\/span><span lang=\"VI\">\u00a0giao \u0111\u00fang v\u1edbi m\u00f4 t\u1ea3 \u0111\u01b0\u1ee3c ghi tr\u00ean bao b\u00ec s\u1ea3n ph\u1ea9m, h\u01b0\u1edbng d\u1eabn s\u1eed d\u1ee5ng ho\u1eb7c tr\u00ean website c\u1ee7a C\u00f4ng ty t\u1ea1i th\u1eddi \u0111i\u1ec3m qu\u00fd kh\u00e1ch \u0111\u1eb7t h\u00e0ng.<\/span><\/li><\/ul><p style=\"text-align: justify\"><b><span lang=\"EN-US\">2. Ch\u00ednh s\u00e1ch ki\u1ec3m h\u00e0ng:<\/span><\/b><\/p><ul style=\"text-align: justify\"><li><span lang=\"EN-US\">Qu\u00fd kh\u00e1ch \u0111\u01b0\u1ee3c quy\u1ec1n \u0111\u1ed3ng ki\u1ec3m h\u00e0ng ho\u00e1 khi mua v\u00e0 giao nh\u1eadn h\u00e0ng ho\u00e1 tr\u1ef1c ti\u1ebfp t\u1ea1i C\u00f4ng ty ho\u1eb7c Nh\u00e0 ph\u00e2n ph\u1ed1i, C\u1ed9ng t\u00e1c vi\u00ean c\u1ee7a C\u00f4ng ty;<\/span><\/li><li><span lang=\"EN-US\">Qu\u00fd kh\u00e1ch kh\u00f4ng \u0111\u01b0\u1ee3c \u0111\u1ed3ng ki\u1ec3m h\u00e0ng ho\u00e1 khi nh\u1eadn h\u00e0ng qua \u0111\u01a1n v\u1ecb d\u1ecbch v\u1ee5 v\u1eadn chuy\u1ec3n.<\/span><\/li><\/ul><p style=\"text-align: justify\"><b><span lang=\"EN-US\">3. Ch\u00ednh s\u00e1ch \u0111\u1ed5i, tr\u1ea3 s\u1ea3n ph\u1ea9m:<\/span><\/b><\/p><ul style=\"text-align: justify\"><li><span lang=\"EN-US\">Kh\u00e1ch h\u00e0ng \u0111\u01b0\u1ee3c quy\u1ec1n y\u00eau c\u1ea7u \u0111\u1ed5i tr\u1ea3\u00a0 s\u1ea3n ph\u1ea9m trong th\u1eddi h\u1ea1n 7 ng\u00e0y sau khi nh\u1eadn \u0111\u01b0\u1ee3c h\u00e0ng v\u00e0 kh\u00f4ng ph\u1ea3i tr\u1ea3 b\u1ea5t k\u1ef3 kho\u1ea3n chi ph\u00ed n\u00e0o n\u1ebfu hai b\u00ean \u0111\u1ed3ng \u00fd x\u00e1c nh\u1eadn\u00a0y\u00eau c\u1ea7u \u0111\u1ed5i,\u00a0tr\u1ea3 l\u00e0 do l\u1ed7i c\u1ee7a s\u1ea3n ph\u1ea9m v\u00e0\/ho\u1eb7c do C\u00f4ng ty;\u00a0<\/span><\/li><li><span lang=\"EN-US\">Qu\u00fd kh\u00e1ch vui l\u00f2ng g\u1eedi email t\u1edbi \u0111\u1ecba ch\u1ec9<\/span>\u00a0<span lang=\"VI\">email<\/span><span lang=\"EN-US\">\u00a0ho\u1eb7c g\u1ecdi<\/span><span lang=\"VI\">\/nh\u1eafn tin\/viber t\u1edbi<\/span><span lang=\"EN-US\">\u00a0s\u1ed1\u00a0<\/span><span lang=\"VI\">h<\/span><span lang=\"EN-US\">otline c\u1ee7a c\u00f4ng ty \u0111\u1ec3<\/span><span lang=\"VI\">\u00a0th\u00f4ng b\u00e1o v\u1ec1 y\u00eau c\u1ea7u c\u1ee7a qu\u00fd kh\u00e1ch;<\/span><\/li><li><span lang=\"VI\">Sau khi ti\u1ebfp nh\u1eadn \u0111\u01b0\u1ee3c y\u00eau c\u1ea7u c\u1ee7a qu\u00fd kh\u00e1ch, c\u00f4ng ty s\u1ebd c\u1eed \u0111\u1ea1i li\u00ean\u00a0h\u1ec7 v\u00e0 x\u1eed l\u00fd s\u1ef1 vi\u1ec7c trong 3 ng\u00e0y\u00a0l\u00e0m vi\u1ec7c;<\/span><\/li><li><span lang=\"VI\">\u0110\u1ea1i di\u1ec7n c\u1ee7a c\u00f4ng ty v\u00e0 kh\u00e1ch h\u00e0ng\u00a0s\u1ebd c\u00f9ng l\u00e0m vi\u1ec7c v\u00e0 k\u00fd bi\u00ean b\u1ea3n x\u00e1c nh\u1eadn nguy\u00ean nh\u00e2n v\u00e0 y\u00eau c\u1ea7u \u0111\u1ed5i,\u00a0tr\u1ea3 s\u1ea3n ph\u1ea9m c\u1ee7a Kh\u00e1ch h\u00e0ng;<\/span><\/li><li><span lang=\"VI\">Tr\u01b0\u1eddng h\u1ee3p x\u00e1c nh\u1eadn nguy\u00ean nh\u00e2n ph\u1ea3i \u0111\u1ed5i,\u00a0tr\u1ea3 s\u1ea3n ph\u1ea9m l\u00e0\u00a0do l\u1ed7i\u00a0s\u1ea3n ph\u1ea9m v\u00e0\/ho\u1eb7c do C\u00f4ng ty, Kh\u00e1ch h\u00e0ng s\u1ebd\u00a0\u0111\u01b0\u1ee3c \u0111\u1ed5i s\u1ea3n ph\u1ea9m t\u01b0\u01a1ng\u00a0t\u1ef1 n\u1ebfu c\u00f2n\u00a0ho\u1eb7c nh\u1eadn l\u1ea1i ti\u1ec1n theo c\u00e1ch th\u1ee9c \u0111\u00e3 thanh to\u00e1n \u0111\u01a1n h\u00e0ng\u00a0trong v\u00f2ng 24h;<\/span><\/li><li><span lang=\"VI\">Tr\u01b0\u1eddng h\u1ee3p x\u00e1c nh\u1eadn vi\u1ec7c \u0111\u1ed5i, tr\u1ea3 s\u1ea3n ph\u1ea9m kh\u00f4ng xu\u1ea5t ph\u00e1t t\u1eeb l\u1ed7i s\u1ea3n ph\u1ea9m hay c\u1ee7a C\u00f4ng ty,\u00a0kh\u00e1ch h\u00e0ng s\u1ebd ch\u1ecbu m\u1ecdi chi ph\u00ed ph\u00e1t sinh do vi\u1ec7c \u0111\u1ed5i, tr\u1ea3 s\u1ea3n ph\u1ea9m g\u00e2y ra.<\/span><\/li><\/ul><p style=\"text-align: justify\"><b><span lang=\"EN-US\">4. M\u1ed9t s\u1ed1 l\u01b0u \u00fd chung:<\/span><\/b><\/p><ul style=\"text-align: justify\"><li><span lang=\"VI\">Kh\u00e1ch h\u00e0ng ph\u1ea3i c\u00f3 tr\u00e1ch nhi\u1ec7m s\u1eed d\u1ee5ng v\u00e0 b\u1ea3o qu\u1ea3n s\u1ea3n ph\u1ea9m theo \u0111\u00fang h\u01b0\u1edbng d\u1eabn s\u1eed d\u1ee5ng s\u1ea3n ph\u1ea9m \u0111i k\u00e8m ho\u1eb7c \u0111\u01b0\u1ee3c n\u00eau tr\u00ean website c\u1ee7a C\u00f4ng ty;<\/span><\/li><li><span lang=\"VI\">Kh\u00f4ng \u00e1p d\u1ee5ng ch\u00ednh s\u00e1ch \u0111\u1ed5i, tr\u1ea3 s\u1ea3n ph\u1ea9m\u00a0\u0111\u1ed1i v\u1edbi\u00a0c\u00e1c s\u1ea3n ph\u1ea9m mua theo\u00a0ch\u01b0\u01a1ng tr\u00ecnh \u01b0u \u0111\u00e3i;<\/span><\/li><li><span lang=\"VI\">Kh\u00e1ch h\u00e0ng ph\u1ea3i cung c\u1ea5p th\u00f4ng tin v\u1ec1 s\u1ed1 \u0111\u01a1n h\u00e0ng v\u00e0 c\u00e1c th\u00f4ng tin kh\u00e1c khi \u0111\u01b0\u1ee3c y\u00eau c\u1ea7u.<\/span><\/li><\/ul><p style=\"text-align: justify\"><b><span lang=\"EN-US\">5. C\u00f4ng ty c\u00f3 quy\u1ec1n quy\u1ebft \u0111\u1ecbnh kh\u00f4ng \u0111\u1ed5i,\u00a0tr\u1ea3 s\u1ea3n ph\u1ea9m n\u1ebfu:<\/span><\/b><\/p><ul style=\"text-align: justify\"><li><span lang=\"VI\">S\u1ea3n ph\u1ea9m \u0111\u01b0\u1ee3c s\u1eed d\u1ee5ng tr\u00e1i v\u1edbi h\u01b0\u1edbng d\u1eabn s\u1eed d\u1ee5ng m\u00e0 c\u00f4ng ty \u0111\u00e3 \u0111\u01b0a ra; ho\u1eb7c<\/span><\/li><li><span lang=\"VI\">S\u1ea3n ph\u1ea9m b\u1ecb l\u1ea1m d\u1ee5ng, b\u1ea5t c\u1ea9n hay kh\u00f4ng \u0111\u01b0\u1ee3c quan t\u00e2m, b\u1ea3o qu\u1ea3n, ho\u1eb7c b\u1ecb h\u01b0 h\u1ecfng hay trong t\u00ecnh tr\u1ea1ng b\u1ea5t th\u01b0\u1eddng (v\u00ed d\u1ee5 \u0111\u00e3 h\u1ebft h\u1ea1n s\u1eed d\u1ee5ng); ho\u1eb7c<\/span><\/li><li><span lang=\"VI\">S\u1ea3n ph\u1ea9m b\u1ecb v\u01b0\u1edbng v\u00e0o b\u1ea5t c\u1ee9 tai n\u1ea1n n\u00e0o ho\u1eb7c b\u1ecb thi\u1ec7t h\u1ea1i do nh\u1eefng ch\u1ee7 \u00fd thay \u0111\u1ed5i ho\u1eb7c ch\u1ec9nh s\u1eeda; ho\u1eb7c<\/span><\/li><li><span lang=\"VI\">S\u1ea3n ph\u1ea9m b\u1ecb hao m\u00f2n do \u0111\u01b0\u1ee3c s\u1eed d\u1ee5ng ho\u1eb7c b\u1ecb x\u00e9 sau khi ch\u00fang t\u00f4i \u0111\u00e3 giao h\u00e0ng.<\/span><\/li><\/ul><p style=\"text-align: justify\"><b><span lang=\"VI\">6. T<\/span><\/b><b><span lang=\"EN-US\">rong ph\u1ea1m vi ph\u00e1p lu\u1eadt cho ph\u00e9p, ch\u00fang t\u00f4i s\u1ebd kh\u00f4ng ch\u1ecbu b\u1ea5t c\u1ee9 tr\u00e1ch nhi\u1ec7m n\u00e0o cho t\u1ed5n th\u1ea5t, c\u00e1c kho\u1ea3n n\u1ee3, chi ph\u00ed, thi\u1ec7t h\u1ea1i ho\u1eb7c ph\u00ed ph\u00e1t sinh n\u00e0o kh\u00e1c.<\/span><\/b><\/p>\t\t\t\t\t\t\t\t<\/div>\n\t\t\t\t<\/div>\n\t\t\t\t\t<\/div>\n\t\t<\/div>\n\t\t\t\t\t<\/div>\n\t\t<\/section>\n\t\t\t\t<\/div>\n\t\t","protected":false},"excerpt":{"rendered":"<p>\/*! elementor &#8211; v3.11.2 &#8211; 22-02-2023 *\/ .elementor-heading-title{padding:0;margin:0;line-height:1}.elementor-widget-heading .elementor-heading-title[class*=elementor-size-]&gt;a{color:inherit;font-size:inherit;line-height:inherit}.elementor-widget-heading .elementor-heading-title.elementor-size-small{font-size:15px}.elementor-widget-heading .elementor-heading-title.elementor-size-medium{font-size:19px}.elementor-widget-heading .elementor-heading-title.elementor-size-large{font-size:29px}.elementor-widget-heading .elementor-heading-title.elementor-size-xl{font-size:39px}.elementor-widget-heading .elementor-heading-title.elementor-size-xxl{font-size:59px} Ki\u1ec3m h\u00e0ng v\u00e0 \u0111\u1ed5i tr\u1ea3 s\u1ea3n ph\u1ea9m Natural Excellence \/*! elementor &#8211; v3.11.2 &#8211; 22-02-2023 *\/ .elementor-widget-image-box .elementor-image-box-content{width:100%}@media (min-width:768px){.elementor-widget-image-box.elementor-position-left .elementor-image-box-wrapper,.elementor-widget-image-box.elementor-position-right .elementor-image-box-wrapper{display:flex}.elementor-widget-image-box.elementor-position-right .elementor-image-box-wrapper{text-align:right;flex-direction:row-reverse}.elementor-widget-image-box.elementor-position-left .elementor-image-box-wrapper{text-align:left;flex-direction:row}.elementor-widget-image-box.elementor-position-top .elementor-image-box-img{margin:auto}.elementor-widget-image-box.elementor-vertical-align-top .elementor-image-box-wrapper{align-items:flex-start}.elementor-widget-image-box.elementor-vertical-align-middle .elementor-image-box-wrapper{align-items:center}.elementor-widget-image-box.elementor-vertical-align-bottom .elementor-image-box-wrapper{align-items:flex-end}}@media (max-width:767px){.elementor-widget-image-box .elementor-image-box-img{margin-left:auto!important;margin-right:auto!important;margin-bottom:15px}}.elementor-widget-image-box .elementor-image-box-img{display:inline-block}.elementor-widget-image-box .elementor-image-box-title a{color:inherit}.elementor-widget-image-box .elementor-image-box-wrapper{text-align:center}.elementor-widget-image-box .elementor-image-box-description{margin:0} Nh\u1eefng n\u1ed9i dung ch\u00ednh: Nguy\u00ean t\u1eafc chung [&hellip;]<\/p>\n","protected":false},"author":1,"featured_media":0,"parent":0,"menu_order":0,"comment_status":"closed","ping_status":"closed","template":"","meta":{"site-sidebar-layout":"no-sidebar","site-content-layout":"page-builder","ast-site-content-layout":"default","site-content-style":"default","site-sidebar-style":"default","ast-global-header-display":"","ast-banner-title-visibility":"","ast-main-header-display":"","ast-hfb-above-header-display":"","ast-hfb-below-header-display":"","ast-hfb-mobile-header-display":"","site-post-title":"disabled","ast-breadcrumbs-content":"disabled","ast-featured-img":"disabled","footer-sml-layout":"","ast-disable-related-posts":"","theme-transparent-header-meta":"enabled","adv-header-id-meta":"","stick-header-meta":"","header-above-stick-meta":"","header-main-stick-meta":"","header-below-stick-meta":"","astra-migrate-meta-layouts":"default","ast-page-background-enabled":"default","ast-page-background-meta":{"desktop":{"background-color":"","background-image":"","background-repeat":"repeat","background-position":"center center","background-size":"auto","background-attachment":"scroll","background-type":"","background-media":"","overlay-type":"","overlay-color":"","overlay-opacity":"","overlay-gradient":""},"tablet":{"background-color":"","background-image":"","background-repeat":"repeat","background-position":"center center","background-size":"auto","background-attachment":"scroll","background-type":"","background-media":"","overlay-type":"","overlay-color":"","overlay-opacity":"","overlay-gradient":""},"mobile":{"background-color":"","background-image":"","background-repeat":"repeat","background-position":"center center","background-size":"auto","background-attachment":"scroll","background-type":"","background-media":"","overlay-type":"","overlay-color":"","overlay-opacity":"","overlay-gradient":""}},"ast-content-background-meta":{"desktop":{"background-color":"var(--ast-global-color-5)","background-image":"","background-repeat":"repeat","background-position":"center center","background-size":"auto","background-attachment":"scroll","background-type":"","background-media":"","overlay-type":"","overlay-color":"","overlay-opacity":"","overlay-gradient":""},"tablet":{"background-color":"var(--ast-global-color-5)","background-image":"","background-repeat":"repeat","background-position":"center center","background-size":"auto","background-attachment":"scroll","background-type":"","background-media":"","overlay-type":"","overlay-color":"","overlay-opacity":"","overlay-gradient":""},"mobile":{"background-color":"var(--ast-global-color-5)","background-image":"","background-repeat":"repeat","background-position":"center center","background-size":"auto","background-attachment":"scroll","background-type":"","background-media":"","overlay-type":"","overlay-color":"","overlay-opacity":"","overlay-gradient":""}},"footnotes":""},"class_list":["post-1305","page","type-page","status-publish","hentry"],"aioseo_notices":[],"_links":{"self":[{"href":"https:\/\/opfe.vn\/index.php\/wp-json\/wp\/v2\/pages\/1305","targetHints":{"allow":["GET"]}}],"collection":[{"href":"https:\/\/opfe.vn\/index.php\/wp-json\/wp\/v2\/pages"}],"about":[{"href":"https:\/\/opfe.vn\/index.php\/wp-json\/wp\/v2\/types\/page"}],"author":[{"embeddable":true,"href":"https:\/\/opfe.vn\/index.php\/wp-json\/wp\/v2\/users\/1"}],"replies":[{"embeddable":true,"href":"https:\/\/opfe.vn\/index.php\/wp-json\/wp\/v2\/comments?post=1305"}],"version-history":[{"count":40,"href":"https:\/\/opfe.vn\/index.php\/wp-json\/wp\/v2\/pages\/1305\/revisions"}],"predecessor-version":[{"id":2962,"href":"https:\/\/opfe.vn\/index.php\/wp-json\/wp\/v2\/pages\/1305\/revisions\/2962"}],"wp:attachment":[{"href":"https:\/\/opfe.vn\/index.php\/wp-json\/wp\/v2\/media?parent=1305"}],"curies":[{"name":"wp","href":"https:\/\/api.w.org\/{rel}","templated":true}]}}