{"id":1307,"date":"2022-10-28T02:50:39","date_gmt":"2022-10-28T02:50:39","guid":{"rendered":"https:\/\/opfe.vn\/?page_id=1307"},"modified":"2023-12-27T16:21:34","modified_gmt":"2023-12-27T09:21:34","slug":"dang-ky","status":"publish","type":"page","link":"https:\/\/opfe.vn\/index.php\/dang-ky\/","title":{"rendered":"H\u01b0\u1edbng d\u1eabn \u0111\u0103ng k\u00fd"},"content":{"rendered":"\t\t<div data-elementor-type=\"wp-page\" data-elementor-id=\"1307\" class=\"elementor elementor-1307\">\n\t\t\t\t\t\t<section class=\"elementor-section elementor-top-section elementor-element elementor-element-fb0497d elementor-section-height-min-height elementor-section-boxed elementor-section-height-default elementor-section-items-middle\" data-id=\"fb0497d\" data-element_type=\"section\" data-e-type=\"section\" data-settings=\"{&quot;background_background&quot;:&quot;classic&quot;}\">\n\t\t\t\t\t\t\t<div class=\"elementor-background-overlay\"><\/div>\n\t\t\t\t\t\t\t<div class=\"elementor-container elementor-column-gap-no\">\n\t\t\t\t\t<div class=\"elementor-column elementor-col-100 elementor-top-column elementor-element elementor-element-325f11c\" data-id=\"325f11c\" data-element_type=\"column\" data-e-type=\"column\">\n\t\t\t<div class=\"elementor-widget-wrap elementor-element-populated\">\n\t\t\t\t\t\t<div class=\"elementor-element elementor-element-25b39bd elementor-widget elementor-widget-heading\" data-id=\"25b39bd\" data-element_type=\"widget\" data-e-type=\"widget\" data-widget_type=\"heading.default\">\n\t\t\t\t<div class=\"elementor-widget-container\">\n\t\t\t\t\t<h1 class=\"elementor-heading-title elementor-size-default\">\u0110\u0103ng k\u00fd<\/h1>\t\t\t\t<\/div>\n\t\t\t\t<\/div>\n\t\t\t\t\t<\/div>\n\t\t<\/div>\n\t\t\t\t\t<\/div>\n\t\t<\/section>\n\t\t\t\t<section class=\"elementor-section elementor-top-section elementor-element elementor-element-6233d5b elementor-section-boxed elementor-section-height-default elementor-section-height-default\" data-id=\"6233d5b\" data-element_type=\"section\" data-e-type=\"section\">\n\t\t\t\t\t\t\t<div class=\"elementor-background-overlay\"><\/div>\n\t\t\t\t\t\t\t<div class=\"elementor-container elementor-column-gap-no\">\n\t\t\t\t\t<div class=\"elementor-column elementor-col-50 elementor-top-column elementor-element elementor-element-4d7ad86\" data-id=\"4d7ad86\" data-element_type=\"column\" data-e-type=\"column\">\n\t\t\t<div class=\"elementor-widget-wrap elementor-element-populated\">\n\t\t\t\t\t\t<div class=\"elementor-element elementor-element-24b4e03 elementor-widget elementor-widget-heading\" data-id=\"24b4e03\" data-element_type=\"widget\" data-e-type=\"widget\" data-widget_type=\"heading.default\">\n\t\t\t\t<div class=\"elementor-widget-container\">\n\t\t\t\t\t<h5 class=\"elementor-heading-title elementor-size-default\">Natural Excellence<\/h5>\t\t\t\t<\/div>\n\t\t\t\t<\/div>\n\t\t\t\t<div class=\"elementor-element elementor-element-7ef155e elementor-widget elementor-widget-image-box\" data-id=\"7ef155e\" data-element_type=\"widget\" data-e-type=\"widget\" data-widget_type=\"image-box.default\">\n\t\t\t\t<div class=\"elementor-widget-container\">\n\t\t\t\t\t<div class=\"elementor-image-box-wrapper\"><div class=\"elementor-image-box-content\"><h3 class=\"elementor-image-box-title\">Nh\u1eefng n\u1ed9i dung ch\u00ednh:<\/h3><\/div><\/div>\t\t\t\t<\/div>\n\t\t\t\t<\/div>\n\t\t\t\t<div class=\"elementor-element elementor-element-670d2b0 elementor-widget elementor-widget-text-editor\" data-id=\"670d2b0\" data-element_type=\"widget\" data-e-type=\"widget\" data-widget_type=\"text-editor.default\">\n\t\t\t\t<div class=\"elementor-widget-container\">\n\t\t\t\t\t\t\t\t\t<h4>H\u01b0\u1edbng d\u1eabn \u0111\u0103ng k\u00fd \u0111\u0103ng k\u00fd t\u00e0i kho\u1ea3n:<\/h4><ul><li><strong>B\u01b0\u1edbc 1: Nh\u1eadp email \u0111\u0103ng k\u00fd t\u00e0i kho\u1ea3n m\u1edbi<\/strong><\/li><li><strong>B\u01b0\u1edbc 2: X\u00e1c nh\u1eadn t\u00e0i kho\u1ea3n v\u00e0 \u0111\u1eb7t m\u1eadt kh\u1ea9u<\/strong><\/li><li><strong>B\u01b0\u1edbc 3: Nh\u1eadp m\u1eadt kh\u1ea9u cho t\u00e0i kho\u1ea3n<\/strong><\/li><li><strong>B\u01b0\u1edbc 4: Truy nh\u1eadp v\u00e0 qu\u1ea3n tr\u1ecb t\u00e0i kho\u1ea3n<\/strong><\/li><\/ul>\t\t\t\t\t\t\t\t<\/div>\n\t\t\t\t<\/div>\n\t\t\t\t\t<\/div>\n\t\t<\/div>\n\t\t\t\t<div class=\"elementor-column elementor-col-50 elementor-top-column elementor-element elementor-element-03a6bc5\" data-id=\"03a6bc5\" data-element_type=\"column\" data-e-type=\"column\">\n\t\t\t<div class=\"elementor-widget-wrap elementor-element-populated\">\n\t\t\t\t\t\t<div class=\"elementor-element elementor-element-02ae585 elementor-widget elementor-widget-image\" data-id=\"02ae585\" data-element_type=\"widget\" data-e-type=\"widget\" data-widget_type=\"image.default\">\n\t\t\t\t<div class=\"elementor-widget-container\">\n\t\t\t\t\t\t\t\t\t\t\t\t\t\t\t<img fetchpriority=\"high\" decoding=\"async\" width=\"800\" height=\"800\" src=\"https:\/\/opfe.vn\/wp-content\/uploads\/2022\/12\/OriCells-1-2.jpg\" class=\"attachment-full size-full wp-image-2636\" alt=\"\" srcset=\"https:\/\/opfe.vn\/wp-content\/uploads\/2022\/12\/OriCells-1-2.jpg 800w, https:\/\/opfe.vn\/wp-content\/uploads\/2022\/12\/OriCells-1-2-300x300.jpg 300w, https:\/\/opfe.vn\/wp-content\/uploads\/2022\/12\/OriCells-1-2-150x150.jpg 150w, https:\/\/opfe.vn\/wp-content\/uploads\/2022\/12\/OriCells-1-2-768x768.jpg 768w, https:\/\/opfe.vn\/wp-content\/uploads\/2022\/12\/OriCells-1-2-600x600.jpg 600w, https:\/\/opfe.vn\/wp-content\/uploads\/2022\/12\/OriCells-1-2-100x100.jpg 100w\" sizes=\"(max-width: 800px) 100vw, 800px\" \/>\t\t\t\t\t\t\t\t\t\t\t\t\t\t\t<\/div>\n\t\t\t\t<\/div>\n\t\t\t\t\t<\/div>\n\t\t<\/div>\n\t\t\t\t\t<\/div>\n\t\t<\/section>\n\t\t\t\t<section class=\"elementor-section elementor-top-section elementor-element elementor-element-76021eb elementor-section-boxed elementor-section-height-default elementor-section-height-default\" data-id=\"76021eb\" data-element_type=\"section\" data-e-type=\"section\" data-settings=\"{&quot;background_background&quot;:&quot;classic&quot;}\">\n\t\t\t\t\t\t<div class=\"elementor-container elementor-column-gap-no\">\n\t\t\t\t\t<div class=\"elementor-column elementor-col-100 elementor-top-column elementor-element elementor-element-86ee2c3\" data-id=\"86ee2c3\" data-element_type=\"column\" data-e-type=\"column\">\n\t\t\t<div class=\"elementor-widget-wrap elementor-element-populated\">\n\t\t\t\t\t\t<div class=\"elementor-element elementor-element-258d69a elementor-widget elementor-widget-image-carousel\" data-id=\"258d69a\" data-element_type=\"widget\" data-e-type=\"widget\" data-settings=\"{&quot;slides_to_show&quot;:&quot;1&quot;,&quot;navigation&quot;:&quot;none&quot;,&quot;autoplay&quot;:&quot;yes&quot;,&quot;pause_on_hover&quot;:&quot;yes&quot;,&quot;pause_on_interaction&quot;:&quot;yes&quot;,&quot;autoplay_speed&quot;:5000,&quot;infinite&quot;:&quot;yes&quot;,&quot;effect&quot;:&quot;slide&quot;,&quot;speed&quot;:500}\" data-widget_type=\"image-carousel.default\">\n\t\t\t\t<div class=\"elementor-widget-container\">\n\t\t\t\t\t\t\t<div class=\"elementor-image-carousel-wrapper swiper\" role=\"region\" aria-roledescription=\"carousel\" aria-label=\"B\u0103ng chuy\u1ec1n h\u00ecnh \u1ea3nh\" dir=\"ltr\">\n\t\t\t<div class=\"elementor-image-carousel swiper-wrapper swiper-image-stretch\" aria-live=\"off\">\n\t\t\t\t\t\t\t\t<div class=\"swiper-slide\" role=\"group\" aria-roledescription=\"slide\" aria-label=\"1 tr\u00ean 4\"><figure class=\"swiper-slide-inner\"><img decoding=\"async\" class=\"swiper-slide-image\" src=\"https:\/\/opfe.vn\/wp-content\/uploads\/2022\/12\/Setup-7.jpg\" alt=\"Setup (7)\" \/><\/figure><\/div><div class=\"swiper-slide\" role=\"group\" aria-roledescription=\"slide\" aria-label=\"2 tr\u00ean 4\"><figure class=\"swiper-slide-inner\"><img decoding=\"async\" class=\"swiper-slide-image\" src=\"https:\/\/opfe.vn\/wp-content\/uploads\/2022\/12\/Setup-32.jpg\" alt=\"Setup (32)\" \/><\/figure><\/div><div class=\"swiper-slide\" role=\"group\" aria-roledescription=\"slide\" aria-label=\"3 tr\u00ean 4\"><figure class=\"swiper-slide-inner\"><img decoding=\"async\" class=\"swiper-slide-image\" src=\"https:\/\/opfe.vn\/wp-content\/uploads\/2022\/12\/Setup-23.jpg\" alt=\"Setup (23)\" \/><\/figure><\/div><div class=\"swiper-slide\" role=\"group\" aria-roledescription=\"slide\" aria-label=\"4 tr\u00ean 4\"><figure class=\"swiper-slide-inner\"><img decoding=\"async\" class=\"swiper-slide-image\" src=\"https:\/\/opfe.vn\/wp-content\/uploads\/2022\/12\/Setup-86.jpg\" alt=\"Setup (86)\" \/><\/figure><\/div>\t\t\t<\/div>\n\t\t\t\t\t\t\t\n\t\t\t\t\t\t\t\t\t<\/div>\n\t\t\t\t\t\t<\/div>\n\t\t\t\t<\/div>\n\t\t\t\t\t<\/div>\n\t\t<\/div>\n\t\t\t\t\t<\/div>\n\t\t<\/section>\n\t\t\t\t<section class=\"elementor-section elementor-top-section elementor-element elementor-element-26a25bc elementor-section-boxed elementor-section-height-default elementor-section-height-default\" data-id=\"26a25bc\" data-element_type=\"section\" data-e-type=\"section\">\n\t\t\t\t\t\t<div class=\"elementor-container elementor-column-gap-no\">\n\t\t\t\t\t<div class=\"elementor-column elementor-col-100 elementor-top-column elementor-element elementor-element-5c35a23\" data-id=\"5c35a23\" data-element_type=\"column\" data-e-type=\"column\">\n\t\t\t<div class=\"elementor-widget-wrap elementor-element-populated\">\n\t\t\t\t\t\t<div class=\"elementor-element elementor-element-b558e88 elementor-widget elementor-widget-text-editor\" data-id=\"b558e88\" data-element_type=\"widget\" data-e-type=\"widget\" data-widget_type=\"text-editor.default\">\n\t\t\t\t<div class=\"elementor-widget-container\">\n\t\t\t\t\t\t\t\t\t<h2 style=\"text-align: center;\">H\u01b0\u1edbng d\u1eabn \u0111\u0103ng k\u00fd t\u00e0i kho\u1ea3n<\/h2><p style=\"text-align: justify;\"><strong>B\u01b0\u1edbc 1: Nh\u1eadp email \u0111\u0103ng k\u00fd t\u00e0i kho\u1ea3n m\u1edbi<\/strong><\/p><ul style=\"text-align: justify;\"><li><strong>Click <\/strong>n\u00fat <strong>\u201cMy account\u201d <\/strong><\/li><li>Nh\u1eadp \u0111\u1ecba ch\u1ec9 email c\u1ee7a b\u1ea1n v\u00e0o \u00f4 t\u01b0\u01a1ng \u1ee9ng (v\u00ed d\u1ee5 opfe@gmail.com)<\/li><li><strong>Click <\/strong>n\u00fat <strong>\u201c\u0110\u0103ng k\u00fd\u201d<\/strong><\/li><\/ul><p style=\"text-align: justify;\"><strong>\u00a0<\/strong><\/p><p style=\"text-align: justify;\"><strong>B\u01b0\u1edbc 2: X\u00e1c nh\u1eadn t\u00e0i kho\u1ea3n v\u00e0 \u0111\u1eb7t m\u1eadt kh\u1ea9u<\/strong><\/p><ul style=\"text-align: justify;\"><li><strong>M\u1edf email c\u1ee7a b\u1ea1n (v\u00ed d\u1ee5 t\u00e0i kho\u1ea3n <\/strong>opfe@gmail.com<strong> &#8211; \u0111\u1ecba ch\u1ec9 \u0111\u00e3 nh\u1eadp \u1edf b\u01b0\u1edbc 1)<\/strong><\/li><li><strong>Click link trong email: <\/strong><strong>\u201c<a href=\"https:\/\/opfe.vn\/index.php\/my-account\/lost-password\/?action=newaccount&amp;key=MyyPaNYRw0xHDaoDlf7b&amp;login=dskh.opfe\">Click \u0111\u1ec3 nh\u1eadp m\u1eadt kh\u1ea9u m\u1edbi.<\/a>\u201d<\/strong><\/li><\/ul><p style=\"text-align: justify;\"><strong>\u00a0<\/strong><\/p><p style=\"text-align: justify;\"><strong>B\u01b0\u1edbc 3: Nh\u1eadp m\u1eadt kh\u1ea9u cho t\u00e0i kho\u1ea3n<\/strong><\/p><ul style=\"text-align: justify;\"><li><strong>Nh\u1eadp m\u1eadt kh\u1ea9u c\u1ee7a b\u1ea1n v\u00e0o 2 \u00f4 t\u01b0\u01a1ng \u1ee9ng<\/strong><\/li><li><strong><em>G\u1ee3i \u00fd: M\u1eadt kh\u1ea9u ph\u1ea3i c\u00f3 \u00edt nh\u1ea5t 12 k\u00fd t\u1ef1. \u0110\u1ec3 n\u00e2ng cao \u0111\u1ed9 b\u1ea3o m\u1eadt, s\u1eed d\u1ee5ng ch\u1eef in hoa, in th\u01b0\u1eddng, ch\u1eef s\u1ed1 v\u00e0 c\u00e1c k\u00fd t\u1ef1 \u0111\u1eb7c bi\u1ec7t nh\u01b0 ! &#8221; ? $ % ^ &amp; ).<\/em><\/strong><\/li><li><strong>Click n\u00fat <\/strong><strong>\u201cL\u01afU\u201d<\/strong><\/li><\/ul><p style=\"text-align: justify;\"><strong>\u00a0<\/strong><\/p><p style=\"text-align: justify;\"><strong>B\u01b0\u1edbc 4: Truy nh\u1eadp v\u00e0 qu\u1ea3n tr\u1ecb t\u00e0i kho\u1ea3n<\/strong><\/p><ul style=\"text-align: justify;\"><li><strong>H\u1ec7 th\u1ed1ng b\u00e1o: <\/strong><strong>\u201cM\u1eadt kh\u1ea9u \u0111\u00e3 \u0111\u01b0\u1ee3c \u0111\u1eb7t l\u1ea1i th\u00e0nh c\u00f4ng\u201d<\/strong><strong>\u00a0HO\u00c0N TH\u00c0NH<\/strong><\/li><li><strong>Nh\u1eadp t\u00ean t\u00e0i kho\u1ea3n ho\u1eb7c \u0111\u1ecba ch\u1ec9 email + M\u1eadt kh\u1ea9u (m\u1edbi \u0111\u1eb7t) v\u00e0o 2 \u00f4 t\u01b0\u01a1ng \u1ee9ng <\/strong><\/li><li><strong>Click n\u00fat<\/strong><strong> \u201c\u0110\u0103ng nh\u1eadp\u201d<\/strong><\/li><\/ul><p style=\"text-align: justify;\"><strong>Trong trang th\u00f4ng tin n\u00e0y, b\u1ea1n c\u00f3 th\u1ec3 qu\u1ea3n l\u00fd c\u00e1c \u0111\u01a1n h\u00e0ng, th\u00eam ho\u1eb7c thay \u0111\u1ed5i \u0111\u1ecba ch\u1ec9 ho\u00e1 \u0111\u01a1n, \u0111\u1ecba ch\u1ec9 nh\u1eadn h\u00e0ng, c\u1eadp nh\u1eadt H\u1ecd v\u00e0 T\u00ean, t\u00ean hi\u1ec3n th\u1ecb, hay thay \u0111\u1ed5i m\u1eadt kh\u1ea9u.<\/strong><\/p>\t\t\t\t\t\t\t\t<\/div>\n\t\t\t\t<\/div>\n\t\t\t\t\t<\/div>\n\t\t<\/div>\n\t\t\t\t\t<\/div>\n\t\t<\/section>\n\t\t\t\t<\/div>\n\t\t","protected":false},"excerpt":{"rendered":"<p>\u0110\u0103ng k\u00fd Natural Excellence Nh\u1eefng n\u1ed9i dung ch\u00ednh: H\u01b0\u1edbng d\u1eabn \u0111\u0103ng k\u00fd \u0111\u0103ng k\u00fd t\u00e0i kho\u1ea3n: B\u01b0\u1edbc 1: Nh\u1eadp email \u0111\u0103ng k\u00fd t\u00e0i kho\u1ea3n m\u1edbi B\u01b0\u1edbc 2: X\u00e1c nh\u1eadn t\u00e0i kho\u1ea3n v\u00e0 \u0111\u1eb7t m\u1eadt kh\u1ea9u B\u01b0\u1edbc 3: Nh\u1eadp m\u1eadt kh\u1ea9u cho t\u00e0i kho\u1ea3n B\u01b0\u1edbc 4: Truy nh\u1eadp v\u00e0 qu\u1ea3n tr\u1ecb t\u00e0i kho\u1ea3n H\u01b0\u1edbng d\u1eabn \u0111\u0103ng [&hellip;]<\/p>\n","protected":false},"author":1,"featured_media":0,"parent":0,"menu_order":0,"comment_status":"closed","ping_status":"closed","template":"","meta":{"site-sidebar-layout":"no-sidebar","site-content-layout":"page-builder","ast-site-content-layout":"default","site-content-style":"default","site-sidebar-style":"default","ast-global-header-display":"","ast-banner-title-visibility":"","ast-main-header-display":"","ast-hfb-above-header-display":"","ast-hfb-below-header-display":"","ast-hfb-mobile-header-display":"","site-post-title":"disabled","ast-breadcrumbs-content":"disabled","ast-featured-img":"disabled","footer-sml-layout":"","ast-disable-related-posts":"","theme-transparent-header-meta":"enabled","adv-header-id-meta":"","stick-header-meta":"","header-above-stick-meta":"","header-main-stick-meta":"","header-below-stick-meta":"","astra-migrate-meta-layouts":"default","ast-page-background-enabled":"default","ast-page-background-meta":{"desktop":{"background-color":"","background-image":"","background-repeat":"repeat","background-position":"center center","background-size":"auto","background-attachment":"scroll","background-type":"","background-media":"","overlay-type":"","overlay-color":"","overlay-opacity":"","overlay-gradient":""},"tablet":{"background-color":"","background-image":"","background-repeat":"repeat","background-position":"center center","background-size":"auto","background-attachment":"scroll","background-type":"","background-media":"","overlay-type":"","overlay-color":"","overlay-opacity":"","overlay-gradient":""},"mobile":{"background-color":"","background-image":"","background-repeat":"repeat","background-position":"center center","background-size":"auto","background-attachment":"scroll","background-type":"","background-media":"","overlay-type":"","overlay-color":"","overlay-opacity":"","overlay-gradient":""}},"ast-content-background-meta":{"desktop":{"background-color":"var(--ast-global-color-5)","background-image":"","background-repeat":"repeat","background-position":"center center","background-size":"auto","background-attachment":"scroll","background-type":"","background-media":"","overlay-type":"","overlay-color":"","overlay-opacity":"","overlay-gradient":""},"tablet":{"background-color":"var(--ast-global-color-5)","background-image":"","background-repeat":"repeat","background-position":"center center","background-size":"auto","background-attachment":"scroll","background-type":"","background-media":"","overlay-type":"","overlay-color":"","overlay-opacity":"","overlay-gradient":""},"mobile":{"background-color":"var(--ast-global-color-5)","background-image":"","background-repeat":"repeat","background-position":"center center","background-size":"auto","background-attachment":"scroll","background-type":"","background-media":"","overlay-type":"","overlay-color":"","overlay-opacity":"","overlay-gradient":""}},"footnotes":""},"class_list":["post-1307","page","type-page","status-publish","hentry"],"aioseo_notices":[],"_links":{"self":[{"href":"https:\/\/opfe.vn\/index.php\/wp-json\/wp\/v2\/pages\/1307","targetHints":{"allow":["GET"]}}],"collection":[{"href":"https:\/\/opfe.vn\/index.php\/wp-json\/wp\/v2\/pages"}],"about":[{"href":"https:\/\/opfe.vn\/index.php\/wp-json\/wp\/v2\/types\/page"}],"author":[{"embeddable":true,"href":"https:\/\/opfe.vn\/index.php\/wp-json\/wp\/v2\/users\/1"}],"replies":[{"embeddable":true,"href":"https:\/\/opfe.vn\/index.php\/wp-json\/wp\/v2\/comments?post=1307"}],"version-history":[{"count":49,"href":"https:\/\/opfe.vn\/index.php\/wp-json\/wp\/v2\/pages\/1307\/revisions"}],"predecessor-version":[{"id":3472,"href":"https:\/\/opfe.vn\/index.php\/wp-json\/wp\/v2\/pages\/1307\/revisions\/3472"}],"wp:attachment":[{"href":"https:\/\/opfe.vn\/index.php\/wp-json\/wp\/v2\/media?parent=1307"}],"curies":[{"name":"wp","href":"https:\/\/api.w.org\/{rel}","templated":true}]}}