{"id":1309,"date":"2022-10-28T02:51:24","date_gmt":"2022-10-28T02:51:24","guid":{"rendered":"https:\/\/opfe.vn\/?page_id=1309"},"modified":"2025-12-11T19:59:28","modified_gmt":"2025-12-11T12:59:28","slug":"bao-mat","status":"publish","type":"page","link":"https:\/\/opfe.vn\/index.php\/bao-mat\/","title":{"rendered":"Ch\u00ednh s\u00e1ch b\u1ea3o m\u1eadt th\u00f4ng tin"},"content":{"rendered":"\t\t<div data-elementor-type=\"wp-page\" data-elementor-id=\"1309\" class=\"elementor elementor-1309\">\n\t\t\t\t\t\t<section class=\"elementor-section elementor-top-section elementor-element elementor-element-fb0497d elementor-section-height-min-height elementor-section-boxed elementor-section-height-default elementor-section-items-middle\" data-id=\"fb0497d\" data-element_type=\"section\" data-e-type=\"section\" data-settings=\"{&quot;background_background&quot;:&quot;classic&quot;}\">\n\t\t\t\t\t\t\t<div class=\"elementor-background-overlay\"><\/div>\n\t\t\t\t\t\t\t<div class=\"elementor-container elementor-column-gap-no\">\n\t\t\t\t\t<div class=\"elementor-column elementor-col-100 elementor-top-column elementor-element elementor-element-325f11c\" data-id=\"325f11c\" data-element_type=\"column\" data-e-type=\"column\">\n\t\t\t<div class=\"elementor-widget-wrap elementor-element-populated\">\n\t\t\t\t\t\t<div class=\"elementor-element elementor-element-25b39bd elementor-widget elementor-widget-heading\" data-id=\"25b39bd\" data-element_type=\"widget\" data-e-type=\"widget\" data-widget_type=\"heading.default\">\n\t\t\t\t<div class=\"elementor-widget-container\">\n\t\t\t\t\t<h1 class=\"elementor-heading-title elementor-size-default\">B\u1ea3o m\u1eadt th\u00f4ng tin<\/h1>\t\t\t\t<\/div>\n\t\t\t\t<\/div>\n\t\t\t\t\t<\/div>\n\t\t<\/div>\n\t\t\t\t\t<\/div>\n\t\t<\/section>\n\t\t\t\t<section class=\"elementor-section elementor-top-section elementor-element elementor-element-6233d5b elementor-section-boxed elementor-section-height-default elementor-section-height-default\" data-id=\"6233d5b\" data-element_type=\"section\" data-e-type=\"section\">\n\t\t\t\t\t\t\t<div class=\"elementor-background-overlay\"><\/div>\n\t\t\t\t\t\t\t<div class=\"elementor-container elementor-column-gap-no\">\n\t\t\t\t\t<div class=\"elementor-column elementor-col-50 elementor-top-column elementor-element elementor-element-4d7ad86\" data-id=\"4d7ad86\" data-element_type=\"column\" data-e-type=\"column\">\n\t\t\t<div class=\"elementor-widget-wrap elementor-element-populated\">\n\t\t\t\t\t\t<div class=\"elementor-element elementor-element-24b4e03 elementor-widget elementor-widget-heading\" data-id=\"24b4e03\" data-element_type=\"widget\" data-e-type=\"widget\" data-widget_type=\"heading.default\">\n\t\t\t\t<div class=\"elementor-widget-container\">\n\t\t\t\t\t<h5 class=\"elementor-heading-title elementor-size-default\">Natural Excellence<\/h5>\t\t\t\t<\/div>\n\t\t\t\t<\/div>\n\t\t\t\t<div class=\"elementor-element elementor-element-7ef155e elementor-widget elementor-widget-image-box\" data-id=\"7ef155e\" data-element_type=\"widget\" data-e-type=\"widget\" data-widget_type=\"image-box.default\">\n\t\t\t\t<div class=\"elementor-widget-container\">\n\t\t\t\t\t<div class=\"elementor-image-box-wrapper\"><div class=\"elementor-image-box-content\"><h3 class=\"elementor-image-box-title\">Nh\u1eefng n\u1ed9i dung ch\u00ednh:<\/h3><\/div><\/div>\t\t\t\t<\/div>\n\t\t\t\t<\/div>\n\t\t\t\t<div class=\"elementor-element elementor-element-670d2b0 elementor-widget elementor-widget-text-editor\" data-id=\"670d2b0\" data-element_type=\"widget\" data-e-type=\"widget\" data-widget_type=\"text-editor.default\">\n\t\t\t\t<div class=\"elementor-widget-container\">\n\t\t\t\t\t\t\t\t\t<ol><li style=\"text-align: justify;\"><strong>M\u1ee5c \u0111\u00edch v\u00e0 ph\u1ea1m vi thu th\u1eadp th\u00f4ng tin<\/strong><\/li><li style=\"text-align: justify;\"><strong>Ph\u1ea1m vi s\u1eed d\u1ee5ng th\u00f4ng tin<\/strong><\/li><li style=\"text-align: justify;\"><strong>Th\u1eddi gian l\u01b0u tr\u1eef th\u00f4ng tin<\/strong><\/li><li style=\"text-align: justify;\"><strong>\u0110\u1ecba ch\u1ec9 c\u1ee7a \u0111\u01a1n v\u1ecb thu th\u1eadp v\u00e0 qu\u1ea3n l\u00fd th\u00f4ng tin c\u00e1 nh\u00e2n<\/strong><\/li><li style=\"text-align: justify;\"><strong>Ph\u01b0\u01a1ng ti\u1ec7n v\u00e0 c\u00f4ng c\u1ee5 \u0111\u1ec3 ng\u01b0\u1eddi d\u00f9ng ti\u1ebfp c\u1eadn v\u00e0 ch\u1ec9nh s\u1eeda d\u1eef li\u1ec7u c\u00e1 nh\u00e2n c\u1ee7a m\u00ecnh<\/strong><\/li><li style=\"text-align: justify;\"><strong>Cam k\u1ebft b\u1ea3o m\u1eadt th\u00f4ng tin c\u00e1 nh\u00e2n kh\u00e1ch h\u00e0ng<\/strong><\/li><\/ol>\t\t\t\t\t\t\t\t<\/div>\n\t\t\t\t<\/div>\n\t\t\t\t\t<\/div>\n\t\t<\/div>\n\t\t\t\t<div class=\"elementor-column elementor-col-50 elementor-top-column elementor-element elementor-element-03a6bc5\" data-id=\"03a6bc5\" data-element_type=\"column\" data-e-type=\"column\">\n\t\t\t<div class=\"elementor-widget-wrap elementor-element-populated\">\n\t\t\t\t\t\t<div class=\"elementor-element elementor-element-02ae585 elementor-widget elementor-widget-image\" data-id=\"02ae585\" data-element_type=\"widget\" data-e-type=\"widget\" data-widget_type=\"image.default\">\n\t\t\t\t<div class=\"elementor-widget-container\">\n\t\t\t\t\t\t\t\t\t\t\t\t\t\t\t<img fetchpriority=\"high\" decoding=\"async\" width=\"1080\" height=\"1080\" src=\"https:\/\/opfe.vn\/wp-content\/uploads\/2020\/03\/Detox-5.jpg\" class=\"attachment-full size-full wp-image-1486\" alt=\"\" srcset=\"https:\/\/opfe.vn\/wp-content\/uploads\/2020\/03\/Detox-5.jpg 1080w, https:\/\/opfe.vn\/wp-content\/uploads\/2020\/03\/Detox-5-300x300.jpg 300w, https:\/\/opfe.vn\/wp-content\/uploads\/2020\/03\/Detox-5-1024x1024.jpg 1024w, https:\/\/opfe.vn\/wp-content\/uploads\/2020\/03\/Detox-5-150x150.jpg 150w, https:\/\/opfe.vn\/wp-content\/uploads\/2020\/03\/Detox-5-768x768.jpg 768w, https:\/\/opfe.vn\/wp-content\/uploads\/2020\/03\/Detox-5-600x600.jpg 600w, https:\/\/opfe.vn\/wp-content\/uploads\/2020\/03\/Detox-5-100x100.jpg 100w\" sizes=\"(max-width: 1080px) 100vw, 1080px\" \/>\t\t\t\t\t\t\t\t\t\t\t\t\t\t\t<\/div>\n\t\t\t\t<\/div>\n\t\t\t\t\t<\/div>\n\t\t<\/div>\n\t\t\t\t\t<\/div>\n\t\t<\/section>\n\t\t\t\t<section class=\"elementor-section elementor-top-section elementor-element elementor-element-76021eb elementor-section-boxed elementor-section-height-default elementor-section-height-default\" data-id=\"76021eb\" data-element_type=\"section\" data-e-type=\"section\" data-settings=\"{&quot;background_background&quot;:&quot;classic&quot;}\">\n\t\t\t\t\t\t<div class=\"elementor-container elementor-column-gap-no\">\n\t\t\t\t\t<div class=\"elementor-column elementor-col-100 elementor-top-column elementor-element elementor-element-86ee2c3\" data-id=\"86ee2c3\" data-element_type=\"column\" data-e-type=\"column\">\n\t\t\t<div class=\"elementor-widget-wrap elementor-element-populated\">\n\t\t\t\t\t\t<div class=\"elementor-element elementor-element-258d69a elementor-widget elementor-widget-image-carousel\" data-id=\"258d69a\" data-element_type=\"widget\" data-e-type=\"widget\" data-settings=\"{&quot;slides_to_show&quot;:&quot;1&quot;,&quot;navigation&quot;:&quot;none&quot;,&quot;autoplay&quot;:&quot;yes&quot;,&quot;pause_on_hover&quot;:&quot;yes&quot;,&quot;pause_on_interaction&quot;:&quot;yes&quot;,&quot;autoplay_speed&quot;:5000,&quot;infinite&quot;:&quot;yes&quot;,&quot;effect&quot;:&quot;slide&quot;,&quot;speed&quot;:500}\" data-widget_type=\"image-carousel.default\">\n\t\t\t\t<div class=\"elementor-widget-container\">\n\t\t\t\t\t\t\t<div class=\"elementor-image-carousel-wrapper swiper\" role=\"region\" aria-roledescription=\"carousel\" aria-label=\"B\u0103ng chuy\u1ec1n h\u00ecnh \u1ea3nh\" dir=\"ltr\">\n\t\t\t<div class=\"elementor-image-carousel swiper-wrapper swiper-image-stretch\" aria-live=\"off\">\n\t\t\t\t\t\t\t\t<div class=\"swiper-slide\" role=\"group\" aria-roledescription=\"slide\" aria-label=\"1 tr\u00ean 4\"><figure class=\"swiper-slide-inner\"><img decoding=\"async\" class=\"swiper-slide-image\" src=\"https:\/\/opfe.vn\/wp-content\/uploads\/2022\/12\/Setup-7.jpg\" alt=\"Setup (7)\" \/><\/figure><\/div><div class=\"swiper-slide\" role=\"group\" aria-roledescription=\"slide\" aria-label=\"2 tr\u00ean 4\"><figure class=\"swiper-slide-inner\"><img decoding=\"async\" class=\"swiper-slide-image\" src=\"https:\/\/opfe.vn\/wp-content\/uploads\/2022\/12\/Setup-32.jpg\" alt=\"Setup (32)\" \/><\/figure><\/div><div class=\"swiper-slide\" role=\"group\" aria-roledescription=\"slide\" aria-label=\"3 tr\u00ean 4\"><figure class=\"swiper-slide-inner\"><img decoding=\"async\" class=\"swiper-slide-image\" src=\"https:\/\/opfe.vn\/wp-content\/uploads\/2022\/12\/Setup-23.jpg\" alt=\"Setup (23)\" \/><\/figure><\/div><div class=\"swiper-slide\" role=\"group\" aria-roledescription=\"slide\" aria-label=\"4 tr\u00ean 4\"><figure class=\"swiper-slide-inner\"><img decoding=\"async\" class=\"swiper-slide-image\" src=\"https:\/\/opfe.vn\/wp-content\/uploads\/2022\/12\/Setup-86.jpg\" alt=\"Setup (86)\" \/><\/figure><\/div>\t\t\t<\/div>\n\t\t\t\t\t\t\t\n\t\t\t\t\t\t\t\t\t<\/div>\n\t\t\t\t\t\t<\/div>\n\t\t\t\t<\/div>\n\t\t\t\t\t<\/div>\n\t\t<\/div>\n\t\t\t\t\t<\/div>\n\t\t<\/section>\n\t\t\t\t<section class=\"elementor-section elementor-top-section elementor-element elementor-element-26a25bc elementor-section-boxed elementor-section-height-default elementor-section-height-default\" data-id=\"26a25bc\" data-element_type=\"section\" data-e-type=\"section\">\n\t\t\t\t\t\t<div class=\"elementor-container elementor-column-gap-no\">\n\t\t\t\t\t<div class=\"elementor-column elementor-col-100 elementor-top-column elementor-element elementor-element-5c35a23\" data-id=\"5c35a23\" data-element_type=\"column\" data-e-type=\"column\">\n\t\t\t<div class=\"elementor-widget-wrap elementor-element-populated\">\n\t\t\t\t\t\t<div class=\"elementor-element elementor-element-bb93892 elementor-widget elementor-widget-text-editor\" data-id=\"bb93892\" data-element_type=\"widget\" data-e-type=\"widget\" data-widget_type=\"text-editor.default\">\n\t\t\t\t<div class=\"elementor-widget-container\">\n\t\t\t\t\t\t\t\t\t<h2 style=\"text-align: center;\">Ch\u00ednh s\u00e1ch b\u1ea3o m\u1eadt th\u00f4ng tin<\/h2><p style=\"text-align: justify;\"><strong>1. M\u1ee5c \u0111\u00edch\u00a0v\u00e0 ph\u1ea1m vi thu th\u1eadp th\u00f4ng tin:<\/strong><\/p><ul><li style=\"text-align: justify;\">\u0110\u1ec3 truy c\u1eadp v\u00e0 s\u1eed d\u1ee5ng m\u1ed9t s\u1ed1 d\u1ecbch v\u1ee5 t\u1ea1i website, b\u1ea1n c\u00f3 th\u1ec3 s\u1ebd \u0111\u01b0\u1ee3c y\u00eau c\u1ea7u \u0111\u0103ng k\u00fd v\u1edbi ch\u00fang t\u00f4i th\u00f4ng tin c\u00e1 nh\u00e2n (Email, H\u1ecd t\u00ean, S\u1ed1 \u0110T li\u00ean l\u1ea1c\u2026). M\u1ecdi th\u00f4ng tin khai b\u00e1o ph\u1ea3i \u0111\u1ea3m b\u1ea3o t\u00ednh ch\u00ednh x\u00e1c v\u00e0 h\u1ee3p ph\u00e1p. Ch\u00fang t\u00f4i kh\u00f4ng ch\u1ecbu m\u1ecdi tr\u00e1ch nhi\u1ec7m li\u00ean quan \u0111\u1ebfn ph\u00e1p lu\u1eadt c\u1ee7a th\u00f4ng tin khai b\u00e1o.<\/li><li style=\"text-align: justify;\">Ch\u00fang t\u00f4i thu th\u1eadp v\u00e0 s\u1eed d\u1ee5ng th\u00f4ng tin c\u00e1 nh\u00e2n b\u1ea1n v\u1edbi m\u1ee5c \u0111\u00edch ph\u00f9 h\u1ee3p v\u00e0 ho\u00e0n to\u00e0n tu\u00e2n th\u1ee7 n\u1ed9i dung c\u1ee7a \u201cCh\u00ednh s\u00e1ch b\u1ea3o m\u1eadt\u201d n\u00e0y. Khi c\u1ea7n thi\u1ebft, ch\u00fang t\u00f4i c\u00f3 th\u1ec3 s\u1eed d\u1ee5ng nh\u1eefng th\u00f4ng tin n\u00e0y \u0111\u1ec3 li\u00ean h\u1ec7 tr\u1ef1c ti\u1ebfp v\u1edbi b\u1ea1n d\u01b0\u1edbi c\u00e1c h\u00ecnh th\u1ee9c nh\u01b0: G\u1edfi th\u01b0 ng\u1ecf, \u0111\u01a1n \u0111\u1eb7t h\u00e0ng, th\u01b0 c\u1ea3m \u01a1n, th\u00f4ng tin v\u1ec1 k\u1ef9 thu\u1eadt v\u00e0 b\u1ea3o m\u1eadt\u2026<\/li><li style=\"text-align: justify;\">Trong m\u1ed9t s\u1ed1 tr\u01b0\u1eddng h\u1ee3p, ch\u00fang t\u00f4i c\u00f3 th\u1ec3 thu\u00ea m\u1ed9t \u0111\u01a1n v\u1ecb \u0111\u1ed9c l\u1eadp \u0111\u1ec3 ti\u1ebfn h\u00e0nh c\u00e1c d\u1ef1 \u00e1n nghi\u00ean c\u1ee9u th\u1ecb tr\u01b0\u1eddng v\u00e0 khi \u0111\u00f3 th\u00f4ng tin c\u1ee7a b\u1ea1n s\u1ebd \u0111\u01b0\u1ee3c cung c\u1ea5p cho \u0111\u01a1n v\u1ecb n\u00e0y \u0111\u1ec3 ti\u1ebfn h\u00e0nh d\u1ef1 \u00e1n. B\u00ean th\u1ee9 ba n\u00e0y s\u1ebd b\u1ecb r\u00e0ng bu\u1ed9c b\u1edfi m\u1ed9t th\u1ecfa thu\u1eadn v\u1ec1 b\u1ea3o m\u1eadt m\u00e0 theo \u0111\u00f3 h\u1ecd ch\u1ec9 \u0111\u01b0\u1ee3c ph\u00e9p s\u1eed d\u1ee5ng nh\u1eefng th\u00f4ng tin \u0111\u01b0\u1ee3c cung c\u1ea5p cho m\u1ee5c \u0111\u00edch ho\u00e0n th\u00e0nh d\u1ef1 \u00e1n.<\/li><\/ul><p><strong>2. Ph\u1ea1m vi s\u1eed d\u1ee5ng th\u00f4ng tin:<\/strong><\/p><ul><li style=\"text-align: justify;\">Website thu th\u1eadp v\u00e0 s\u1eed d\u1ee5ng th\u00f4ng tin c\u00e1 nh\u00e2n qu\u00fd kh\u00e1ch v\u1edbi m\u1ee5c \u0111\u00edch ph\u00f9 h\u1ee3p v\u00e0 ho\u00e0n to\u00e0n tu\u00e2n th\u1ee7 n\u1ed9i dung c\u1ee7a \u201cCh\u00ednh s\u00e1ch b\u1ea3o m\u1eadt\u201d n\u00e0y.<\/li><li style=\"text-align: justify;\">Khi c\u1ea7n thi\u1ebft, ch\u00fang t\u00f4i c\u00f3 th\u1ec3 s\u1eed d\u1ee5ng nh\u1eefng th\u00f4ng tin n\u00e0y \u0111\u1ec3 li\u00ean h\u1ec7 tr\u1ef1c ti\u1ebfp v\u1edbi b\u1ea1n d\u01b0\u1edbi c\u00e1c h\u00ecnh th\u1ee9c nh\u01b0: g\u1edfi th\u01b0 ng\u1ecf, \u0111\u01a1n \u0111\u1eb7t h\u00e0ng, th\u01b0 c\u1ea3m \u01a1n, th\u00f4ng tin v\u1ec1 k\u1ef9 thu\u1eadt v\u00e0 b\u1ea3o m\u1eadt, qu\u00fd kh\u00e1ch c\u00f3 th\u1ec3 nh\u1eadn \u0111\u01b0\u1ee3c th\u01b0 \u0111\u1ecbnh k\u1ef3 cung c\u1ea5p th\u00f4ng tin s\u1ea3n ph\u1ea9m, d\u1ecbch v\u1ee5 m\u1edbi, th\u00f4ng tin v\u1ec1 c\u00e1c s\u1ef1 ki\u1ec7n s\u1eafp t\u1edbi ho\u1eb7c th\u00f4ng tin tuy\u1ec3n d\u1ee5ng n\u1ebfu qu\u00fd kh\u00e1ch \u0111\u0103ng k\u00ed nh\u1eadn email th\u00f4ng b\u00e1o.<\/li><\/ul><p style=\"text-align: justify;\"><strong>3. Th\u1eddi gian l\u01b0u tr\u1eef th\u00f4ng tin:<\/strong><\/p><ul><li style=\"text-align: justify;\">Ngo\u1ea1i tr\u1eeb c\u00e1c tr\u01b0\u1eddng h\u1ee3p v\u1ec1 s\u1eed d\u1ee5ng th\u00f4ng tin c\u00e1 nh\u00e2n nh\u01b0 \u0111\u00e3 n\u00eau trong ch\u00ednh s\u00e1ch n\u00e0y, ch\u00fang t\u00f4i cam k\u1ebft s\u1ebd kh\u00f4ng ti\u1ebft l\u1ed9 th\u00f4ng tin c\u00e1 nh\u00e2n b\u1ea1n ra ngo\u00e0i.<\/li><li style=\"text-align: justify;\">Th\u00f4ng tin s\u1ebd \u0111\u01b0\u1ee3c l\u01b0u tr\u1eef v\u0129nh vi\u1ec5n cho \u0111\u1ebfn kh<span lang=\"EN-US\">i<\/span>\u00a0qu\u00fd kh\u00e1ch kh\u00f4ng s\u1eed d\u1ee5ng d\u1ecbch v\u1ee5 c\u1ee7a ch\u00fang t\u00f4i n\u1eefa.<\/li><\/ul><p style=\"text-align: justify;\"><strong>4. \u0110\u1ecba ch\u1ec9\u00a0c\u1ee7a \u0111\u01a1n v\u1ecb thu th\u1eadp v\u00e0 qu\u1ea3n l\u00fd th\u00f4ng tin c\u00e1 nh\u00e2n<\/strong><\/p><ul><li style=\"text-align: justify;\">C\u00d4NG TY TNHH OPFE VI\u1ec6T NAM<\/li><li style=\"text-align: justify;\">\u0110\u1ecba ch\u1ec9: 315 Ph\u1ed1 V\u1ecdng, Ph\u01b0\u1eddng T\u01b0\u01a1ng Mai, Th\u00e0nh ph\u1ed1 H\u00e0 N\u1ed9i, Vi\u1ec7t Nam<\/li><\/ul><p style=\"text-align: justify;\"><strong>5.\u00a0Ph\u01b0\u01a1ng ti\u1ec7n v\u00e0 c\u00f4ng c\u1ee5 \u0111\u1ec3 ng\u01b0\u1eddi d\u00f9ng ti\u1ebfp c\u1eadn v\u00e0 ch\u1ec9nh s\u1eeda d\u1eef li\u1ec7u c\u00e1 nh\u00e2n c\u1ee7a m\u00ecnh<\/strong><\/p><ul><li style=\"text-align: justify;\">B\u1ea5t c\u1ee9 th\u1eddi \u0111i\u1ec3m n\u00e0o b\u1ea1n c\u0169ng c\u00f3 th\u1ec3 truy c\u1eadp v\u00e0 ch\u1ec9nh s\u1eeda nh\u1eefng th\u00f4ng tin c\u00e1 nh\u00e2n c\u1ee7a m\u00ecnh theo c\u00e1c links th\u00edch h\u1ee3p m\u00e0 ch\u00fang t\u00f4i cung c\u1ea5p.<\/li><\/ul><p style=\"text-align: justify;\"><strong>6. Cam k\u1ebft b\u1ea3o m\u1eadt th\u00f4ng tin c\u00e1 nh\u00e2n kh\u00e1ch h\u00e0ng:<\/strong><\/p><ul><li style=\"text-align: justify;\">Ch\u00fang t\u00f4i cam k\u1ebft b\u1ea3o m\u1eadt th\u00f4ng tin c\u00e1 nh\u00e2n c\u1ee7a b\u1ea1n b\u1eb1ng m\u1ecdi c\u00e1ch th\u1ee9c c\u00f3 th\u1ec3. Ch\u00fang t\u00f4i s\u1ebd s\u1eed d\u1ee5ng nhi\u1ec1u c\u00f4ng ngh\u1ec7 b\u1ea3o m\u1eadt th\u00f4ng tin kh\u00e1c nhau nh\u1eb1m b\u1ea3o v\u1ec7 th\u00f4ng tin n\u00e0y kh\u00f4ng b\u1ecb truy l\u1ee5c, s\u1eed d\u1ee5ng ho\u1eb7c ti\u1ebft l\u1ed9 ngo\u00e0i \u00fd mu\u1ed1n.<\/li><li style=\"text-align: justify;\">Ch\u00fang t\u00f4i khuy\u1ebfn c\u00e1o b\u1ea1n n\u00ean b\u1ea3o m\u1eadt c\u00e1c th\u00f4ng tin li\u00ean quan \u0111\u1ebfn m\u1eadt kh\u1ea9u truy xu\u1ea5t c\u1ee7a b\u1ea1n v\u00e0 kh\u00f4ng n\u00ean chia s\u1ebb v\u1edbi b\u1ea5t k\u1ef3 ng\u01b0\u1eddi n\u00e0o kh\u00e1c. N\u1ebfu s\u1eed d\u1ee5ng m\u00e1y t\u00ednh chung nhi\u1ec1u ng\u01b0\u1eddi, b\u1ea1n n\u00ean \u0111\u0103ng xu\u1ea5t, ho\u1eb7c tho\u00e1t h\u1ebft t\u1ea5t c\u1ea3 c\u1eeda s\u1ed5 Website \u0111ang m\u1edf.<\/li><\/ul>\t\t\t\t\t\t\t\t<\/div>\n\t\t\t\t<\/div>\n\t\t\t\t\t<\/div>\n\t\t<\/div>\n\t\t\t\t\t<\/div>\n\t\t<\/section>\n\t\t\t\t<\/div>\n\t\t","protected":false},"excerpt":{"rendered":"<p>B\u1ea3o m\u1eadt th\u00f4ng tin Natural Excellence Nh\u1eefng n\u1ed9i dung ch\u00ednh: M\u1ee5c \u0111\u00edch v\u00e0 ph\u1ea1m vi thu th\u1eadp th\u00f4ng tin Ph\u1ea1m vi s\u1eed d\u1ee5ng th\u00f4ng tin Th\u1eddi gian l\u01b0u tr\u1eef th\u00f4ng tin \u0110\u1ecba ch\u1ec9 c\u1ee7a \u0111\u01a1n v\u1ecb thu th\u1eadp v\u00e0 qu\u1ea3n l\u00fd th\u00f4ng tin c\u00e1 nh\u00e2n Ph\u01b0\u01a1ng ti\u1ec7n v\u00e0 c\u00f4ng c\u1ee5 \u0111\u1ec3 ng\u01b0\u1eddi d\u00f9ng ti\u1ebfp c\u1eadn [&hellip;]<\/p>\n","protected":false},"author":1,"featured_media":0,"parent":0,"menu_order":0,"comment_status":"closed","ping_status":"closed","template":"","meta":{"site-sidebar-layout":"no-sidebar","site-content-layout":"page-builder","ast-site-content-layout":"default","site-content-style":"default","site-sidebar-style":"default","ast-global-header-display":"","ast-banner-title-visibility":"","ast-main-header-display":"","ast-hfb-above-header-display":"","ast-hfb-below-header-display":"","ast-hfb-mobile-header-display":"","site-post-title":"disabled","ast-breadcrumbs-content":"disabled","ast-featured-img":"disabled","footer-sml-layout":"","ast-disable-related-posts":"","theme-transparent-header-meta":"enabled","adv-header-id-meta":"","stick-header-meta":"","header-above-stick-meta":"","header-main-stick-meta":"","header-below-stick-meta":"","astra-migrate-meta-layouts":"default","ast-page-background-enabled":"default","ast-page-background-meta":{"desktop":{"background-color":"","background-image":"","background-repeat":"repeat","background-position":"center center","background-size":"auto","background-attachment":"scroll","background-type":"","background-media":"","overlay-type":"","overlay-color":"","overlay-opacity":"","overlay-gradient":""},"tablet":{"background-color":"","background-image":"","background-repeat":"repeat","background-position":"center center","background-size":"auto","background-attachment":"scroll","background-type":"","background-media":"","overlay-type":"","overlay-color":"","overlay-opacity":"","overlay-gradient":""},"mobile":{"background-color":"","background-image":"","background-repeat":"repeat","background-position":"center center","background-size":"auto","background-attachment":"scroll","background-type":"","background-media":"","overlay-type":"","overlay-color":"","overlay-opacity":"","overlay-gradient":""}},"ast-content-background-meta":{"desktop":{"background-color":"var(--ast-global-color-5)","background-image":"","background-repeat":"repeat","background-position":"center center","background-size":"auto","background-attachment":"scroll","background-type":"","background-media":"","overlay-type":"","overlay-color":"","overlay-opacity":"","overlay-gradient":""},"tablet":{"background-color":"var(--ast-global-color-5)","background-image":"","background-repeat":"repeat","background-position":"center center","background-size":"auto","background-attachment":"scroll","background-type":"","background-media":"","overlay-type":"","overlay-color":"","overlay-opacity":"","overlay-gradient":""},"mobile":{"background-color":"var(--ast-global-color-5)","background-image":"","background-repeat":"repeat","background-position":"center center","background-size":"auto","background-attachment":"scroll","background-type":"","background-media":"","overlay-type":"","overlay-color":"","overlay-opacity":"","overlay-gradient":""}},"footnotes":""},"class_list":["post-1309","page","type-page","status-publish","hentry"],"aioseo_notices":[],"_links":{"self":[{"href":"https:\/\/opfe.vn\/index.php\/wp-json\/wp\/v2\/pages\/1309","targetHints":{"allow":["GET"]}}],"collection":[{"href":"https:\/\/opfe.vn\/index.php\/wp-json\/wp\/v2\/pages"}],"about":[{"href":"https:\/\/opfe.vn\/index.php\/wp-json\/wp\/v2\/types\/page"}],"author":[{"embeddable":true,"href":"https:\/\/opfe.vn\/index.php\/wp-json\/wp\/v2\/users\/1"}],"replies":[{"embeddable":true,"href":"https:\/\/opfe.vn\/index.php\/wp-json\/wp\/v2\/comments?post=1309"}],"version-history":[{"count":50,"href":"https:\/\/opfe.vn\/index.php\/wp-json\/wp\/v2\/pages\/1309\/revisions"}],"predecessor-version":[{"id":4461,"href":"https:\/\/opfe.vn\/index.php\/wp-json\/wp\/v2\/pages\/1309\/revisions\/4461"}],"wp:attachment":[{"href":"https:\/\/opfe.vn\/index.php\/wp-json\/wp\/v2\/media?parent=1309"}],"curies":[{"name":"wp","href":"https:\/\/api.w.org\/{rel}","templated":true}]}}