{"id":1668,"date":"2022-12-02T10:07:46","date_gmt":"2022-12-02T03:07:46","guid":{"rendered":"https:\/\/opfe.vn\/?post_type=product&#038;p=1668"},"modified":"2026-01-07T18:03:07","modified_gmt":"2026-01-07T11:03:07","slug":"lionsmus","status":"publish","type":"product","link":"https:\/\/opfe.vn\/index.php\/product\/lionsmus\/","title":{"rendered":"Th\u1ef1c ph\u1ea9m BVSK OPFE LionsMUS extra capsules, Hungary (N\u1ea5m B\u1eddm S\u01b0 T\u1eed)"},"content":{"rendered":"<p style=\"text-align: justify;\"><em>N\u1ea5m B\u1eddm S\u01b0 T\u1eed hay c\u00f2n g\u1ecdi l\u00e0 n\u1ea5m H\u1ea7u Th\u1ee7 (<a href=\"https:\/\/en.wikipedia.org\/wiki\/Hericium_erinaceus\">Lion\u2019s Mane<\/a>) c\u00f3 h\u00ecnh d\u1ea1ng x\u00f9 x\u00ec nh\u01b0 b\u1eddm s\u01b0 t\u1eed, c\u00f3 th\u1ec3 \u0103n s\u1ed1ng, s\u1ea5y kh\u00f4 ho\u1eb7c ng\u00e2m nh\u01b0 m\u1ed9t lo\u1ea1i tr\u00e0. Lo\u1ea1i n\u1ea5m n\u00e0y ch\u1ee9a nhi\u1ec1u ho\u1ea1t ch\u1ea5t sinh h\u1ecdc c\u00f3 t\u00e1c d\u1ee5ng t\u1ed1t \u0111\u1ed1i v\u1edbi c\u01a1 th\u1ec3, \u0111\u1eb7c bi\u1ec7t l\u00e0 n\u00e3o, tim v\u00e0 ru\u1ed9t. Hai h\u1ee3p ch\u1ea5t \u0111\u1eb7c bi\u1ec7t hericenones v\u00e0 erinacines \u0111\u01b0\u1ee3c t\u00ecm th\u1ea5y trong n\u1ea5m B\u1eddm S\u01b0 T\u1eed \u0111\u01b0\u1ee3c ch\u1ee9ng minh c\u00f3 th\u1ec3 k\u00edch th\u00edch s\u1ef1 ph\u00e1t tri\u1ec3n c\u1ee7a t\u1ebf b\u00e0o n\u00e3o, <a href=\"https:\/\/www.jstage.jst.go.jp\/article\/biomedres\/40\/4\/40_125\/_article\">c\u1ea3i thi\u1ec7n ho\u1ea1t \u0111\u1ed9ng c\u1ee7a v\u00f9ng h\u1ea3i m\u00e3 gi\u00fap c\u1ea3i thi\u1ec7n kh\u1ea3 n\u0103ng ghi nh\u1edb<\/a>.<\/em><\/p>\n<p style=\"text-align: justify;\"><span style=\"color: #ff0000;\"><strong>Th\u1ef1c ph\u1ea9m BVSK OPFE LionsMUS extra capsules<\/strong><\/span> \u0111\u01b0\u1ee3c s\u1ea3n xu\u1ea5t t\u1ea1i Hungary (MADE IN EU), t\u1eeb ngu\u1ed3n nguy\u00ean li\u1ec7u 100% t\u1ef1 nhi\u00ean, \u0111\u00e1p \u1ee9ng \u0111\u1ea7y \u0111\u1ee7 c\u00e1c ti\u00eau chu\u1ea9n kh\u1eaft khe c\u1ee7a Ch\u00e2u \u00c2u. Th\u01b0\u01a1ng hi\u1ec7u OPFE \u0111\u00e3 \u0111\u01b0\u1ee3c c\u1ea5p gi\u1ea5y ch\u1ee9ng nh\u1eadn b\u1ea3o h\u1ed9 nh\u00e3n hi\u1ec7u \u0111\u1ed9c quy\u1ec1n t\u1ea1i EU v\u00e0 Vi\u1ec7t Nam. S\u1ea3n ph\u1ea9m \u0111\u01b0\u1ee3c c\u1ea5p ph\u00e9p l\u01b0u h\u00e0nh t\u1ea1i Ch\u00e2u \u00c2u b\u1edfi<a href=\"https:\/\/opfe.eu\"> C\u00f4ng ty OPFE KFT. HUNGARY.<\/a><a href=\"https:\/\/opfe.vn\/wp-content\/uploads\/2022\/12\/lion1.jpg\"><img fetchpriority=\"high\" decoding=\"async\" class=\"aligncenter wp-image-3357 size-full\" src=\"https:\/\/opfe.vn\/wp-content\/uploads\/2022\/12\/lion1.jpg\" alt=\"\" width=\"1200\" height=\"675\" srcset=\"https:\/\/opfe.vn\/wp-content\/uploads\/2022\/12\/lion1.jpg 1200w, https:\/\/opfe.vn\/wp-content\/uploads\/2022\/12\/lion1-300x169.jpg 300w, https:\/\/opfe.vn\/wp-content\/uploads\/2022\/12\/lion1-1024x576.jpg 1024w, https:\/\/opfe.vn\/wp-content\/uploads\/2022\/12\/lion1-768x432.jpg 768w, https:\/\/opfe.vn\/wp-content\/uploads\/2022\/12\/lion1-600x338.jpg 600w\" sizes=\"(max-width: 1200px) 100vw, 1200px\" \/><\/a><\/p>\n<p style=\"text-align: justify;\"><b>Th\u00e0nh ph\u1ea7n<\/b><span style=\"font-weight: 400;\">: <a href=\"https:\/\/en.wikipedia.org\/wiki\/Hericium_erinaceus\">Chi\u1ebft xu\u1ea5t n\u1ea5m B\u1eddm S\u01b0 T\u1eed<\/a> (Lion\u2019s Mane extract, 40% Polysaccharide), Chi\u00ea\u0301t xu\u00e2\u0301t Nha\u0302n Sa\u0302m Siberia (Eleuthero extract), Chi\u00ea\u0301t xu\u00e2\u0301t y\u00ea\u0301n ma\u0323ch (Avena Sativa extract), L-arginine, Coenzyme Q10 98%, Piperin 98%. Phu\u0323 li\u1eb9\u0302u: Vo\u0309 nang th\u01b0\u0323c v\u1ea1\u0302t HPMC (Hydroxypropyl Methylcellulose).<\/span><\/p>\n<p><strong>C\u00f4ng d\u1ee5ng: <\/strong><span style=\"font-size: 16px;\">Gi\u00fap t\u0103ng c\u01b0\u1eddng s\u1ee9c kho\u1ebb, gi\u1ea3m m\u1ec7t m\u1ecfi. H\u1ed7 tr\u1ee3 c\u1ea3i thi\u1ec7n ch\u1ee9ng suy gi\u1ea3m nh\u1eadn th\u1ee9c nh\u1eb9.<\/span><\/p>\n<p style=\"text-align: justify;\"><b>\u0110\u1ed1i t\u01b0\u1ee3ng<\/b><span style=\"font-weight: 400;\">: Ng\u01b0\u1eddi tr\u01b0\u1edfng th\u00e0nh.<\/span><\/p>\n<p style=\"text-align: justify;\"><b>Li\u1ec1u d\u00f9ng<\/b><span style=\"font-weight: 400;\">: <\/span><span style=\"font-size: 16px; font-weight: 400;\">U\u1ed1ng 1-2 vi\u00ean\/ng\u00e0y sau \u0103n s\u00e1ng v\u00e0\/ho\u1eb7c sau \u0103n tr\u01b0a v\u1edbi nhi\u1ec1u n\u01b0\u1edbc ho\u1eb7c theo ch\u1ec9 d\u1eabn c\u1ee7a chuy\u00ean gia ch\u0103m s\u00f3c s\u1ee9c kh\u1ecfe. Kh\u00f4ng s\u1eed d\u1ee5ng nhi\u1ec1u h\u01a1n li\u1ec1u khuy\u1ebfn ngh\u1ecb m\u1ed7i ng\u00e0y.<\/span><\/p>\n<p style=\"text-align: justify;\"><b>L\u01b0u \u00fd: <\/b><\/p>\n<ul style=\"text-align: justify;\">\n<li style=\"font-weight: 400;\" aria-level=\"1\"><span style=\"font-weight: 400;\">Ba\u0309o qua\u0309n no\u031bi kho\u0302 ra\u0301o, thoa\u0301ng ma\u0301t. \u0110\u00ea\u0309 xa t\u00e2\u0300m tay tre\u0309 em.<\/span><\/li>\n<li style=\"font-weight: 400;\" aria-level=\"1\"><strong>Th\u01b0\u0323c ph\u00e2\u0309m na\u0300y kho\u0302ng pha\u0309i la\u0300 thu\u00f4\u0301c v\u00e0 kho\u0302ng co\u0301 ta\u0301c du\u0323ng thay th\u00ea\u0301 thu\u00f4\u0301c ch\u01b0\u0303a b\u1eb9\u0302nh.<\/strong><\/li>\n<li style=\"font-weight: 400;\" aria-level=\"1\"><span style=\"font-weight: 400;\">Kho\u0302ng du\u0300ng cho ngu\u031b\u01a1\u0300i vi\u00eam th\u1eadn, ng\u01b0\u1eddi m\u00e2\u0303n ca\u0309m, kie\u0302ng ky\u0323 v\u01a1\u0301i b\u00e2\u0301t ky\u0300 tha\u0300nh ph\u00e2\u0300n na\u0300o cu\u0309a sa\u0309n ph\u00e2\u0309m.<\/span><\/li>\n<li style=\"font-weight: 400;\" aria-level=\"1\"><span style=\"font-weight: 400;\">Phu\u0323 n\u01b0\u0303 mang thai, ngu\u031b\u01a1\u0300i \u0111ang s\u01b0\u0309 du\u0323ng thu\u00f4\u0301c tham kha\u0309o y\u0301 ki\u00ea\u0301n cu\u0309a chuye\u0302n gia y t\u00ea\u0301 tru\u031b\u01a1\u0301c khi du\u0300ng.<\/span><\/li>\n<li style=\"font-weight: 400;\" aria-level=\"1\"><span style=\"font-weight: 400;\">Th\u01b0\u0323c ph\u00e2\u0309m ch\u01b0\u0301c na\u0306ng kho\u0302ng thay th\u00ea\u0301 ch\u00ea\u0301 \u0111\u1ecd\u0302 a\u0306n u\u00f4\u0301ng ca\u0302n b\u0103\u0300ng va\u0300 l\u00f4\u0301i s\u00f4\u0301ng la\u0300nh ma\u0323nh.<\/span><\/li>\n<\/ul>\n<p><strong>Th\u01b0\u01a1ng nh\u00e2n nh\u1eadp kh\u1ea9u v\u00e0 ch\u1ecbu tr\u00e1ch nhi\u1ec7m v\u1ec1 ch\u1ea5t l\u01b0\u1ee3ng s\u1ea3n ph\u1ea9m:<\/strong><\/p>\n<ul>\n<li>C\u00d4NG TY TNHH OPFE VI\u1ec6T NAM<\/li>\n<li>\u0110\u1ecba ch\u1ec9: 315 Ph\u1ed1 V\u1ecdng, Ph\u01b0\u1eddng T\u01b0\u01a1ng Mai, Th\u00e0nh Ph\u1ed1 H\u00e0 N\u1ed9i, Vi\u1ec7t Nam.<\/li>\n<\/ul>\n<p style=\"text-align: justify;\">S\u1ea3n ph\u1ea9m \u0111\u01b0\u1ee3c nh\u1eadp kh\u1ea9u v\u00e0 ph\u00e2n ph\u1ed1i \u0111\u1ed9c quy\u1ec1n t\u1ea1i Vi\u1ec7t Nam b\u1edfi C\u00f4ng ty TNHH OPFE Vi\u1ec7t Nam, gi\u1ea5y \u0110KSP s\u1ed1 <span style=\"color: #ff0000;\"><strong>9924<\/strong><strong><span style=\"color: #ff0000;\">\/<\/span>2023\/\u0110KSP<\/strong><span style=\"color: #000000;\">, <\/span><\/span>gi\u1ea5y x\u00e1c nh\u1eadn n\u1ed9i dung qu\u1ea3ng c\u00e1o s\u1ed1 <span style=\"color: #ff0000;\"><strong>89\/2024\/XNQC-ATTP <\/strong><\/span>\u0111\u01b0\u1ee3c c\u1ea5p v\u00e0 k\u00fd b\u1edfi C\u1ee5c Tr\u01b0\u1edfng, C\u1ee5c An To\u00e0n Th\u1ef1c Ph\u1ea9m \u2013 B\u1ed9 Y T\u1ebf, Vi\u1ec7t Nam.<\/p>\n<section class=\"elementor-section elementor-top-section elementor-element elementor-element-6233d5b elementor-section-boxed elementor-section-height-default elementor-section-height-default\" data-id=\"6233d5b\" data-element_type=\"section\">\n<div class=\"elementor-container elementor-column-gap-no\">\n<div class=\"elementor-column elementor-col-50 elementor-top-column elementor-element elementor-element-03a6bc5\" data-id=\"03a6bc5\" data-element_type=\"column\">\n<div class=\"elementor-widget-wrap elementor-element-populated\">\n<div class=\"elementor-element elementor-element-670d2b0 elementor-widget elementor-widget-text-editor\" data-id=\"670d2b0\" data-element_type=\"widget\" data-widget_type=\"text-editor.default\">\n<div class=\"elementor-widget-container\">\n<h4><em><span style=\"color: #ff0000;\">Xem th\u00eam c\u00e1c b\u00e0i nghi\u00ean c\u1ee9u v\u1ec1 \u201cN\u1ea5m B\u1eddm S\u01b0 T\u1eed\u201d<span style=\"color: #3366ff;\">\u00a0<strong><a style=\"color: #3366ff;\" href=\"https:\/\/opfe.vn\/index.php\/category\/suc-khoe\/\">t\u1ea1i \u0111\u00e2y.<\/a><\/strong><\/span><\/span><\/em><\/h4>\n<\/div>\n<\/div>\n<\/div>\n<\/div>\n<\/div>\n<\/section>\n<p style=\"text-align: justify;\"><strong>Li\u00ean h\u1ec7 v\u1edbi ch\u00fang t\u00f4i \u0111\u1ec3 <a href=\"https:\/\/opfe.vn\/index.php\/contact\/\">\u0111\u0103ng k\u00fd t\u01b0 v\u1ea5n mi\u1ec5n ph\u00ed<\/a> v\u00e0 bi\u1ebft th\u00eam th\u00f4ng tin chi ti\u1ebft.<\/strong><\/p>\n<table class=\"wp-list-table widefat fixed striped table-view-list forms\">\n<tbody id=\"the-list\" data-wp-lists=\"list:form\">\n<tr>\n<td class=\"shortcode column-shortcode\" data-colname=\"Shortcode\"><div class=\"wpforms-container \" id=\"wpforms-13\"><form id=\"wpforms-form-13\" class=\"wpforms-validate wpforms-form\" data-formid=\"13\" method=\"post\" enctype=\"multipart\/form-data\" action=\"\/index.php\/wp-json\/wp\/v2\/product\/1668\" data-token=\"d224a61c1307d320a43a6ceb76331d29\" data-token-time=\"1778617994\"><noscript class=\"wpforms-error-noscript\">Vui l\u00f2ng b\u1eadt JavaScript trong tr\u00ecnh duy\u1ec7t c\u1ee7a b\u1ea1n \u0111\u1ec3 ho\u00e0n th\u00e0nh Form n\u00e0y.<\/noscript><div class=\"wpforms-field-container\"><div id=\"wpforms-13-field_0-container\" class=\"wpforms-field wpforms-field-name\" data-field-id=\"0\"><label class=\"wpforms-field-label\">Name <span class=\"wpforms-required-label\">*<\/span><\/label><div class=\"wpforms-field-row wpforms-field-large\"><div class=\"wpforms-field-row-block wpforms-first wpforms-one-half\"><input type=\"text\" id=\"wpforms-13-field_0\" class=\"wpforms-field-name-first wpforms-field-required\" name=\"wpforms[fields][0][first]\" required><label for=\"wpforms-13-field_0\" class=\"wpforms-field-sublabel after\">T\u00ean<\/label><\/div><div class=\"wpforms-field-row-block wpforms-one-half\"><input type=\"text\" id=\"wpforms-13-field_0-last\" class=\"wpforms-field-name-last wpforms-field-required\" name=\"wpforms[fields][0][last]\" required><label for=\"wpforms-13-field_0-last\" class=\"wpforms-field-sublabel after\">H\u1ecd<\/label><\/div><\/div><\/div><div id=\"wpforms-13-field_1-container\" class=\"wpforms-field wpforms-field-email\" data-field-id=\"1\"><label class=\"wpforms-field-label\" for=\"wpforms-13-field_1\">Email <span class=\"wpforms-required-label\">*<\/span><\/label><input type=\"email\" id=\"wpforms-13-field_1\" class=\"wpforms-field-large wpforms-field-required\" name=\"wpforms[fields][1]\" spellcheck=\"false\" required><\/div><div id=\"wpforms-13-field_2-container\" class=\"wpforms-field wpforms-field-textarea\" data-field-id=\"2\"><label class=\"wpforms-field-label\" for=\"wpforms-13-field_2\">Message <span class=\"wpforms-required-label\">*<\/span><\/label><textarea id=\"wpforms-13-field_2\" class=\"wpforms-field-medium wpforms-field-required\" name=\"wpforms[fields][2]\" required><\/textarea><\/div><\/div><!-- .wpforms-field-container --><div class=\"wpforms-field wpforms-field-hp\"><label for=\"wpforms-13-field-hp\" class=\"wpforms-field-label\">Phone<\/label><input type=\"text\" name=\"wpforms[hp]\" id=\"wpforms-13-field-hp\" class=\"wpforms-field-medium\"><\/div><div class=\"wpforms-submit-container\" ><input type=\"hidden\" name=\"wpforms[id]\" value=\"13\"><input type=\"hidden\" name=\"page_title\" value=\"\"><input type=\"hidden\" name=\"page_url\" value=\"https:\/\/opfe.vn\/index.php\/wp-json\/wp\/v2\/product\/1668\"><input type=\"hidden\" name=\"url_referer\" value=\"\"><button type=\"submit\" name=\"wpforms[submit]\" id=\"wpforms-submit-13\" class=\"wpforms-submit\" data-alt-text=\"Sending...\" data-submit-text=\"Send\" aria-live=\"assertive\" value=\"wpforms-submit\">Send<\/button><\/div><\/form><\/div>  <!-- .wpforms-container --><\/td>\n<\/tr>\n<\/tbody>\n<\/table>\n","protected":false},"excerpt":{"rendered":"<p><em>N\u1ea5m B\u1eddm S\u01b0 T\u1eed hay c\u00f2n g\u1ecdi l\u00e0 n\u1ea5m H\u1ea7u Th\u1ee7 (Lion\u2019s Mane) c\u00f3 h\u00ecnh d\u1ea1ng x\u00f9 x\u00ec nh\u01b0 b\u1eddm s\u01b0 t\u1eed, c\u00f3 th\u1ec3 \u0103n s\u1ed1ng, s\u1ea5y kh\u00f4 ho\u1eb7c ng\u00e2m nh\u01b0 m\u1ed9t lo\u1ea1i tr\u00e0. Lo\u1ea1i n\u1ea5m n\u00e0y ch\u1ee9a nhi\u1ec1u ho\u1ea1t ch\u1ea5t sinh h\u1ecdc c\u00f3 t\u00e1c d\u1ee5ng t\u1ed1t \u0111\u1ed1i v\u1edbi c\u01a1 th\u1ec3, \u0111\u1eb7c bi\u1ec7t l\u00e0 n\u00e3o, tim v\u00e0 ru\u1ed9t. Hai h\u1ee3p ch\u1ea5t \u0111\u1eb7c bi\u1ec7t hericenones v\u00e0 erinacines \u0111\u01b0\u1ee3c t\u00ecm th\u1ea5y trong n\u1ea5m B\u1eddm S\u01b0 T\u1eed \u0111\u01b0\u1ee3c ch\u1ee9ng minh c\u00f3 th\u1ec3 k\u00edch th\u00edch s\u1ef1 ph\u00e1t tri\u1ec3n c\u1ee7a t\u1ebf b\u00e0o n\u00e3o, c\u1ea3i thi\u1ec7n ho\u1ea1t \u0111\u1ed9ng c\u1ee7a v\u00f9ng h\u1ea3i m\u00e3 gi\u00fap c\u1ea3i thi\u1ec7n kh\u1ea3 n\u0103ng ghi nh\u1edb.<\/em><\/p>\n","protected":false},"featured_media":2630,"comment_status":"open","ping_status":"closed","template":"","meta":{"site-sidebar-layout":"no-sidebar","site-content-layout":"boxed-container","ast-site-content-layout":"normal-width-container","site-content-style":"boxed","site-sidebar-style":"boxed","ast-global-header-display":"","ast-banner-title-visibility":"","ast-main-header-display":"","ast-hfb-above-header-display":"","ast-hfb-below-header-display":"","ast-hfb-mobile-header-display":"","site-post-title":"","ast-breadcrumbs-content":"","ast-featured-img":"","footer-sml-layout":"","ast-disable-related-posts":"","theme-transparent-header-meta":"default","adv-header-id-meta":"","stick-header-meta":"","header-above-stick-meta":"","header-main-stick-meta":"","header-below-stick-meta":"","astra-migrate-meta-layouts":"set","ast-page-background-enabled":"default","ast-page-background-meta":{"desktop":{"background-color":"","background-image":"","background-repeat":"repeat","background-position":"center center","background-size":"auto","background-attachment":"scroll","background-type":"","background-media":"","overlay-type":"","overlay-color":"","overlay-opacity":"","overlay-gradient":""},"tablet":{"background-color":"","background-image":"","background-repeat":"repeat","background-position":"center center","background-size":"auto","background-attachment":"scroll","background-type":"","background-media":"","overlay-type":"","overlay-color":"","overlay-opacity":"","overlay-gradient":""},"mobile":{"background-color":"","background-image":"","background-repeat":"repeat","background-position":"center center","background-size":"auto","background-attachment":"scroll","background-type":"","background-media":"","overlay-type":"","overlay-color":"","overlay-opacity":"","overlay-gradient":""}},"ast-content-background-meta":{"desktop":{"background-color":"var(--ast-global-color-5)","background-image":"","background-repeat":"repeat","background-position":"center center","background-size":"auto","background-attachment":"scroll","background-type":"","background-media":"","overlay-type":"","overlay-color":"","overlay-opacity":"","overlay-gradient":""},"tablet":{"background-color":"var(--ast-global-color-5)","background-image":"","background-repeat":"repeat","background-position":"center center","background-size":"auto","background-attachment":"scroll","background-type":"","background-media":"","overlay-type":"","overlay-color":"","overlay-opacity":"","overlay-gradient":""},"mobile":{"background-color":"var(--ast-global-color-5)","background-image":"","background-repeat":"repeat","background-position":"center center","background-size":"auto","background-attachment":"scroll","background-type":"","background-media":"","overlay-type":"","overlay-color":"","overlay-opacity":"","overlay-gradient":""}}},"product_brand":[],"product_cat":[15,16,21,389,19],"product_tag":[46,40,369,370,366,367],"class_list":{"0":"post-1668","1":"product","2":"type-product","3":"status-publish","4":"has-post-thumbnail","6":"product_cat-beauty","7":"product_cat-brain","8":"product_cat-featured","9":"product_cat-lionsmus","10":"product_cat-sales","11":"product_tag-brain-support","12":"product_tag-lions-mane","13":"product_tag-nam-bom-su-tu","14":"product_tag-nam-hau-thu","15":"product_tag-nhan-sam","16":"product_tag-q10","17":"desktop-align-left","18":"tablet-align-left","19":"mobile-align-left","21":"first","22":"instock","23":"featured","24":"shipping-taxable","25":"product-type-variable"},"aioseo_notices":[],"_links":{"self":[{"href":"https:\/\/opfe.vn\/index.php\/wp-json\/wp\/v2\/product\/1668","targetHints":{"allow":["GET"]}}],"collection":[{"href":"https:\/\/opfe.vn\/index.php\/wp-json\/wp\/v2\/product"}],"about":[{"href":"https:\/\/opfe.vn\/index.php\/wp-json\/wp\/v2\/types\/product"}],"replies":[{"embeddable":true,"href":"https:\/\/opfe.vn\/index.php\/wp-json\/wp\/v2\/comments?post=1668"}],"version-history":[{"count":4,"href":"https:\/\/opfe.vn\/index.php\/wp-json\/wp\/v2\/product\/1668\/revisions"}],"predecessor-version":[{"id":4483,"href":"https:\/\/opfe.vn\/index.php\/wp-json\/wp\/v2\/product\/1668\/revisions\/4483"}],"wp:featuredmedia":[{"embeddable":true,"href":"https:\/\/opfe.vn\/index.php\/wp-json\/wp\/v2\/media\/2630"}],"wp:attachment":[{"href":"https:\/\/opfe.vn\/index.php\/wp-json\/wp\/v2\/media?parent=1668"}],"wp:term":[{"taxonomy":"product_brand","embeddable":true,"href":"https:\/\/opfe.vn\/index.php\/wp-json\/wp\/v2\/product_brand?post=1668"},{"taxonomy":"product_cat","embeddable":true,"href":"https:\/\/opfe.vn\/index.php\/wp-json\/wp\/v2\/product_cat?post=1668"},{"taxonomy":"product_tag","embeddable":true,"href":"https:\/\/opfe.vn\/index.php\/wp-json\/wp\/v2\/product_tag?post=1668"}],"curies":[{"name":"wp","href":"https:\/\/api.w.org\/{rel}","templated":true}]}}