{"id":2247,"date":"2022-12-13T17:07:43","date_gmt":"2022-12-13T10:07:43","guid":{"rendered":"https:\/\/opfe.vn\/?post_type=product&#038;p=2247"},"modified":"2026-01-07T18:04:33","modified_gmt":"2026-01-07T11:04:33","slug":"cordycells","status":"publish","type":"product","link":"https:\/\/opfe.vn\/index.php\/product\/cordycells\/","title":{"rendered":"Th\u1ef1c ph\u1ea9m BVSK OPFE CordyCells capsules, Hungary (Combo: Ph\u00f2ng &#038; H\u1ed7 Tr\u1ee3 \u0110i\u1ec1u Tr\u1ecb B\u1ec7nh T\u1eeb G\u1ed1c)"},"content":{"rendered":"<p style=\"text-align: justify;\"><em>CordyCells l\u00e0 s\u1ef1 k\u1ebft h\u1ee3p ho\u00e0n h\u1ea3o c\u1ee7a s\u1ea3n ph\u1ea9m \u0110\u00f4ng Tr\u00f9ng H\u1ea1 Th\u1ea3o T\u00e2y T\u1ea1ng CordySIN v\u00e0 T\u0103ng Sinh T\u1ebf B\u00e0o G\u1ed1c N\u1ed9i Th\u00e2n Oricells 250. \u201cB\u1ed9 \u0111\u00f4i v\u00e0ng\u201d nh\u1eafm t\u1edbi m\u1ee5c ti\u00eau ch\u0103m s\u00f3c s\u1ee9c kho\u1ebb to\u00e0n di\u1ec7n t\u1eeb g\u1ed1c, gi\u00fap h\u1ed7 tr\u1ee3 n\u00e2ng cao kh\u1ea3 n\u0103ng t\u1ef1 ph\u00f2ng b\u1ec7nh v\u00e0 ch\u1ed1ng l\u00e3o ho\u00e1 c\u1ee7a con ng\u01b0\u1eddi qua 03 c\u01a1 ch\u1ebf: (1) t\u0103ng c\u01b0\u1eddng H\u1ec7 Mi\u1ec5n D\u1ecbch \u0111\u1ec3 ch\u1ed1ng l\u1ea1i d\u1ecbch b\u1ec7nh, (2) t\u0103ng kh\u1ea3 n\u0103ng t\u00e1i sinh b\u1eb1ng T\u1ebf B\u00e0o G\u1ed1c v\u00e0 (3) h\u1ea1 G\u1ed1c T\u1ef1 Do \u0111\u1ec3 ch\u1ed1ng c\u00e1c t\u00e1c nh\u00e2n g\u00e2y b\u1ec7nh m\u00e3n t\u00ednh.<\/em><\/p>\n<p><span style=\"font-weight: 400;\">C\u0103n c\u1ee9 c\u00e1c t\u00e0i li\u1ec7u \u0111\u00e3 \u0111\u01b0\u1ee3c c\u00f4ng b\u1ed1 v\u00e0 ch\u1ee9ng minh b\u1edfi c\u00e1c nh\u00e0 khoa h\u1ecdc, T\u0103ng sinh T\u1ebf B\u00e0o G\u1ed1c c\u00f3 c\u00f4ng d\u1ee5ng: Ph\u1ee5c h\u1ed3i sau tai n\u1ea1n, ch\u1ea5n th\u01b0\u01a1ng; Ph\u1ee5c h\u1ed3i ch\u1ee9c n\u0103ng cho b\u1ec7nh nh\u00e2n sau tai bi\u1ebfn, nh\u1ed3i m\u00e1u c\u01a1 tim; Ph\u1ee5c h\u1ed3i ch\u1ee9c n\u0103ng gan; H\u1ed7 tr\u1ee3 \u0111i\u1ec1u tr\u1ecb ung th\u01b0; Gi\u1ea3m t\u00e1c d\u1ee5ng ph\u1ee5 c\u1ee7a h\u00f3a tr\u1ecb, x\u1ea1 tr\u1ecb: ch\u1ed1ng s\u1ee5t c\u00e2n, n\u00f4n m\u1eeda, r\u1ee5ng t\u00f3c\u2026 N\u00e2ng cao ch\u1ea5t l\u01b0\u1ee3ng s\u1ed1ng c\u1ee7a b\u1ec7nh nh\u00e2n ung th\u01b0; Ch\u1ed1ng l\u00e3o h\u00f3a; Tr\u1ebb h\u00f3a da, t\u00f3c; \u0110i\u1ec1u h\u00f2a h\u1ec7 mi\u1ec5n d\u1ecbch; T\u0103ng c\u01b0\u1eddng s\u1ee9c kh\u1ecfe; Ph\u1ee5c h\u1ed3i tuy\u1ebfn t\u1ee5y, h\u1ea1 \u0111\u01b0\u1eddng huy\u1ebft.<\/span><a href=\"https:\/\/opfe.vn\/wp-content\/uploads\/2022\/12\/cordycells-1.jpg\"><img fetchpriority=\"high\" decoding=\"async\" class=\"aligncenter wp-image-3376 size-full\" src=\"https:\/\/opfe.vn\/wp-content\/uploads\/2022\/12\/cordycells-1.jpg\" alt=\"\" width=\"1200\" height=\"675\" srcset=\"https:\/\/opfe.vn\/wp-content\/uploads\/2022\/12\/cordycells-1.jpg 1200w, https:\/\/opfe.vn\/wp-content\/uploads\/2022\/12\/cordycells-1-300x169.jpg 300w, https:\/\/opfe.vn\/wp-content\/uploads\/2022\/12\/cordycells-1-1024x576.jpg 1024w, https:\/\/opfe.vn\/wp-content\/uploads\/2022\/12\/cordycells-1-768x432.jpg 768w, https:\/\/opfe.vn\/wp-content\/uploads\/2022\/12\/cordycells-1-600x338.jpg 600w\" sizes=\"(max-width: 1200px) 100vw, 1200px\" \/><\/a><\/p>\n<p style=\"text-align: justify;\"><span style=\"color: #ff0000;\"><strong>Th\u1ef1c ph\u1ea9m BVSK OPFE CordyCells capsules<\/strong> <\/span>\u0111\u01b0\u1ee3c s\u1ea3n xu\u1ea5t t\u1ea1i Hungary (MADE IN EU), t\u1eeb ngu\u1ed3n nguy\u00ean li\u1ec7u 100% t\u1ef1 nhi\u00ean, \u0111\u00e1p \u1ee9ng \u0111\u1ea7y \u0111\u1ee7 c\u00e1c ti\u00eau chu\u1ea9n kh\u1eaft khe c\u1ee7a Ch\u00e2u \u00c2u. Th\u01b0\u01a1ng hi\u1ec7u OPFE \u0111\u00e3 \u0111\u01b0\u1ee3c c\u1ea5p gi\u1ea5y ch\u1ee9ng nh\u1eadn b\u1ea3o h\u1ed9 nh\u00e3n hi\u1ec7u \u0111\u1ed9c quy\u1ec1n t\u1ea1i EU v\u00e0 Vi\u1ec7t Nam. S\u1ea3n ph\u1ea9m \u0111\u01b0\u1ee3c c\u1ea5p ph\u00e9p l\u01b0u h\u00e0nh t\u1ea1i Ch\u00e2u \u00c2u b\u1edfi<a href=\"https:\/\/opfe.eu\"> C\u00f4ng ty OPFE KFT. HUNGARY.<\/a><\/p>\n<p style=\"text-align: justify;\"><strong>Th\u00e0nh ph\u1ea7n: <\/strong><\/p>\n<ul style=\"text-align: justify;\">\n<li><strong>CordySIN: <span style=\"font-size: 16px; font-weight: 400;\">Chi\u00ea\u0301t xu\u00e2\u0301t \u0110o\u0302ng tru\u0300ng Ha\u0323 tha\u0309o (<span style=\"font-weight: 400;\"><a href=\"https:\/\/vi.wikipedia.org\/wiki\/%C4%90%C3%B4ng_tr%C3%B9ng_h%E1%BA%A1_th%E1%BA%A3o\">Cordyceps Sinensis<\/a> extract, <\/span>40% Polysaccharide), Chi\u00ea\u0301t xu\u00e2\u0301t R\u00ea\u0303 ca\u0302y M\u1ea1\u0302t Nha\u0302n (Tongkat Ali root extract), Chi\u00ea\u0301t xu\u00e2\u0301t R\u00ea\u0303 ca\u0302y Hoa\u0300ng Ky\u0300 (Astragalus root extract) (40% Polysaccharide), Chi\u00ea\u0301t xu\u00e2\u0301t Nha\u0302n sa\u0302m (Ginseng extract) (20% Ginsenoside), Chi\u00ea\u0301t xu\u00e2\u0301t Ha\u0323t nho (Grape seed extract) (80% Polyphenol), L-arginine, Coenzyme Q10 (98%), Piperin (98%).<\/span><\/strong><\/li>\n<li><span style=\"font-weight: 400;\"><strong>OriCells:<\/strong><\/span>\u00a0<span style=\"font-weight: 400;\">Chi\u1ebft xu\u1ea5t Hoa h\u00f2e (Sophora japonica extract), Coenzyme Q10 (98%), Kaempferol, Quercetin, L-carnitine, OriCells Blend: T\u1ea3o <\/span><a style=\"font-size: 16px; background-color: #ffffff;\" href=\"https:\/\/www.hindawi.com\/journals\/omcl\/2019\/9481390\/\"><span style=\"font-weight: 400;\">Aphanizomenon Flos-Aquae extract<\/span><\/a><span style=\"font-weight: 400;\">, <\/span><a style=\"font-size: 16px; background-color: #ffffff;\" href=\"https:\/\/www.mdpi.com\/1660-3397\/17\/1\/32\/htm\"><span style=\"font-weight: 400;\">Fucoidan (brown algae extract)<\/span><\/a><span style=\"font-weight: 400;\">, H\u1eafc Mai Bi\u1ec3n (<\/span><a style=\"font-size: 16px; background-color: #ffffff;\" href=\"https:\/\/www.frontiersin.org\/articles\/10.3389\/fphar.2018.00232\/full\"><span style=\"font-weight: 400;\">Sea Buckhorn extract 10:1<\/span><\/a><span style=\"font-weight: 400;\">), T\u1ea3o xo\u1eafn (Spirulina extract), Fruit Extracts Blend: Chi\u1ebft xu\u1ea5t r\u1ec5 S\u00e2m \u1ea4n \u0110\u1ed9 (Ashwagandha root extract), chi\u1ebft xu\u1ea5t Cam \u0111\u1eafng (Bitter Orange extract), chi\u1ebft xu\u1ea5t Qu\u1ea3 M\u00e2m x\u00f4i \u0111en (Blackberry), <\/span><a style=\"font-size: 16px; background-color: #ffffff;\" href=\"https:\/\/www.mdpi.com\/1420-3049\/26\/20\/6123\/htm\"><span style=\"font-weight: 400;\">EGCG 50%<\/span><\/a><span style=\"font-weight: 400;\">, K\u1ef7 t\u1eed (Goji berry), Chi\u1ebft xu\u1ea5t H\u1ea1t nho (Grape seed extract), Th\u00e0nh ph\u1ea7n kh\u00e1c: Chi\u1ebft xu\u1ea5t C\u1ecf linh l\u0103ng (Alfalfa), Ho\u00e0ng k\u1ef3 (Astragalus), Chlorophyll, N\u1ea5m linh chi (Ganoderma Lucidum), Chi\u1ebft xu\u1ea5t Nh\u1ee5y hoa Ngh\u1ec7 T\u00e2y (<\/span><a style=\"font-size: 16px; background-color: #ffffff;\" href=\"https:\/\/www.sciencedirect.com\/science\/article\/pii\/S0753332218335753?via%3Dihub\"><span style=\"font-weight: 400;\">Saffron extract 10:1<\/span><\/a><span style=\"font-weight: 400;\">).<\/span><\/li>\n<\/ul>\n<p style=\"text-align: justify;\"><strong>\u0110\u1ed1i t\u01b0\u1ee3ng: <\/strong><\/p>\n<ul style=\"text-align: justify;\">\n<li><span style=\"font-weight: 400;\">Ng\u01b0\u1eddi kh\u1ecfe m\u1ea1nh ph\u00f2ng b\u1ec7nh, ch\u1ed1ng l\u00e3o ho\u00e1. Ng\u01b0\u1eddi b\u1ecb d\u1ecb \u1ee9ng, suy y\u1ebfu h\u1ec7 mi\u1ec5n d\u1ecbch, ng\u01b0\u1eddi b\u1ec7nh ung th\u01b0, tai bi\u1ebfn, ti\u1ec3u \u0111\u01b0\u1eddng, tim m\u1ea1ch, suy gan, th\u1eadn, ng\u01b0\u1eddi hay \u1ed1m y\u1ebfu, ng\u01b0\u1eddi ph\u1ee5c h\u1ed3i sau khi m\u1ed5, y\u1ebfu sinh l\u00fd, hi\u1ebfm mu\u1ed9n, ng\u01b0\u1eddi cao cholesterol m\u1ee1 m\u00e1u.<\/span><\/li>\n<\/ul>\n<p style=\"text-align: justify;\"><strong>Li\u1ec1u d\u00f9ng: <\/strong><\/p>\n<ul style=\"text-align: justify;\">\n<li><span style=\"font-weight: 400;\"><strong>CordySIN:<\/strong> U\u1ed1ng 1-2 vi\u00ean\/ng\u00e0y tr\u01b0\u1edbc \u0103n s\u00e1ng v\u00e0\/ho\u1eb7c tr\u01b0\u1edbc \u0103n tr\u01b0a v\u1edbi nhi\u1ec1u n\u01b0\u1edbc ho\u1eb7c theo ch\u1ec9 d\u1eabn c\u1ee7a chuy\u00ean gia ch\u0103m s\u00f3c s\u1ee9c kh\u1ecfe (U\u1ed1ng sau \u0103n n\u1ebfu b\u1ecb \u0111au d\u1ea1 d\u00e0y).<\/span><\/li>\n<li><span style=\"font-weight: 400;\"><strong>OriCells:<\/strong> U\u1ed1ng 1-2 vi\u00ean\/l\u1ea7n, ng\u00e0y 2 l\u1ea7n sau \u0103n s\u00e1ng, \u0103n tr\u01b0a v\u1edbi nhi\u1ec1u n\u01b0\u1edbc ho\u1eb7c theo ch\u1ec9 d\u1eabn c\u1ee7a chuy\u00ean gia ch\u0103m s\u00f3c s\u1ee9c kh\u1ecfe.<\/span><\/li>\n<\/ul>\n<p style=\"text-align: justify;\"><strong>L\u01b0u \u00fd: <\/strong><\/p>\n<ul style=\"text-align: justify;\">\n<li style=\"font-weight: 400;\" aria-level=\"1\"><span style=\"font-weight: 400;\">Ba\u0309o qua\u0309n no\u031bi kho\u0302 ra\u0301o, thoa\u0301ng ma\u0301t. \u0110\u00ea\u0309 xa t\u00e2\u0300m tay tre\u0309 em.<\/span><\/li>\n<li style=\"font-weight: 400;\" aria-level=\"1\"><strong>Th\u01b0\u0323c ph\u00e2\u0309m na\u0300y kho\u0302ng pha\u0309i la\u0300 thu\u00f4\u0301c v\u00e0 kho\u0302ng co\u0301 ta\u0301c du\u0323ng thay th\u00ea\u0301 thu\u00f4\u0301c ch\u01b0\u0303a b\u1eb9\u0302nh.<\/strong><\/li>\n<li style=\"font-weight: 400;\" aria-level=\"1\"><span style=\"font-weight: 400;\">Kho\u0302ng du\u0300ng cho ngu\u031b\u01a1\u0300i vi\u00eam th\u1eadn, ng\u01b0\u1eddi m\u00e2\u0303n ca\u0309m, kie\u0302ng ky\u0323 v\u01a1\u0301i b\u00e2\u0301t ky\u0300 tha\u0300nh ph\u00e2\u0300n na\u0300o cu\u0309a sa\u0309n ph\u00e2\u0309m.<\/span><\/li>\n<li style=\"font-weight: 400;\" aria-level=\"1\"><span style=\"font-weight: 400;\">Phu\u0323 n\u01b0\u0303 mang thai, ngu\u031b\u01a1\u0300i \u0111ang s\u01b0\u0309 du\u0323ng thu\u00f4\u0301c tham kha\u0309o y\u0301 ki\u00ea\u0301n cu\u0309a chuye\u0302n gia y t\u00ea\u0301 tru\u031b\u01a1\u0301c khi du\u0300ng.<\/span><\/li>\n<li style=\"font-weight: 400;\" aria-level=\"1\"><span style=\"font-weight: 400;\">Th\u01b0\u0323c ph\u00e2\u0309m ch\u01b0\u0301c na\u0306ng kho\u0302ng thay th\u00ea\u0301 ch\u00ea\u0301 \u0111\u1ecd\u0302 a\u0306n u\u00f4\u0301ng ca\u0302n b\u0103\u0300ng va\u0300 l\u00f4\u0301i s\u00f4\u0301ng la\u0300nh ma\u0323nh.<\/span><\/li>\n<li><span style=\"font-weight: 400;\">Kh\u00f4ng s\u1eed d\u1ee5ng nhi\u1ec1u h\u01a1n li\u1ec1u khuy\u1ebfn ngh\u1ecb m\u1ed7i ng\u00e0y.<\/span><\/li>\n<\/ul>\n<p><strong>Th\u01b0\u01a1ng nh\u00e2n nh\u1eadp kh\u1ea9u v\u00e0 ch\u1ecbu tr\u00e1ch nhi\u1ec7m v\u1ec1 ch\u1ea5t l\u01b0\u1ee3ng s\u1ea3n ph\u1ea9m:<\/strong><\/p>\n<ul>\n<li>C\u00d4NG TY TNHH OPFE VI\u1ec6T NAM<\/li>\n<li>\u0110\u1ecba ch\u1ec9: 315 Ph\u1ed1 V\u1ecdng, Ph\u01b0\u1eddng T\u01b0\u01a1ng Mai, Th\u00e0nh Ph\u1ed1 H\u00e0 N\u1ed9i, Vi\u1ec7t Nam.<\/li>\n<\/ul>\n<section class=\"elementor-section elementor-top-section elementor-element elementor-element-6233d5b elementor-section-boxed elementor-section-height-default elementor-section-height-default\" data-id=\"6233d5b\" data-element_type=\"section\">\n<div class=\"elementor-container elementor-column-gap-no\">\n<div class=\"elementor-column elementor-col-50 elementor-top-column elementor-element elementor-element-03a6bc5\" data-id=\"03a6bc5\" data-element_type=\"column\">\n<div class=\"elementor-widget-wrap elementor-element-populated\">\n<div class=\"elementor-element elementor-element-670d2b0 elementor-widget elementor-widget-text-editor\" data-id=\"670d2b0\" data-element_type=\"widget\" data-widget_type=\"text-editor.default\">\n<div class=\"elementor-widget-container\">\n<h4><em><span style=\"color: #ff0000;\">Xem th\u00eam c\u00e1c b\u00e0i nghi\u00ean c\u1ee9u v\u1ec1 s\u1ea3n ph\u1ea9m<span style=\"color: #3366ff;\">\u00a0<strong><a style=\"color: #3366ff;\" href=\"https:\/\/opfe.vn\/index.php\/category\/suc-khoe\/\">t\u1ea1i \u0111\u00e2y.<\/a><\/strong><\/span><\/span><\/em><\/h4>\n<\/div>\n<\/div>\n<\/div>\n<\/div>\n<\/div>\n<\/section>\n<p><strong>Li\u00ean h\u1ec7 v\u1edbi ch\u00fang t\u00f4i \u0111\u1ec3 <a href=\"https:\/\/opfe.vn\/index.php\/contact\/\">\u0111\u0103ng k\u00fd t\u01b0 v\u1ea5n mi\u1ec5n ph\u00ed<\/a> v\u00e0 bi\u1ebft th\u00eam th\u00f4ng tin chi ti\u1ebft.<\/strong><\/p>\n<table class=\"wp-list-table widefat fixed striped table-view-list forms\">\n<tbody id=\"the-list\" data-wp-lists=\"list:form\">\n<tr>\n<td class=\"shortcode column-shortcode\" data-colname=\"Shortcode\"><div class=\"wpforms-container \" id=\"wpforms-13\"><form id=\"wpforms-form-13\" class=\"wpforms-validate wpforms-form\" data-formid=\"13\" method=\"post\" enctype=\"multipart\/form-data\" action=\"\/index.php\/wp-json\/wp\/v2\/product\/2247\" data-token=\"56b0471ebd229d11c86c075b381d0510\" data-token-time=\"1778745924\"><noscript class=\"wpforms-error-noscript\">Vui l\u00f2ng b\u1eadt JavaScript trong tr\u00ecnh duy\u1ec7t c\u1ee7a b\u1ea1n \u0111\u1ec3 ho\u00e0n th\u00e0nh Form n\u00e0y.<\/noscript><div class=\"wpforms-field-container\"><div id=\"wpforms-13-field_0-container\" class=\"wpforms-field wpforms-field-name\" data-field-id=\"0\"><label class=\"wpforms-field-label\">Name <span class=\"wpforms-required-label\">*<\/span><\/label><div class=\"wpforms-field-row wpforms-field-large\"><div class=\"wpforms-field-row-block wpforms-first wpforms-one-half\"><input type=\"text\" id=\"wpforms-13-field_0\" class=\"wpforms-field-name-first wpforms-field-required\" name=\"wpforms[fields][0][first]\" required><label for=\"wpforms-13-field_0\" class=\"wpforms-field-sublabel after\">T\u00ean<\/label><\/div><div class=\"wpforms-field-row-block wpforms-one-half\"><input type=\"text\" id=\"wpforms-13-field_0-last\" class=\"wpforms-field-name-last wpforms-field-required\" name=\"wpforms[fields][0][last]\" required><label for=\"wpforms-13-field_0-last\" class=\"wpforms-field-sublabel after\">H\u1ecd<\/label><\/div><\/div><\/div><div id=\"wpforms-13-field_1-container\" class=\"wpforms-field wpforms-field-email\" data-field-id=\"1\"><label class=\"wpforms-field-label\" for=\"wpforms-13-field_1\">Email <span class=\"wpforms-required-label\">*<\/span><\/label><input type=\"email\" id=\"wpforms-13-field_1\" class=\"wpforms-field-large wpforms-field-required\" name=\"wpforms[fields][1]\" spellcheck=\"false\" required><\/div><div id=\"wpforms-13-field_2-container\" class=\"wpforms-field wpforms-field-textarea\" data-field-id=\"2\"><label class=\"wpforms-field-label\" for=\"wpforms-13-field_2\">Message <span class=\"wpforms-required-label\">*<\/span><\/label><textarea id=\"wpforms-13-field_2\" class=\"wpforms-field-medium wpforms-field-required\" name=\"wpforms[fields][2]\" required><\/textarea><\/div><\/div><!-- .wpforms-field-container --><div class=\"wpforms-field wpforms-field-hp\"><label for=\"wpforms-13-field-hp\" class=\"wpforms-field-label\">Comment<\/label><input type=\"text\" name=\"wpforms[hp]\" id=\"wpforms-13-field-hp\" class=\"wpforms-field-medium\"><\/div><div class=\"wpforms-submit-container\" ><input type=\"hidden\" name=\"wpforms[id]\" value=\"13\"><input type=\"hidden\" name=\"page_title\" value=\"\"><input type=\"hidden\" name=\"page_url\" value=\"https:\/\/opfe.vn\/index.php\/wp-json\/wp\/v2\/product\/2247\"><input type=\"hidden\" name=\"url_referer\" value=\"\"><button type=\"submit\" name=\"wpforms[submit]\" id=\"wpforms-submit-13\" class=\"wpforms-submit\" data-alt-text=\"Sending...\" data-submit-text=\"Send\" aria-live=\"assertive\" value=\"wpforms-submit\">Send<\/button><\/div><\/form><\/div>  <!-- .wpforms-container --><\/td>\n<\/tr>\n<\/tbody>\n<\/table>\n","protected":false},"excerpt":{"rendered":"<p style=\"text-align: justify;\"><em>CordyCells l\u00e0 s\u1ef1 k\u1ebft h\u1ee3p ho\u00e0n h\u1ea3o c\u1ee7a s\u1ea3n ph\u1ea9m \u0110\u00f4ng Tr\u00f9ng H\u1ea1 Th\u1ea3o T\u00e2y T\u1ea1ng CordySIN extra v\u00e0 T\u0103ng Sinh T\u1ebf B\u00e0o G\u1ed1c N\u1ed9i Th\u00e2n Oricells 250. \u201cB\u1ed9 \u0111\u00f4i v\u00e0ng\u201d h\u01b0\u1edbng t\u1edbi m\u1ee5c ti\u00eau ch\u0103m s\u00f3c s\u1ee9c kho\u1ebb to\u00e0n di\u1ec7n t\u1eeb g\u1ed1c, gi\u00fap h\u1ed7 tr\u1ee3 n\u00e2ng cao kh\u1ea3 n\u0103ng t\u1ef1 ph\u00f2ng b\u1ec7nh v\u00e0 ch\u1ed1ng l\u00e3o ho\u00e1 c\u1ee7a con ng\u01b0\u1eddi qua 03 c\u01a1 ch\u1ebf: (1) t\u0103ng c\u01b0\u1eddng H\u1ec7 Mi\u1ec5n D\u1ecbch \u0111\u1ec3 ch\u1ed1ng l\u1ea1i d\u1ecbch b\u1ec7nh, (2) t\u0103ng kh\u1ea3 n\u0103ng t\u00e1i sinh b\u1eb1ng T\u1ebf B\u00e0o G\u1ed1c v\u00e0 (3) h\u1ea1 G\u1ed1c T\u1ef1 Do \u0111\u1ec3 ch\u1ed1ng c\u00e1c t\u00e1c nh\u00e2n g\u00e2y b\u1ec7nh m\u00e3n t\u00ednh.<\/em><\/p>\n","protected":false},"featured_media":2902,"comment_status":"open","ping_status":"closed","template":"","meta":{"site-sidebar-layout":"no-sidebar","site-content-layout":"boxed-container","ast-site-content-layout":"normal-width-container","site-content-style":"boxed","site-sidebar-style":"boxed","ast-global-header-display":"","ast-banner-title-visibility":"","ast-main-header-display":"","ast-hfb-above-header-display":"","ast-hfb-below-header-display":"","ast-hfb-mobile-header-display":"","site-post-title":"","ast-breadcrumbs-content":"","ast-featured-img":"","footer-sml-layout":"","ast-disable-related-posts":"","theme-transparent-header-meta":"default","adv-header-id-meta":"","stick-header-meta":"","header-above-stick-meta":"","header-main-stick-meta":"","header-below-stick-meta":"","astra-migrate-meta-layouts":"set","ast-page-background-enabled":"default","ast-page-background-meta":{"desktop":{"background-color":"","background-image":"","background-repeat":"repeat","background-position":"center center","background-size":"auto","background-attachment":"scroll","background-type":"","background-media":"","overlay-type":"","overlay-color":"","overlay-opacity":"","overlay-gradient":""},"tablet":{"background-color":"","background-image":"","background-repeat":"repeat","background-position":"center center","background-size":"auto","background-attachment":"scroll","background-type":"","background-media":"","overlay-type":"","overlay-color":"","overlay-opacity":"","overlay-gradient":""},"mobile":{"background-color":"","background-image":"","background-repeat":"repeat","background-position":"center center","background-size":"auto","background-attachment":"scroll","background-type":"","background-media":"","overlay-type":"","overlay-color":"","overlay-opacity":"","overlay-gradient":""}},"ast-content-background-meta":{"desktop":{"background-color":"var(--ast-global-color-5)","background-image":"","background-repeat":"repeat","background-position":"center center","background-size":"auto","background-attachment":"scroll","background-type":"","background-media":"","overlay-type":"","overlay-color":"","overlay-opacity":"","overlay-gradient":""},"tablet":{"background-color":"var(--ast-global-color-5)","background-image":"","background-repeat":"repeat","background-position":"center center","background-size":"auto","background-attachment":"scroll","background-type":"","background-media":"","overlay-type":"","overlay-color":"","overlay-opacity":"","overlay-gradient":""},"mobile":{"background-color":"var(--ast-global-color-5)","background-image":"","background-repeat":"repeat","background-position":"center center","background-size":"auto","background-attachment":"scroll","background-type":"","background-media":"","overlay-type":"","overlay-color":"","overlay-opacity":"","overlay-gradient":""}}},"product_brand":[],"product_cat":[18,15,16,390,386,17,21,22,387,19],"product_tag":[31,30,32,37],"class_list":{"0":"post-2247","1":"product","2":"type-product","3":"status-publish","4":"has-post-thumbnail","6":"product_cat-anti-oxidation","7":"product_cat-beauty","8":"product_cat-brain","9":"product_cat-cordycells","10":"product_cat-cordysin","11":"product_cat-enhance_health","12":"product_cat-featured","13":"product_cat-liver","14":"product_cat-oricells","15":"product_cat-sales","16":"product_tag-anti-aging","17":"product_tag-cordyceps-sinensis","18":"product_tag-immune-system","19":"product_tag-stem-cells","20":"desktop-align-left","21":"tablet-align-left","22":"mobile-align-left","24":"first","25":"instock","26":"featured","27":"shipping-taxable","28":"product-type-variable"},"aioseo_notices":[],"_links":{"self":[{"href":"https:\/\/opfe.vn\/index.php\/wp-json\/wp\/v2\/product\/2247","targetHints":{"allow":["GET"]}}],"collection":[{"href":"https:\/\/opfe.vn\/index.php\/wp-json\/wp\/v2\/product"}],"about":[{"href":"https:\/\/opfe.vn\/index.php\/wp-json\/wp\/v2\/types\/product"}],"replies":[{"embeddable":true,"href":"https:\/\/opfe.vn\/index.php\/wp-json\/wp\/v2\/comments?post=2247"}],"version-history":[{"count":9,"href":"https:\/\/opfe.vn\/index.php\/wp-json\/wp\/v2\/product\/2247\/revisions"}],"predecessor-version":[{"id":4487,"href":"https:\/\/opfe.vn\/index.php\/wp-json\/wp\/v2\/product\/2247\/revisions\/4487"}],"wp:featuredmedia":[{"embeddable":true,"href":"https:\/\/opfe.vn\/index.php\/wp-json\/wp\/v2\/media\/2902"}],"wp:attachment":[{"href":"https:\/\/opfe.vn\/index.php\/wp-json\/wp\/v2\/media?parent=2247"}],"wp:term":[{"taxonomy":"product_brand","embeddable":true,"href":"https:\/\/opfe.vn\/index.php\/wp-json\/wp\/v2\/product_brand?post=2247"},{"taxonomy":"product_cat","embeddable":true,"href":"https:\/\/opfe.vn\/index.php\/wp-json\/wp\/v2\/product_cat?post=2247"},{"taxonomy":"product_tag","embeddable":true,"href":"https:\/\/opfe.vn\/index.php\/wp-json\/wp\/v2\/product_tag?post=2247"}],"curies":[{"name":"wp","href":"https:\/\/api.w.org\/{rel}","templated":true}]}}