{"id":315,"date":"2020-03-18T14:48:44","date_gmt":"2020-03-18T07:48:44","guid":{"rendered":"http:\/\/opfe.vn\/index.php\/product\/skin-whitening-toner\/"},"modified":"2026-01-07T18:02:04","modified_gmt":"2026-01-07T11:02:04","slug":"orilax","status":"publish","type":"product","link":"https:\/\/opfe.vn\/index.php\/product\/orilax\/","title":{"rendered":"Th\u1ef1c ph\u1ea9m BVSK OPFE OriLax capsules, Hungary (Thu\u1ed1c Ng\u1ee7 Th\u1ea3o D\u01b0\u1ee3c)"},"content":{"rendered":"<p style=\"text-align: justify;\"><em><span style=\"font-weight: 400;\">M\u1ea5t ng\u1ee7 trong Y H\u1ecdc C\u1ed5 Truy\u1ec1n \u0111\u01b0\u1ee3c g\u1ecdi l\u00e0 ch\u1ee9ng m\u1ea5t thi\u00ean ho\u1eb7c ch\u1ee9ng b\u1ea5t m\u1ecb. \u0110\u00e2y l\u00e0 t\u00ecnh tr\u1ea1ng r\u1ed1i lo\u1ea1n gi\u1ea5c ng\u1ee7 v\u1edbi bi\u1ec3u hi\u1ec7n ban \u0111\u00eam thi\u1ebfu ng\u1ee7 ho\u1eb7c kh\u00f4ng ng\u1ee7 \u0111\u01b0\u1ee3c. T\u00ecnh tr\u1ea1ng n\u1ebfu k\u00e9o d\u00e0i s\u1ebd g\u00e2y \u1ea3nh h\u01b0\u1edfng \u0111\u1ebfn s\u1ee9c kh\u1ecfe, ng\u01b0\u1eddi b\u1ec7nh c\u1ea3m th\u1ea5y m\u1ec7t m\u1ecfi, d\u1ec5 tr\u1ea7m c\u1ea3m. \u0110i\u1ec1u tr\u1ecb m\u1ea5t ng\u1ee7 \u0111\u01b0\u1ee3c th\u1ef1c hi\u1ec7n theo nhi\u1ec1u ph\u01b0\u01a1ng ph\u00e1p, trong \u0111\u00f3 vi\u1ec7c s\u1eed d\u1ee5ng c\u00e1c lo\u1ea1i th\u1ea3o d\u01b0\u1ee3c t\u1eeb t\u1ef1 nhi\u00ean \u0111\u01b0\u1ee3c xem l\u00e0 mang l\u1ea1i nhi\u1ec1u hi\u1ec7u qu\u1ea3 v\u00e0 \u00edt t\u00e1c d\u1ee5ng ph\u1ee5 cho ng\u01b0\u1eddi b\u1ec7nh.<\/span> <span style=\"font-weight: 400;\">C\u1ee7 B\u00ecnh V\u00f4i, L\u1ea1c Ti\u00ean, Sen, Trinh N\u1eef, L\u00e1 V\u00f4ng Nem l\u00e0 c\u00e1c c\u00e2y thu\u1ed1c d\u00e2n gian \u0111\u01b0\u1ee3c l\u01b0u truy\u1ec1n gi\u00fap an th\u1ea7n, ng\u1ee7 ngon v\u00e0 ch\u1eefa b\u1ec7nh m\u1ea5t ng\u1ee7.\u00a0 OriLax \u0111\u01b0\u1ee3c chi\u1ebft xu\u1ea5t 100% t\u1eeb c\u00e1c th\u00e0nh ph\u1ea7n th\u1ea3o d\u01b0\u1ee3c t\u1ef1 nhi\u00ean n\u00e0y, c\u00f3 c\u00f4ng d\u1ee5ng, an th\u1ea7n, gi\u1ea3m c\u0103ng th\u1eb3ng, lo \u00e2u, b\u1ea3o v\u1ec7 th\u1ea7n kinh; Ch\u1ed1ng oxy ho\u00e1, c\u1ea3i thi\u1ec7n t\u00ecnh tr\u1ea1ng m\u1ea5t ng\u1ee7, \u0111em l\u1ea1i gi\u1ea5c ng\u1ee7 ngon.<\/span><\/em><\/p>\n<p><a href=\"https:\/\/opfe.vn\/wp-content\/uploads\/2020\/03\/orilax3.jpg\"><img fetchpriority=\"high\" decoding=\"async\" class=\"aligncenter wp-image-3355 size-full\" src=\"https:\/\/opfe.vn\/wp-content\/uploads\/2020\/03\/orilax3.jpg\" alt=\"\" width=\"1200\" height=\"675\" srcset=\"https:\/\/opfe.vn\/wp-content\/uploads\/2020\/03\/orilax3.jpg 1200w, https:\/\/opfe.vn\/wp-content\/uploads\/2020\/03\/orilax3-300x169.jpg 300w, https:\/\/opfe.vn\/wp-content\/uploads\/2020\/03\/orilax3-1024x576.jpg 1024w, https:\/\/opfe.vn\/wp-content\/uploads\/2020\/03\/orilax3-768x432.jpg 768w, https:\/\/opfe.vn\/wp-content\/uploads\/2020\/03\/orilax3-600x338.jpg 600w\" sizes=\"(max-width: 1200px) 100vw, 1200px\" \/><\/a><\/p>\n<p style=\"text-align: justify;\"><span style=\"color: #ff0000;\"><strong>Th\u1ef1c ph\u1ea9m BVSK OPFE OriLax capsules<\/strong> <\/span>\u0111\u01b0\u1ee3c s\u1ea3n xu\u1ea5t t\u1ea1i Hungary (MADE IN EU), t\u1eeb ngu\u1ed3n nguy\u00ean li\u1ec7u 100% t\u1ef1 nhi\u00ean, \u0111\u00e1p \u1ee9ng \u0111\u1ea7y \u0111\u1ee7 c\u00e1c ti\u00eau chu\u1ea9n kh\u1eaft khe c\u1ee7a Ch\u00e2u \u00c2u. Th\u01b0\u01a1ng hi\u1ec7u OPFE \u0111\u00e3 \u0111\u01b0\u1ee3c c\u1ea5p gi\u1ea5y ch\u1ee9ng nh\u1eadn b\u1ea3o h\u1ed9 nh\u00e3n hi\u1ec7u \u0111\u1ed9c quy\u1ec1n t\u1ea1i EU v\u00e0 Vi\u1ec7t Nam. S\u1ea3n ph\u1ea9m \u0111\u01b0\u1ee3c c\u1ea5p ph\u00e9p l\u01b0u h\u00e0nh t\u1ea1i Ch\u00e2u \u00c2u b\u1edfi<a href=\"https:\/\/opfe.eu\"> C\u00f4ng ty OPFE KFT. HUNGARY.<\/a><\/p>\n<p style=\"text-align: justify;\"><strong>Th\u00e0nh ph\u1ea7n:<\/strong><\/p>\n<ul style=\"text-align: justify;\">\n<li><span style=\"font-weight: 400;\"><a href=\"https:\/\/www.sciencedirect.com\/science\/article\/abs\/pii\/S0378874114002992\">B\u00ecnh v\u00f4i (Stephania rotunda)<\/a>: <a href=\"https:\/\/www.ncbi.nlm.nih.gov\/pmc\/articles\/PMC3459453\/\">Rotundin<\/a> t\u1eeb c\u1ee7 b\u00ecnh v\u00f4i c\u00f3 t\u00e1c d\u1ee5ng gi\u1ea3m nhanh tri\u1ec7u ch\u1ee9ng m\u1ea5t ng\u1ee7, r\u1ed1i lo\u1ea1n gi\u1ea5c ng\u1ee7 do \u00e1p l\u1ef1c v\u00e0 suy ngh\u0129.<\/span><\/li>\n<li><span style=\"font-weight: 400;\">L\u1ea1c ti\u00ean (<\/span><span style=\"font-weight: 400;\"><a href=\"https:\/\/drive.google.com\/file\/d\/13BjaG8bx2ERSKakl8uHAXW2q14ineiR6\/view\">Herba Passiflora foetida<\/a>)<\/span><span style=\"font-weight: 400;\">: C\u00f3 t\u00e1c d\u1ee5ng ch\u1ed1ng lo \u00e2u, th\u01b0 gi\u00e3n tinh th\u1ea7n, d\u1ec5 \u0111i v\u00e0o gi\u1ea5c ng\u1ee7. <a href=\"https:\/\/www.ncbi.nlm.nih.gov\/pmc\/articles\/PMC6304565\/\">Vitexin<\/a>: C\u00f3 \u0111\u1eb7c t\u00ednh ch\u1ed1ng oxy h\u00f3a, h\u1ea1 huy\u1ebft \u00e1p v\u00e0 tr\u00e1nh c\u01a1n \u201cb\u1ed1c h\u1ecfa\u201d v\u1ec1 \u0111\u00eam.<\/span><\/li>\n<li><span style=\"font-weight: 400;\">L\u00e1 sen (<\/span><span style=\"font-weight: 400;\">Folium Nelumbinis)<\/span><span style=\"font-weight: 400;\">: H\u1ed7 tr\u1ee3 \u0111i\u1ec1u tr\u1ecb suy nh\u01b0\u1ee3c th\u1ea7n kinh, m\u1ea5t ng\u1ee7, ng\u1ee7 kh\u00f4ng s\u00e2u gi\u1ea5c.<\/span><\/li>\n<li><span style=\"font-weight: 400;\">Trinh n\u1eef (<\/span><span style=\"font-weight: 400;\"><a href=\"https:\/\/www.ncbi.nlm.nih.gov\/pmc\/articles\/PMC5206927\/\">Herba Mimosae pudicae<\/a>)<\/span><span style=\"font-weight: 400;\">: C\u00f3 t\u00e1c d\u1ee5ng an th\u1ea7n, gi\u1ea3m c\u0103ng th\u1eb3ng, th\u01b0 gi\u00e3n th\u1ea7n kinh, \u0111i\u1ec1u tr\u1ecb c\u00e1c b\u1ec7nh r\u1ed1i lo\u1ea1n gi\u1ea5c ng\u1ee7.<\/span><\/li>\n<li><span style=\"font-weight: 400;\">V\u00f4ng nem (<\/span><span style=\"font-weight: 400;\"><a href=\"https:\/\/link.springer.com\/chapter\/10.1007\/978-3-319-93506-5_2#chapter-info\">Folium Erythrinae variegatae<\/a>)<\/span><span style=\"font-weight: 400;\">: C\u00f3 t\u00e1c d\u1ee5ng l\u00ean h\u1ec7 th\u1ea7n kinh trung \u01b0\u01a1ng v\u00e0 c\u00e1c ho\u1ea1t \u0111\u1ed9ng li\u00ean quan.\u00a0<\/span><\/li>\n<li><span style=\"font-weight: 400;\"><a href=\"https:\/\/www.ncbi.nlm.nih.gov\/pmc\/articles\/PMC5405617\/\">Melatonin<\/a>: \u0110\u01b0\u1ee3c d\u00f9ng \u0111\u1ec3 \u0111i\u1ec1u h\u00f2a gi\u1ea5c ng\u1ee7, h\u1ed7 tr\u1ee3 \u0111i\u1ec1u tr\u1ecb m\u1ea5t ng\u1ee7, nh\u1ecbp sinh h\u1ecdc.<\/span><\/li>\n<\/ul>\n<p style=\"text-align: justify;\"><strong>\u0110\u1ed1i t\u01b0\u1ee3ng: <\/strong><\/p>\n<ul style=\"text-align: justify;\">\n<li><span style=\"font-weight: 400;\">Nh\u1eefng ng\u01b0\u1eddi g\u1eb7p v\u1ea5n \u0111\u1ec1 v\u1ec1 gi\u1ea5c ng\u1ee7 nh\u01b0 ng\u1ee7 kh\u00f4ng s\u00e2u gi\u1ea5c, kh\u00f3 ng\u1ee7, hay t\u1ec9nh gi\u1ea5c gi\u1eefa \u0111\u00eam, c\u01a1 th\u1ec3 m\u1ec7t m\u1ecfi, b\u1ed3n ch\u1ed3n sau khi th\u1ee9c d\u1eady.<\/span><\/li>\n<\/ul>\n<p style=\"text-align: justify;\"><strong>Li\u1ec1u d\u00f9ng: <\/strong><\/p>\n<ul style=\"text-align: justify;\">\n<li><span style=\"font-weight: 400;\">U\u1ed1ng 1-2 vi\u00ean tr\u01b0\u1edbc khi \u0111i ng\u1ee7 30 ph\u00fat c\u00f9ng v\u1edbi nhi\u1ec1u n\u01b0\u1edbc ho\u1eb7c theo ch\u1ec9 d\u1eabn c\u1ee7a chuy\u00ean gia ch\u0103m s\u00f3c s\u1ee9c kh\u1ecfe. Kh\u00f4ng s\u1eed d\u1ee5ng nhi\u1ec1u h\u01a1n li\u1ec1u khuy\u1ebfn ngh\u1ecb m\u1ed7i ng\u00e0y.<\/span><\/li>\n<\/ul>\n<p style=\"text-align: justify;\"><strong>L\u01b0u \u00fd: <\/strong><\/p>\n<ul style=\"text-align: justify;\">\n<li style=\"font-weight: 400;\" aria-level=\"1\"><span style=\"font-weight: 400;\">Ba\u0309o qua\u0309n no\u031bi kho\u0302 ra\u0301o, thoa\u0301ng ma\u0301t. \u0110\u00ea\u0309 xa t\u00e2\u0300m tay tre\u0309 em.<\/span><\/li>\n<li style=\"font-weight: 400;\" aria-level=\"1\"><strong>Th\u01b0\u0323c ph\u00e2\u0309m na\u0300y kho\u0302ng pha\u0309i la\u0300 thu\u00f4\u0301c v\u00e0 kho\u0302ng co\u0301 ta\u0301c du\u0323ng thay th\u00ea\u0301 thu\u00f4\u0301c ch\u01b0\u0303a b\u1eb9\u0302nh.<\/strong><\/li>\n<li style=\"font-weight: 400;\" aria-level=\"1\"><span style=\"font-weight: 400;\">Kho\u0302ng du\u0300ng cho ng\u01b0\u1eddi m\u00e2\u0303n ca\u0309m, kie\u0302ng ky\u0323 v\u01a1\u0301i b\u00e2\u0301t ky\u0300 tha\u0300nh ph\u00e2\u0300n na\u0300o cu\u0309a sa\u0309n ph\u00e2\u0309m.<\/span><\/li>\n<li style=\"font-weight: 400;\" aria-level=\"1\"><span style=\"font-weight: 400;\">Phu\u0323 n\u01b0\u0303 mang thai, ngu\u031b\u01a1\u0300i \u0111ang s\u01b0\u0309 du\u0323ng thu\u00f4\u0301c tham kha\u0309o y\u0301 ki\u00ea\u0301n cu\u0309a chuye\u0302n gia y t\u00ea\u0301 tru\u031b\u01a1\u0301c khi du\u0300ng.<\/span><\/li>\n<li style=\"font-weight: 400;\" aria-level=\"1\"><span style=\"font-weight: 400;\">Th\u01b0\u0323c ph\u00e2\u0309m ch\u01b0\u0301c na\u0306ng kho\u0302ng thay th\u00ea\u0301 ch\u00ea\u0301 \u0111\u1ecd\u0302 a\u0306n u\u00f4\u0301ng ca\u0302n b\u0103\u0300ng va\u0300 l\u00f4\u0301i s\u00f4\u0301ng la\u0300nh ma\u0323nh.<\/span><\/li>\n<\/ul>\n<p><strong>Th\u01b0\u01a1ng nh\u00e2n nh\u1eadp kh\u1ea9u v\u00e0 ch\u1ecbu tr\u00e1ch nhi\u1ec7m v\u1ec1 ch\u1ea5t l\u01b0\u1ee3ng s\u1ea3n ph\u1ea9m:<\/strong><\/p>\n<ul>\n<li>C\u00d4NG TY TNHH OPFE VI\u1ec6T NAM<\/li>\n<li>\u0110\u1ecba ch\u1ec9: 315 Ph\u1ed1 V\u1ecdng, Ph\u01b0\u1eddng T\u01b0\u01a1ng Mai, Th\u00e0nh Ph\u1ed1 H\u00e0 N\u1ed9i, Vi\u1ec7t Nam.<\/li>\n<\/ul>\n<section class=\"elementor-section elementor-top-section elementor-element elementor-element-6233d5b elementor-section-boxed elementor-section-height-default elementor-section-height-default\" data-id=\"6233d5b\" data-element_type=\"section\">\n<div class=\"elementor-container elementor-column-gap-no\">\n<div class=\"elementor-column elementor-col-50 elementor-top-column elementor-element elementor-element-03a6bc5\" data-id=\"03a6bc5\" data-element_type=\"column\">\n<div class=\"elementor-widget-wrap elementor-element-populated\">\n<div class=\"elementor-element elementor-element-670d2b0 elementor-widget elementor-widget-text-editor\" data-id=\"670d2b0\" data-element_type=\"widget\" data-widget_type=\"text-editor.default\">\n<div class=\"elementor-widget-container\">\n<h4><em><span style=\"color: #ff0000;\">Xem th\u00eam c\u00e1c b\u00e0i nghi\u00ean c\u1ee9u v\u1ec1 s\u1ea3n ph\u1ea9m OriLax<span style=\"color: #3366ff;\">\u00a0<strong><a style=\"color: #3366ff;\" href=\"https:\/\/opfe.vn\/index.php\/category\/suc-khoe\/\">t\u1ea1i \u0111\u00e2y.<\/a><\/strong><\/span><\/span><\/em><\/h4>\n<\/div>\n<\/div>\n<\/div>\n<\/div>\n<\/div>\n<\/section>\n<p><strong>Li\u00ean h\u1ec7 v\u1edbi ch\u00fang t\u00f4i \u0111\u1ec3 <a href=\"https:\/\/opfe.vn\/index.php\/contact\/\">\u0111\u0103ng k\u00fd t\u01b0 v\u1ea5n mi\u1ec5n ph\u00ed<\/a> v\u00e0 bi\u1ebft th\u00eam th\u00f4ng tin chi ti\u1ebft.<\/strong><\/p>\n<table class=\"wp-list-table widefat fixed striped table-view-list forms\">\n<tbody id=\"the-list\" data-wp-lists=\"list:form\">\n<tr>\n<td class=\"shortcode column-shortcode\" data-colname=\"Shortcode\"><div class=\"wpforms-container \" id=\"wpforms-13\"><form id=\"wpforms-form-13\" class=\"wpforms-validate wpforms-form\" data-formid=\"13\" method=\"post\" enctype=\"multipart\/form-data\" action=\"\/index.php\/wp-json\/wp\/v2\/product\/315\" data-token=\"d224a61c1307d320a43a6ceb76331d29\" data-token-time=\"1778617799\"><noscript class=\"wpforms-error-noscript\">Vui l\u00f2ng b\u1eadt JavaScript trong tr\u00ecnh duy\u1ec7t c\u1ee7a b\u1ea1n \u0111\u1ec3 ho\u00e0n th\u00e0nh Form n\u00e0y.<\/noscript><div class=\"wpforms-field-container\"><div id=\"wpforms-13-field_0-container\" class=\"wpforms-field wpforms-field-name\" data-field-id=\"0\"><label class=\"wpforms-field-label\">Name <span class=\"wpforms-required-label\">*<\/span><\/label><div class=\"wpforms-field-row wpforms-field-large\"><div class=\"wpforms-field-row-block wpforms-first wpforms-one-half\"><input type=\"text\" id=\"wpforms-13-field_0\" class=\"wpforms-field-name-first wpforms-field-required\" name=\"wpforms[fields][0][first]\" required><label for=\"wpforms-13-field_0\" class=\"wpforms-field-sublabel after\">T\u00ean<\/label><\/div><div class=\"wpforms-field-row-block wpforms-one-half\"><input type=\"text\" id=\"wpforms-13-field_0-last\" class=\"wpforms-field-name-last wpforms-field-required\" name=\"wpforms[fields][0][last]\" required><label for=\"wpforms-13-field_0-last\" class=\"wpforms-field-sublabel after\">H\u1ecd<\/label><\/div><\/div><\/div><div id=\"wpforms-13-field_1-container\" class=\"wpforms-field wpforms-field-email\" data-field-id=\"1\"><label class=\"wpforms-field-label\" for=\"wpforms-13-field_1\">Email <span class=\"wpforms-required-label\">*<\/span><\/label><input type=\"email\" id=\"wpforms-13-field_1\" class=\"wpforms-field-large wpforms-field-required\" name=\"wpforms[fields][1]\" spellcheck=\"false\" required><\/div><div id=\"wpforms-13-field_2-container\" class=\"wpforms-field wpforms-field-textarea\" data-field-id=\"2\"><label class=\"wpforms-field-label\" for=\"wpforms-13-field_2\">Message <span class=\"wpforms-required-label\">*<\/span><\/label><textarea id=\"wpforms-13-field_2\" class=\"wpforms-field-medium wpforms-field-required\" name=\"wpforms[fields][2]\" required><\/textarea><\/div><\/div><!-- .wpforms-field-container --><div class=\"wpforms-field wpforms-field-hp\"><label for=\"wpforms-13-field-hp\" class=\"wpforms-field-label\">Comment<\/label><input type=\"text\" name=\"wpforms[hp]\" id=\"wpforms-13-field-hp\" class=\"wpforms-field-medium\"><\/div><div class=\"wpforms-submit-container\" ><input type=\"hidden\" name=\"wpforms[id]\" value=\"13\"><input type=\"hidden\" name=\"page_title\" value=\"\"><input type=\"hidden\" name=\"page_url\" value=\"https:\/\/opfe.vn\/index.php\/wp-json\/wp\/v2\/product\/315\"><input type=\"hidden\" name=\"url_referer\" value=\"\"><button type=\"submit\" name=\"wpforms[submit]\" id=\"wpforms-submit-13\" class=\"wpforms-submit\" data-alt-text=\"Sending...\" data-submit-text=\"Send\" aria-live=\"assertive\" value=\"wpforms-submit\">Send<\/button><\/div><\/form><\/div>  <!-- .wpforms-container --><\/td>\n<\/tr>\n<\/tbody>\n<\/table>\n","protected":false},"excerpt":{"rendered":"<p style=\"text-align: justify;\"><span style=\"font-weight: 400;\">C\u1ee7 B\u00ecnh V\u00f4i, L\u1ea1c Ti\u00ean, Sen, Trinh N\u1eef, L\u00e1 V\u00f4ng Nem l\u00e0 c\u00e1c c\u00e2y thu\u1ed1c d\u00e2n gian \u0111\u01b0\u1ee3c l\u01b0u truy\u1ec1n gi\u00fap an th\u1ea7n, ng\u1ee7 ngon v\u00e0 ch\u1eefa b\u1ec7nh m\u1ea5t ng\u1ee7.\u00a0 OriLax \u0111\u01b0\u1ee3c chi\u1ebft xu\u1ea5t 100% t\u1eeb c\u00e1c th\u00e0nh ph\u1ea7n th\u1ea3o d\u01b0\u1ee3c t\u1ef1 nhi\u00ean n\u00e0y, c\u00f3 c\u00f4ng d\u1ee5ng, an th\u1ea7n, gi\u1ea3m c\u0103ng th\u1eb3ng, lo \u00e2u, b\u1ea3o v\u1ec7 th\u1ea7n kinh; Ch\u1ed1ng oxy ho\u00e1, c\u1ea3i thi\u1ec7n t\u00ecnh tr\u1ea1ng m\u1ea5t ng\u1ee7, \u0111em l\u1ea1i gi\u1ea5c ng\u1ee7 ngon.<\/span><\/p>\n","protected":false},"featured_media":1491,"comment_status":"open","ping_status":"closed","template":"","meta":{"site-sidebar-layout":"no-sidebar","site-content-layout":"boxed-container","ast-site-content-layout":"normal-width-container","site-content-style":"boxed","site-sidebar-style":"boxed","ast-global-header-display":"","ast-banner-title-visibility":"","ast-main-header-display":"","ast-hfb-above-header-display":"","ast-hfb-below-header-display":"","ast-hfb-mobile-header-display":"","site-post-title":"","ast-breadcrumbs-content":"","ast-featured-img":"","footer-sml-layout":"","ast-disable-related-posts":"","theme-transparent-header-meta":"default","adv-header-id-meta":"","stick-header-meta":"","header-above-stick-meta":"","header-main-stick-meta":"","header-below-stick-meta":"","astra-migrate-meta-layouts":"set","ast-page-background-enabled":"default","ast-page-background-meta":{"desktop":{"background-color":"","background-image":"","background-repeat":"repeat","background-position":"center center","background-size":"auto","background-attachment":"scroll","background-type":"","background-media":"","overlay-type":"","overlay-color":"","overlay-opacity":"","overlay-gradient":""},"tablet":{"background-color":"","background-image":"","background-repeat":"repeat","background-position":"center center","background-size":"auto","background-attachment":"scroll","background-type":"","background-media":"","overlay-type":"","overlay-color":"","overlay-opacity":"","overlay-gradient":""},"mobile":{"background-color":"","background-image":"","background-repeat":"repeat","background-position":"center center","background-size":"auto","background-attachment":"scroll","background-type":"","background-media":"","overlay-type":"","overlay-color":"","overlay-opacity":"","overlay-gradient":""}},"ast-content-background-meta":{"desktop":{"background-color":"var(--ast-global-color-5)","background-image":"","background-repeat":"repeat","background-position":"center center","background-size":"auto","background-attachment":"scroll","background-type":"","background-media":"","overlay-type":"","overlay-color":"","overlay-opacity":"","overlay-gradient":""},"tablet":{"background-color":"var(--ast-global-color-5)","background-image":"","background-repeat":"repeat","background-position":"center center","background-size":"auto","background-attachment":"scroll","background-type":"","background-media":"","overlay-type":"","overlay-color":"","overlay-opacity":"","overlay-gradient":""},"mobile":{"background-color":"var(--ast-global-color-5)","background-image":"","background-repeat":"repeat","background-position":"center center","background-size":"auto","background-attachment":"scroll","background-type":"","background-media":"","overlay-type":"","overlay-color":"","overlay-opacity":"","overlay-gradient":""}}},"product_brand":[],"product_cat":[15,16,21,400,19],"product_tag":[46,384,394,395,34,391,35,393,392],"class_list":{"0":"post-315","1":"product","2":"type-product","3":"status-publish","4":"has-post-thumbnail","6":"product_cat-beauty","7":"product_cat-brain","8":"product_cat-featured","9":"product_cat-orilax","10":"product_cat-sales","11":"product_tag-brain-support","12":"product_tag-cu-binh-voi","13":"product_tag-la-sen","14":"product_tag-lac-tien","15":"product_tag-mat-ngu","16":"product_tag-melatonin","17":"product_tag-thuoc-ngu-thao-duoc","18":"product_tag-trinh-nu","19":"product_tag-vong-nem","20":"desktop-align-left","21":"tablet-align-left","22":"mobile-align-left","24":"first","25":"onbackorder","26":"featured","27":"shipping-taxable","28":"product-type-variable"},"aioseo_notices":[],"_links":{"self":[{"href":"https:\/\/opfe.vn\/index.php\/wp-json\/wp\/v2\/product\/315","targetHints":{"allow":["GET"]}}],"collection":[{"href":"https:\/\/opfe.vn\/index.php\/wp-json\/wp\/v2\/product"}],"about":[{"href":"https:\/\/opfe.vn\/index.php\/wp-json\/wp\/v2\/types\/product"}],"replies":[{"embeddable":true,"href":"https:\/\/opfe.vn\/index.php\/wp-json\/wp\/v2\/comments?post=315"}],"version-history":[{"count":6,"href":"https:\/\/opfe.vn\/index.php\/wp-json\/wp\/v2\/product\/315\/revisions"}],"predecessor-version":[{"id":4480,"href":"https:\/\/opfe.vn\/index.php\/wp-json\/wp\/v2\/product\/315\/revisions\/4480"}],"wp:featuredmedia":[{"embeddable":true,"href":"https:\/\/opfe.vn\/index.php\/wp-json\/wp\/v2\/media\/1491"}],"wp:attachment":[{"href":"https:\/\/opfe.vn\/index.php\/wp-json\/wp\/v2\/media?parent=315"}],"wp:term":[{"taxonomy":"product_brand","embeddable":true,"href":"https:\/\/opfe.vn\/index.php\/wp-json\/wp\/v2\/product_brand?post=315"},{"taxonomy":"product_cat","embeddable":true,"href":"https:\/\/opfe.vn\/index.php\/wp-json\/wp\/v2\/product_cat?post=315"},{"taxonomy":"product_tag","embeddable":true,"href":"https:\/\/opfe.vn\/index.php\/wp-json\/wp\/v2\/product_tag?post=315"}],"curies":[{"name":"wp","href":"https:\/\/api.w.org\/{rel}","templated":true}]}}