{"id":3425,"date":"2023-12-26T11:16:34","date_gmt":"2023-12-26T04:16:34","guid":{"rendered":"https:\/\/opfe.vn\/?post_type=product&#038;p=3425"},"modified":"2026-01-07T18:05:30","modified_gmt":"2026-01-07T11:05:30","slug":"orinmn-anti-aging","status":"publish","type":"product","link":"https:\/\/opfe.vn\/index.php\/product\/orinmn-anti-aging\/","title":{"rendered":"Th\u1ef1c ph\u1ea9m BVSK OPFE OriNMN+ Anti aging, Hungary (Made in EU)"},"content":{"rendered":"<p style=\"text-align: justify;\"><strong>Th\u1ef1c ph\u1ea9m BVSK OPFE OriNMN+ Anti aging<\/strong>\u00a0\u0111\u01b0\u1ee3c s\u1ea3n xu\u1ea5t t\u1ea1i Hungary (MADE IN EU), t\u1eeb ngu\u1ed3n nguy\u00ean li\u1ec7u 100% t\u1ef1 nhi\u00ean, \u0111\u00e1p \u1ee9ng \u0111\u1ea7y \u0111\u1ee7 c\u00e1c ti\u00eau chu\u1ea9n kh\u1eaft khe c\u1ee7a Ch\u00e2u \u00c2u. Th\u01b0\u01a1ng hi\u1ec7u OPFE \u0111\u00e3 \u0111\u01b0\u1ee3c c\u1ea5p gi\u1ea5y ch\u1ee9ng nh\u1eadn b\u1ea3o h\u1ed9 nh\u00e3n hi\u1ec7u \u0111\u1ed9c quy\u1ec1n t\u1ea1i EU v\u00e0 Vi\u1ec7t Nam. S\u1ea3n ph\u1ea9m \u0111\u01b0\u1ee3c c\u1ea5p ph\u00e9p l\u01b0u h\u00e0nh t\u1ea1i Ch\u00e2u \u00c2u b\u1edfi\u00a0<a href=\"https:\/\/opfe.eu\/\">C\u00f4ng ty OPFE KFT. HUNGARY.<\/a><br \/>\n<a href=\"https:\/\/opfe.vn\/wp-content\/uploads\/2023\/12\/Top-image.webp\"><img fetchpriority=\"high\" decoding=\"async\" src=\"https:\/\/opfe.vn\/wp-content\/uploads\/2023\/12\/Top-image-1024x386.webp\" alt=\"\" width=\"1024\" height=\"386\" \/><\/a><\/p>\n<p style=\"text-align: justify;\"><strong>Th\u00e0nh ph\u1ea7n: <\/strong>NMN (\u03b2-Nicotinamide Mononucleotide) 99%, Betaine 98%, Calcium Alpha-Ketoglutarate 98%, Nicotinamide Riboside Chloride 98%, Resveratrol 98%, Fisetin 98%, Apigenin 98%, Coenzyme Q10 98%, Quercetin 98%, Spermidine 98%, Piperine 98%. Ph\u1ee5 li\u1ec7u: V\u1ecf nang: Gelatin, Ch\u1ea5t t\u1ea1o m\u00e0u t\u1ed5ng h\u1ee3p: Oxit s\u1eaft v\u00e0ng.<\/p>\n<p style=\"text-align: justify;\"><b>C\u00f4ng d\u1ee5ng: <\/b>H\u1ed7 tr\u1ee3 c\u1ea3i thi\u1ec7n t\u00ecnh tr\u1ea1ng l\u00e3o ho\u00e1 da.<\/p>\n<p style=\"text-align: justify;\"><b>\u0110\u1ed1i t\u01b0\u1ee3ng: <\/b>Ng\u01b0\u1eddi tr\u01b0\u1edfng th\u00e0nh.<\/p>\n<p style=\"text-align: justify;\"><b>Li\u1ec1u d\u00f9ng:<\/b> U\u1ed1ng 3 vi\u00ean\/ng\u00e0y v\u1edbi nhi\u1ec1u n\u01b0\u1edbc ho\u1eb7c theo ch\u1ec9 d\u1eabn c\u1ee7a chuy\u00ean gia ch\u0103m s\u00f3c s\u1ee9c kh\u1ecfe. Kh\u00f4ng s\u1eed d\u1ee5ng nhi\u1ec1u h\u01a1n li\u1ec1u khuy\u1ebfn ngh\u1ecb m\u1ed7i ng\u00e0y.<\/p>\n<p style=\"text-align: justify;\"><b>L\u01b0u \u00fd<\/b>:<\/p>\n<ul style=\"text-align: justify;\">\n<li>Ba\u0309o qua\u0309n no\u031bi kho\u0302 ra\u0301o, thoa\u0301ng ma\u0301t. \u0110\u00ea\u0309 xa t\u00e2\u0300m tay tre\u0309 em.<\/li>\n<li style=\"font-weight: 400;\" aria-level=\"1\"><strong>Th\u01b0\u0323c ph\u00e2\u0309m na\u0300y kho\u0302ng pha\u0309i la\u0300 thu\u00f4\u0301c v\u00e0 kho\u0302ng co\u0301 ta\u0301c du\u0323ng thay th\u00ea\u0301 thu\u00f4\u0301c ch\u01b0\u0303a b\u1eb9\u0302nh.<\/strong><\/li>\n<li style=\"font-weight: 400;\" aria-level=\"1\">Kho\u0302ng du\u0300ng cho ngu\u031b\u01a1\u0300i vi\u00eam th\u1eadn, ph\u1ee5 n\u1eef c\u00f3 thai, ng\u01b0\u1eddi m\u00e2\u0303n ca\u0309m, kie\u0302ng ky\u0323 v\u01a1\u0301i b\u00e2\u0301t ky\u0300 tha\u0300nh ph\u00e2\u0300n na\u0300o cu\u0309a sa\u0309n ph\u00e2\u0309m.<\/li>\n<li style=\"font-weight: 400;\" aria-level=\"1\">Ngu\u031b\u01a1\u0300i \u0111ang s\u01b0\u0309 du\u0323ng thu\u00f4\u0301c tham kha\u0309o y\u0301 ki\u00ea\u0301n cu\u0309a chuye\u0302n gia y t\u00ea\u0301 tru\u031b\u01a1\u0301c khi du\u0300ng.<\/li>\n<li style=\"font-weight: 400;\" aria-level=\"1\">Th\u01b0\u0323c ph\u00e2\u0309m ch\u01b0\u0301c na\u0306ng kho\u0302ng thay th\u00ea\u0301 ch\u00ea\u0301 \u0111\u1ecd\u0302 a\u0306n u\u00f4\u0301ng ca\u0302n b\u0103\u0300ng va\u0300 l\u00f4\u0301i s\u00f4\u0301ng la\u0300nh ma\u0323nh.<\/li>\n<\/ul>\n<p style=\"text-align: justify;\"><strong>Th\u01b0\u01a1ng nh\u00e2n nh\u1eadp kh\u1ea9u v\u00e0 ch\u1ecbu tr\u00e1ch nhi\u1ec7m v\u1ec1 ch\u1ea5t l\u01b0\u1ee3ng s\u1ea3n ph\u1ea9m:<\/strong><\/p>\n<ul style=\"text-align: justify;\">\n<li>C\u00d4NG TY TNHH OPFE VI\u1ec6T NAM<\/li>\n<li>\u0110\u1ecba ch\u1ec9: 315 Ph\u1ed1 V\u1ecdng, Ph\u01b0\u1eddng T\u01b0\u01a1ng Mai, Th\u00e0nh Ph\u1ed1 H\u00e0 N\u1ed9i, Vi\u1ec7t Nam.<\/li>\n<\/ul>\n<p style=\"text-align: justify;\">S\u1ea3n ph\u1ea9m \u0111\u01b0\u1ee3c nh\u1eadp kh\u1ea9u v\u00e0 ph\u00e2n ph\u1ed1i \u0111\u1ed9c quy\u1ec1n t\u1ea1i Vi\u1ec7t Nam b\u1edfi C\u00f4ng ty TNHH OPFE Vi\u1ec7t Nam, gi\u1ea5y \u0110KSP s\u1ed1 <strong>5983\/2024\/\u0110KSP<\/strong>, gi\u1ea5y x\u00e1c nh\u1eadn n\u1ed9i dung qu\u1ea3ng c\u00e1o s\u1ed1\u00a0<strong>1999\/2024\/XNQC-ATTP\u00a0<\/strong>\u0111\u01b0\u1ee3c c\u1ea5p v\u00e0 k\u00fd b\u1edfi C\u1ee5c Tr\u01b0\u1edfng, C\u1ee5c An To\u00e0n Th\u1ef1c Ph\u1ea9m \u2013 B\u1ed9 Y T\u1ebf, Vi\u1ec7t Nam.<\/p>\n<section data-id=\"6233d5b\" data-element_type=\"section\">\n<h4><em>Xem th\u00eam c\u00e1c b\u00e0i nghi\u00ean c\u1ee9u v\u1ec1 \u201cNMN, NR\u201d\u00a0<strong><a style=\"color: #3366ff;\" href=\"https:\/\/opfe.vn\/index.php\/category\/suc-khoe\/\">t\u1ea1i \u0111\u00e2y.<\/a><\/strong><\/em><\/h4>\n<\/section>\n<p style=\"text-align: justify;\"><strong>Li\u00ean h\u1ec7 v\u1edbi ch\u00fang t\u00f4i \u0111\u1ec3 <a href=\"https:\/\/opfe.vn\/index.php\/contact\/\">\u0111\u0103ng k\u00fd t\u01b0 v\u1ea5n mi\u1ec5n ph\u00ed<\/a> v\u00e0 bi\u1ebft th\u00eam th\u00f4ng tin chi ti\u1ebft.<\/strong><\/p>\n<table>\n<tbody id=\"the-list\" data-wp-lists=\"list:form\">\n<tr>\n<td data-colname=\"Shortcode\"><div class=\"wpforms-container \" id=\"wpforms-13\"><form id=\"wpforms-form-13\" class=\"wpforms-validate wpforms-form\" data-formid=\"13\" method=\"post\" enctype=\"multipart\/form-data\" action=\"\/index.php\/wp-json\/wp\/v2\/product\/3425\" data-token=\"d224a61c1307d320a43a6ceb76331d29\" data-token-time=\"1778619834\"><noscript class=\"wpforms-error-noscript\">Vui l\u00f2ng b\u1eadt JavaScript trong tr\u00ecnh duy\u1ec7t c\u1ee7a b\u1ea1n \u0111\u1ec3 ho\u00e0n th\u00e0nh Form n\u00e0y.<\/noscript><div class=\"wpforms-field-container\"><div id=\"wpforms-13-field_0-container\" class=\"wpforms-field wpforms-field-name\" data-field-id=\"0\"><label class=\"wpforms-field-label\">Name <span class=\"wpforms-required-label\">*<\/span><\/label><div class=\"wpforms-field-row wpforms-field-large\"><div class=\"wpforms-field-row-block wpforms-first wpforms-one-half\"><input type=\"text\" id=\"wpforms-13-field_0\" class=\"wpforms-field-name-first wpforms-field-required\" name=\"wpforms[fields][0][first]\" required><label for=\"wpforms-13-field_0\" class=\"wpforms-field-sublabel after\">T\u00ean<\/label><\/div><div class=\"wpforms-field-row-block wpforms-one-half\"><input type=\"text\" id=\"wpforms-13-field_0-last\" class=\"wpforms-field-name-last wpforms-field-required\" name=\"wpforms[fields][0][last]\" required><label for=\"wpforms-13-field_0-last\" class=\"wpforms-field-sublabel after\">H\u1ecd<\/label><\/div><\/div><\/div><div id=\"wpforms-13-field_1-container\" class=\"wpforms-field wpforms-field-email\" data-field-id=\"1\"><label class=\"wpforms-field-label\" for=\"wpforms-13-field_1\">Email <span class=\"wpforms-required-label\">*<\/span><\/label><input type=\"email\" id=\"wpforms-13-field_1\" class=\"wpforms-field-large wpforms-field-required\" name=\"wpforms[fields][1]\" spellcheck=\"false\" required><\/div><div id=\"wpforms-13-field_2-container\" class=\"wpforms-field wpforms-field-textarea\" data-field-id=\"2\"><label class=\"wpforms-field-label\" for=\"wpforms-13-field_2\">Message <span class=\"wpforms-required-label\">*<\/span><\/label><textarea id=\"wpforms-13-field_2\" class=\"wpforms-field-medium wpforms-field-required\" name=\"wpforms[fields][2]\" required><\/textarea><\/div><\/div><!-- .wpforms-field-container --><div class=\"wpforms-field wpforms-field-hp\"><label for=\"wpforms-13-field-hp\" class=\"wpforms-field-label\">Email<\/label><input type=\"text\" name=\"wpforms[hp]\" id=\"wpforms-13-field-hp\" class=\"wpforms-field-medium\"><\/div><div class=\"wpforms-submit-container\" ><input type=\"hidden\" name=\"wpforms[id]\" value=\"13\"><input type=\"hidden\" name=\"page_title\" value=\"\"><input type=\"hidden\" name=\"page_url\" value=\"https:\/\/opfe.vn\/index.php\/wp-json\/wp\/v2\/product\/3425\"><input type=\"hidden\" name=\"url_referer\" value=\"\"><button type=\"submit\" name=\"wpforms[submit]\" id=\"wpforms-submit-13\" class=\"wpforms-submit\" data-alt-text=\"Sending...\" data-submit-text=\"Send\" aria-live=\"assertive\" value=\"wpforms-submit\">Send<\/button><\/div><\/form><\/div>  <!-- .wpforms-container --><\/td>\n<\/tr>\n<\/tbody>\n<\/table>\n","protected":false},"excerpt":{"rendered":"<p style=\"text-align: justify;\"><span style=\"font-weight: 400;\">Uthever\u00ae <\/span><span style=\"font-weight: 400;\">NMN, NR l\u00e0 s\u1ea3n ph\u1ea9m c\u00f3 \u0111\u1ed9 tinh khi\u1ebft cao nh\u1ea5t tr\u00ean th\u1ecb tr\u01b0\u1eddng (tr\u00ean 99%), hi\u1ec7n \u0111ang nh\u1eadn \u0111\u01b0\u1ee3c s\u1ef1 quan t\u00e2m l\u1edbn t\u1eeb c\u1ed9ng \u0111\u1ed3ng nghi\u00ean c\u1ee9u khoa h\u1ecdc v\u00e0 ng\u01b0\u1eddi ti\u00eau d\u00f9ng. NMN v\u00e0 NR tham gia v\u00e0o qu\u00e1 tr\u00ecnh t\u1ea1o ra NAD+, h\u1ee3p ch\u1ea5t quan tr\u1ecdng cho qu\u00e1 tr\u00ecnh cung c\u1ea5p n\u0103ng l\u01b0\u1ee3ng c\u01a1 b\u1ea3n cho t\u1ebf b\u00e0o v\u00e0 k\u00edch ho\u1ea1t GEN tr\u01b0\u1eddng th\u1ecd SIRTUINS.<\/span><\/p>\n","protected":false},"featured_media":3427,"comment_status":"open","ping_status":"closed","template":"","meta":{"site-sidebar-layout":"default","site-content-layout":"default","ast-site-content-layout":"default","site-content-style":"default","site-sidebar-style":"default","ast-global-header-display":"","ast-banner-title-visibility":"","ast-main-header-display":"","ast-hfb-above-header-display":"","ast-hfb-below-header-display":"","ast-hfb-mobile-header-display":"","site-post-title":"","ast-breadcrumbs-content":"","ast-featured-img":"","footer-sml-layout":"","ast-disable-related-posts":"","theme-transparent-header-meta":"default","adv-header-id-meta":"","stick-header-meta":"","header-above-stick-meta":"","header-main-stick-meta":"","header-below-stick-meta":"","astra-migrate-meta-layouts":"set","ast-page-background-enabled":"default","ast-page-background-meta":{"desktop":{"background-color":"","background-image":"","background-repeat":"repeat","background-position":"center center","background-size":"auto","background-attachment":"scroll","background-type":"","background-media":"","overlay-type":"","overlay-color":"","overlay-opacity":"","overlay-gradient":""},"tablet":{"background-color":"","background-image":"","background-repeat":"repeat","background-position":"center center","background-size":"auto","background-attachment":"scroll","background-type":"","background-media":"","overlay-type":"","overlay-color":"","overlay-opacity":"","overlay-gradient":""},"mobile":{"background-color":"","background-image":"","background-repeat":"repeat","background-position":"center center","background-size":"auto","background-attachment":"scroll","background-type":"","background-media":"","overlay-type":"","overlay-color":"","overlay-opacity":"","overlay-gradient":""}},"ast-content-background-meta":{"desktop":{"background-color":"var(--ast-global-color-5)","background-image":"","background-repeat":"repeat","background-position":"center center","background-size":"auto","background-attachment":"scroll","background-type":"","background-media":"","overlay-type":"","overlay-color":"","overlay-opacity":"","overlay-gradient":""},"tablet":{"background-color":"var(--ast-global-color-5)","background-image":"","background-repeat":"repeat","background-position":"center center","background-size":"auto","background-attachment":"scroll","background-type":"","background-media":"","overlay-type":"","overlay-color":"","overlay-opacity":"","overlay-gradient":""},"mobile":{"background-color":"var(--ast-global-color-5)","background-image":"","background-repeat":"repeat","background-position":"center center","background-size":"auto","background-attachment":"scroll","background-type":"","background-media":"","overlay-type":"","overlay-color":"","overlay-opacity":"","overlay-gradient":""}}},"product_brand":[],"product_cat":[18,15,16,17,21,396,19],"product_tag":[31,350,349],"class_list":{"0":"post-3425","1":"product","2":"type-product","3":"status-publish","4":"has-post-thumbnail","6":"product_cat-anti-oxidation","7":"product_cat-beauty","8":"product_cat-brain","9":"product_cat-enhance_health","10":"product_cat-featured","11":"product_cat-orinmn","12":"product_cat-sales","13":"product_tag-anti-aging","14":"product_tag-beauty","15":"product_tag-nmn","16":"desktop-align-left","17":"tablet-align-left","18":"mobile-align-left","20":"first","21":"instock","22":"shipping-taxable","23":"product-type-simple"},"aioseo_notices":[],"_links":{"self":[{"href":"https:\/\/opfe.vn\/index.php\/wp-json\/wp\/v2\/product\/3425","targetHints":{"allow":["GET"]}}],"collection":[{"href":"https:\/\/opfe.vn\/index.php\/wp-json\/wp\/v2\/product"}],"about":[{"href":"https:\/\/opfe.vn\/index.php\/wp-json\/wp\/v2\/types\/product"}],"replies":[{"embeddable":true,"href":"https:\/\/opfe.vn\/index.php\/wp-json\/wp\/v2\/comments?post=3425"}],"version-history":[{"count":15,"href":"https:\/\/opfe.vn\/index.php\/wp-json\/wp\/v2\/product\/3425\/revisions"}],"predecessor-version":[{"id":4489,"href":"https:\/\/opfe.vn\/index.php\/wp-json\/wp\/v2\/product\/3425\/revisions\/4489"}],"wp:featuredmedia":[{"embeddable":true,"href":"https:\/\/opfe.vn\/index.php\/wp-json\/wp\/v2\/media\/3427"}],"wp:attachment":[{"href":"https:\/\/opfe.vn\/index.php\/wp-json\/wp\/v2\/media?parent=3425"}],"wp:term":[{"taxonomy":"product_brand","embeddable":true,"href":"https:\/\/opfe.vn\/index.php\/wp-json\/wp\/v2\/product_brand?post=3425"},{"taxonomy":"product_cat","embeddable":true,"href":"https:\/\/opfe.vn\/index.php\/wp-json\/wp\/v2\/product_cat?post=3425"},{"taxonomy":"product_tag","embeddable":true,"href":"https:\/\/opfe.vn\/index.php\/wp-json\/wp\/v2\/product_tag?post=3425"}],"curies":[{"name":"wp","href":"https:\/\/api.w.org\/{rel}","templated":true}]}}