{"id":4466,"date":"2026-01-07T17:12:00","date_gmt":"2026-01-07T10:12:00","guid":{"rendered":"https:\/\/opfe.vn\/?post_type=product&#038;p=4466"},"modified":"2026-01-07T17:50:35","modified_gmt":"2026-01-07T10:50:35","slug":"nad","status":"publish","type":"product","link":"https:\/\/opfe.vn\/index.php\/product\/nad\/","title":{"rendered":"Th\u1ef1c ph\u1ea9m BVSK OPFE OriLipo ONE Liposomal NAD+, Hungary (Made in EU)"},"content":{"rendered":"<p style=\"text-align: justify;\"><strong>Th\u1ef1c ph\u1ea9m BVSK OPFE OriLipo ONE Liposomal NAD+ <\/strong>\u0111\u01b0\u1ee3c s\u1ea3n xu\u1ea5t t\u1ea1i Hungary (MADE IN EU), t\u1eeb ngu\u1ed3n nguy\u00ean li\u1ec7u 100% t\u1ef1 nhi\u00ean, \u0111\u00e1p \u1ee9ng \u0111\u1ea7y \u0111\u1ee7 c\u00e1c ti\u00eau chu\u1ea9n kh\u1eaft khe c\u1ee7a Ch\u00e2u \u00c2u. Th\u01b0\u01a1ng hi\u1ec7u OPFE \u0111\u00e3 \u0111\u01b0\u1ee3c c\u1ea5p gi\u1ea5y ch\u1ee9ng nh\u1eadn b\u1ea3o h\u1ed9 nh\u00e3n hi\u1ec7u \u0111\u1ed9c quy\u1ec1n t\u1ea1i EU v\u00e0 Vi\u1ec7t Nam. S\u1ea3n ph\u1ea9m \u0111\u01b0\u1ee3c c\u1ea5p ph\u00e9p l\u01b0u h\u00e0nh t\u1ea1i Ch\u00e2u \u00c2u b\u1edfi\u00a0<a href=\"https:\/\/opfe.eu\/\">C\u00f4ng ty OPFE KFT. HUNGARY.<\/a><a href=\"https:\/\/opfe.vn\/wp-content\/uploads\/2023\/12\/Top-image.webp\"><img fetchpriority=\"high\" decoding=\"async\" class=\"aligncenter wp-image-3426 size-large\" src=\"https:\/\/opfe.vn\/wp-content\/uploads\/2023\/12\/Top-image-1024x386.webp\" alt=\"\" width=\"1024\" height=\"386\" srcset=\"https:\/\/opfe.vn\/wp-content\/uploads\/2023\/12\/Top-image-1024x386.webp 1024w, https:\/\/opfe.vn\/wp-content\/uploads\/2023\/12\/Top-image-300x113.webp 300w, https:\/\/opfe.vn\/wp-content\/uploads\/2023\/12\/Top-image-768x289.webp 768w, https:\/\/opfe.vn\/wp-content\/uploads\/2023\/12\/Top-image-1536x578.webp 1536w, https:\/\/opfe.vn\/wp-content\/uploads\/2023\/12\/Top-image-600x226.webp 600w, https:\/\/opfe.vn\/wp-content\/uploads\/2023\/12\/Top-image.webp 1700w\" sizes=\"(max-width: 1024px) 100vw, 1024px\" \/><\/a><\/p>\n<p style=\"text-align: justify;\"><strong>Th\u00e0nh ph\u1ea7n: <\/strong><span style=\"font-size: 16px;\">Chi\u1ebft xu\u1ea5t LipoAvail\u00ae Liposomal NAD+ (50%): 250 mg v\u00e0 Inulin: 250mg. <\/span><span style=\"font-size: 16px;\">Ph\u1ee5 li\u1ec7u: V\u1ecf nang HPMC (Vegetarian).<\/span><\/p>\n<p style=\"text-align: justify;\"><b>C\u00f4ng d\u1ee5ng: <\/b>Gi\u00fap t\u0103ng n\u0103ng l\u01b0\u1ee3ng t\u1ebf b\u00e0o, c\u1ea3i thi\u1ec7n m\u1ec7t m\u1ecfi. H\u1ed7 tr\u1ee3 ch\u1ed1ng l\u00e3o ho\u00e1.<\/p>\n<p style=\"text-align: justify;\"><b>\u0110\u1ed1i t\u01b0\u1ee3ng: <\/b><span style=\"font-size: 16px; font-weight: 400;\">Ng\u01b0\u1eddi tr\u01b0\u1edfng th\u00e0nh.<\/span><\/p>\n<p style=\"text-align: justify;\"><b>Li\u1ec1u d\u00f9ng:<\/b> <span style=\"font-size: 16px; font-weight: 400;\">U\u1ed1ng 1 vi\u00ean\/ng\u00e0y v\u1edbi nhi\u1ec1u n\u01b0\u1edbc ho\u1eb7c theo ch\u1ec9 d\u1eabn c\u1ee7a chuy\u00ean gia ch\u0103m s\u00f3c s\u1ee9c kh\u1ecfe. <\/span><span style=\"font-size: 16px; font-weight: 400;\">Kh\u00f4ng s\u1eed d\u1ee5ng nhi\u1ec1u h\u01a1n li\u1ec1u khuy\u1ebfn ngh\u1ecb m\u1ed7i ng\u00e0y.<\/span><\/p>\n<p style=\"text-align: justify;\"><b>L\u01b0u \u00fd<\/b><span style=\"font-weight: 400;\">:\u00a0<\/span><\/p>\n<ul style=\"text-align: justify;\">\n<li><span style=\"font-weight: 400;\">Ba\u0309o qua\u0309n no\u031bi kho\u0302 ra\u0301o, thoa\u0301ng ma\u0301t. \u0110\u00ea\u0309 xa t\u00e2\u0300m tay tre\u0309 em.<\/span><\/li>\n<li style=\"font-weight: 400;\" aria-level=\"1\"><strong>Th\u01b0\u0323c ph\u00e2\u0309m na\u0300y kho\u0302ng pha\u0309i la\u0300 thu\u00f4\u0301c v\u00e0 kho\u0302ng co\u0301 ta\u0301c du\u0323ng thay th\u00ea\u0301 thu\u00f4\u0301c ch\u01b0\u0303a b\u1eb9\u0302nh.<\/strong><\/li>\n<li>Kho\u0302ng du\u0300ng cho ngu\u031b\u01a1\u0300i vie\u0302m th\u1ea1\u0302n, phu\u0323 n\u01b0\u0303 co\u0301 thai, ngu\u031b\u01a1\u0300i m\u00e2\u0303n ca\u0309m, kie\u0302ng ky\u0323 v\u01a1\u0301i b\u00e2\u0301t ky\u0300 tha\u0300nh ph\u00e2\u0300n na\u0300o cu\u0309a sa\u0309n ph\u00e2\u0309m.<\/li>\n<li>Ng\u01b0\u1eddi \u0111ang s\u1eed d\u1ee5ng thu\u1ed1c tham kh\u1ea3o \u00fd ki\u1ebfn c\u1ee7a chuy\u00ean gia y t\u1ebf tr\u01b0\u1edbc khi d\u00f9ng.<\/li>\n<li style=\"font-weight: 400;\" aria-level=\"1\"><span style=\"font-weight: 400;\">Th\u01b0\u0323c ph\u00e2\u0309m ch\u01b0\u0301c na\u0306ng kho\u0302ng thay th\u00ea\u0301 ch\u00ea\u0301 \u0111\u1ecd\u0302 a\u0306n u\u00f4\u0301ng ca\u0302n b\u0103\u0300ng va\u0300 l\u00f4\u0301i s\u00f4\u0301ng la\u0300nh ma\u0323nh.<\/span><\/li>\n<\/ul>\n<p style=\"text-align: justify;\"><strong>Th\u01b0\u01a1ng nh\u00e2n nh\u1eadp kh\u1ea9u v\u00e0 ch\u1ecbu tr\u00e1ch nhi\u1ec7m v\u1ec1 ch\u1ea5t l\u01b0\u1ee3ng s\u1ea3n ph\u1ea9m:<\/strong><\/p>\n<ul style=\"text-align: justify;\">\n<li>C\u00d4NG TY TNHH OPFE VI\u1ec6T NAM<\/li>\n<li>\u0110\u1ecba ch\u1ec9: 315 Ph\u1ed1 V\u1ecdng, Ph\u01b0\u1eddng T\u01b0\u01a1ng Mai, Th\u00e0nh Ph\u1ed1 H\u00e0 N\u1ed9i, Vi\u1ec7t Nam.<\/li>\n<\/ul>\n<section class=\"elementor-section elementor-top-section elementor-element elementor-element-6233d5b elementor-section-boxed elementor-section-height-default elementor-section-height-default\" data-id=\"6233d5b\" data-element_type=\"section\">\n<div class=\"elementor-container elementor-column-gap-no\">\n<div class=\"elementor-column elementor-col-50 elementor-top-column elementor-element elementor-element-03a6bc5\" data-id=\"03a6bc5\" data-element_type=\"column\">\n<div class=\"elementor-widget-wrap elementor-element-populated\">\n<div class=\"elementor-element elementor-element-670d2b0 elementor-widget elementor-widget-text-editor\" data-id=\"670d2b0\" data-element_type=\"widget\" data-widget_type=\"text-editor.default\">\n<div class=\"elementor-widget-container\">\n<h4><em><span style=\"color: #ff0000;\">Xem th\u00eam c\u00e1c b\u00e0i nghi\u00ean c\u1ee9u v\u1ec1 \u201cLiposomal NAD+\u201d<span style=\"color: #3366ff;\">\u00a0<strong><a style=\"color: #3366ff;\" href=\"https:\/\/opfe.vn\/index.php\/category\/suc-khoe\/\">t\u1ea1i \u0111\u00e2y.<\/a><\/strong><\/span><\/span><\/em><\/h4>\n<\/div>\n<\/div>\n<\/div>\n<\/div>\n<\/div>\n<\/section>\n<p style=\"text-align: justify;\"><strong>Li\u00ean h\u1ec7 v\u1edbi ch\u00fang t\u00f4i \u0111\u1ec3 <a href=\"https:\/\/opfe.vn\/index.php\/contact\/\">\u0111\u0103ng k\u00fd t\u01b0 v\u1ea5n mi\u1ec5n ph\u00ed<\/a> v\u00e0 bi\u1ebft th\u00eam th\u00f4ng tin chi ti\u1ebft.<\/strong><\/p>\n<table class=\"wp-list-table widefat fixed striped table-view-list forms\">\n<tbody id=\"the-list\" data-wp-lists=\"list:form\">\n<tr>\n<td class=\"shortcode column-shortcode\" data-colname=\"Shortcode\"><div class=\"wpforms-container \" id=\"wpforms-13\"><form id=\"wpforms-form-13\" class=\"wpforms-validate wpforms-form\" data-formid=\"13\" method=\"post\" enctype=\"multipart\/form-data\" action=\"\/index.php\/wp-json\/wp\/v2\/product\/4466\" data-token=\"772b447033afe81ed395b03f37ab5210\" data-token-time=\"1775777257\"><noscript class=\"wpforms-error-noscript\">Vui l\u00f2ng b\u1eadt JavaScript trong tr\u00ecnh duy\u1ec7t c\u1ee7a b\u1ea1n \u0111\u1ec3 ho\u00e0n th\u00e0nh Form n\u00e0y.<\/noscript><div class=\"wpforms-field-container\"><div id=\"wpforms-13-field_0-container\" class=\"wpforms-field wpforms-field-name\" data-field-id=\"0\"><label class=\"wpforms-field-label\">Name <span class=\"wpforms-required-label\">*<\/span><\/label><div class=\"wpforms-field-row wpforms-field-large\"><div class=\"wpforms-field-row-block wpforms-first wpforms-one-half\"><input type=\"text\" id=\"wpforms-13-field_0\" class=\"wpforms-field-name-first wpforms-field-required\" name=\"wpforms[fields][0][first]\" required><label for=\"wpforms-13-field_0\" class=\"wpforms-field-sublabel after\">T\u00ean<\/label><\/div><div class=\"wpforms-field-row-block wpforms-one-half\"><input type=\"text\" id=\"wpforms-13-field_0-last\" class=\"wpforms-field-name-last wpforms-field-required\" name=\"wpforms[fields][0][last]\" required><label for=\"wpforms-13-field_0-last\" class=\"wpforms-field-sublabel after\">H\u1ecd<\/label><\/div><\/div><\/div><div id=\"wpforms-13-field_1-container\" class=\"wpforms-field wpforms-field-email\" data-field-id=\"1\"><label class=\"wpforms-field-label\" for=\"wpforms-13-field_1\">Email <span class=\"wpforms-required-label\">*<\/span><\/label><input type=\"email\" id=\"wpforms-13-field_1\" class=\"wpforms-field-large wpforms-field-required\" name=\"wpforms[fields][1]\" spellcheck=\"false\" required><\/div><div id=\"wpforms-13-field_2-container\" class=\"wpforms-field wpforms-field-textarea\" data-field-id=\"2\"><label class=\"wpforms-field-label\" for=\"wpforms-13-field_2\">Message <span class=\"wpforms-required-label\">*<\/span><\/label><textarea id=\"wpforms-13-field_2\" class=\"wpforms-field-medium wpforms-field-required\" name=\"wpforms[fields][2]\" required><\/textarea><\/div><\/div><!-- .wpforms-field-container --><div class=\"wpforms-field wpforms-field-hp\"><label for=\"wpforms-13-field-hp\" class=\"wpforms-field-label\">Email<\/label><input type=\"text\" name=\"wpforms[hp]\" id=\"wpforms-13-field-hp\" class=\"wpforms-field-medium\"><\/div><div class=\"wpforms-submit-container\" ><input type=\"hidden\" name=\"wpforms[id]\" value=\"13\"><input type=\"hidden\" name=\"page_title\" value=\"\"><input type=\"hidden\" name=\"page_url\" value=\"https:\/\/opfe.vn\/index.php\/wp-json\/wp\/v2\/product\/4466\"><input type=\"hidden\" name=\"url_referer\" value=\"\"><button type=\"submit\" name=\"wpforms[submit]\" id=\"wpforms-submit-13\" class=\"wpforms-submit\" data-alt-text=\"Sending...\" data-submit-text=\"Send\" aria-live=\"assertive\" value=\"wpforms-submit\">Send<\/button><\/div><\/form><\/div>  <!-- .wpforms-container --><\/td>\n<\/tr>\n<\/tbody>\n<\/table>\n","protected":false},"excerpt":{"rendered":"<p style=\"text-align: justify;\">LipoAvail\u00ae Liposomal NAD\u207a \u0111\u1ea1i di\u1ec7n cho m\u1ed9t ph\u01b0\u01a1ng ph\u00e1p ti\u00ean ti\u1ebfn, d\u1ef1a tr\u00ean khoa h\u1ecdc, \u0111\u1ec3 b\u1ed5 sung NAD\u207a &#8211; m\u1ed9t trong nh\u1eefng coenzyme c\u01a1 b\u1ea3n c\u1ee7a c\u01a1 th\u1ec3, \u0111\u00f3ng vai tr\u00f2 quan tr\u1ecdng trong n\u0103ng l\u01b0\u1ee3ng, ph\u1ee5c h\u1ed3i v\u00e0 s\u1ee9c s\u1ed1ng.<\/p>\n","protected":false},"featured_media":4470,"comment_status":"open","ping_status":"closed","template":"","meta":{"site-sidebar-layout":"default","site-content-layout":"default","ast-site-content-layout":"default","site-content-style":"default","site-sidebar-style":"default","ast-global-header-display":"","ast-banner-title-visibility":"","ast-main-header-display":"","ast-hfb-above-header-display":"","ast-hfb-below-header-display":"","ast-hfb-mobile-header-display":"","site-post-title":"","ast-breadcrumbs-content":"","ast-featured-img":"","footer-sml-layout":"","ast-disable-related-posts":"","theme-transparent-header-meta":"default","adv-header-id-meta":"","stick-header-meta":"","header-above-stick-meta":"","header-main-stick-meta":"","header-below-stick-meta":"","astra-migrate-meta-layouts":"set","ast-page-background-enabled":"default","ast-page-background-meta":{"desktop":{"background-color":"","background-image":"","background-repeat":"repeat","background-position":"center center","background-size":"auto","background-attachment":"scroll","background-type":"","background-media":"","overlay-type":"","overlay-color":"","overlay-opacity":"","overlay-gradient":""},"tablet":{"background-color":"","background-image":"","background-repeat":"repeat","background-position":"center center","background-size":"auto","background-attachment":"scroll","background-type":"","background-media":"","overlay-type":"","overlay-color":"","overlay-opacity":"","overlay-gradient":""},"mobile":{"background-color":"","background-image":"","background-repeat":"repeat","background-position":"center center","background-size":"auto","background-attachment":"scroll","background-type":"","background-media":"","overlay-type":"","overlay-color":"","overlay-opacity":"","overlay-gradient":""}},"ast-content-background-meta":{"desktop":{"background-color":"var(--ast-global-color-5)","background-image":"","background-repeat":"repeat","background-position":"center center","background-size":"auto","background-attachment":"scroll","background-type":"","background-media":"","overlay-type":"","overlay-color":"","overlay-opacity":"","overlay-gradient":""},"tablet":{"background-color":"var(--ast-global-color-5)","background-image":"","background-repeat":"repeat","background-position":"center center","background-size":"auto","background-attachment":"scroll","background-type":"","background-media":"","overlay-type":"","overlay-color":"","overlay-opacity":"","overlay-gradient":""},"mobile":{"background-color":"var(--ast-global-color-5)","background-image":"","background-repeat":"repeat","background-position":"center center","background-size":"auto","background-attachment":"scroll","background-type":"","background-media":"","overlay-type":"","overlay-color":"","overlay-opacity":"","overlay-gradient":""}}},"product_brand":[],"product_cat":[18,15,16,17,21,403,19],"product_tag":[31,350,397,354,349,398,357,399],"class_list":{"0":"post-4466","1":"product","2":"type-product","3":"status-publish","4":"has-post-thumbnail","6":"product_cat-anti-oxidation","7":"product_cat-beauty","8":"product_cat-brain","9":"product_cat-enhance_health","10":"product_cat-featured","11":"product_cat-orilipo-one","12":"product_cat-sales","13":"product_tag-anti-aging","14":"product_tag-beauty","15":"product_tag-collagen","16":"product_tag-glutathione","17":"product_tag-nmn","18":"product_tag-resveratrol","19":"product_tag-vitamin-c","20":"product_tag-vitamin-e","21":"desktop-align-left","22":"tablet-align-left","23":"mobile-align-left","25":"first","26":"instock","27":"shipping-taxable","28":"product-type-simple"},"aioseo_notices":[],"_links":{"self":[{"href":"https:\/\/opfe.vn\/index.php\/wp-json\/wp\/v2\/product\/4466","targetHints":{"allow":["GET"]}}],"collection":[{"href":"https:\/\/opfe.vn\/index.php\/wp-json\/wp\/v2\/product"}],"about":[{"href":"https:\/\/opfe.vn\/index.php\/wp-json\/wp\/v2\/types\/product"}],"replies":[{"embeddable":true,"href":"https:\/\/opfe.vn\/index.php\/wp-json\/wp\/v2\/comments?post=4466"}],"version-history":[{"count":2,"href":"https:\/\/opfe.vn\/index.php\/wp-json\/wp\/v2\/product\/4466\/revisions"}],"predecessor-version":[{"id":4476,"href":"https:\/\/opfe.vn\/index.php\/wp-json\/wp\/v2\/product\/4466\/revisions\/4476"}],"wp:featuredmedia":[{"embeddable":true,"href":"https:\/\/opfe.vn\/index.php\/wp-json\/wp\/v2\/media\/4470"}],"wp:attachment":[{"href":"https:\/\/opfe.vn\/index.php\/wp-json\/wp\/v2\/media?parent=4466"}],"wp:term":[{"taxonomy":"product_brand","embeddable":true,"href":"https:\/\/opfe.vn\/index.php\/wp-json\/wp\/v2\/product_brand?post=4466"},{"taxonomy":"product_cat","embeddable":true,"href":"https:\/\/opfe.vn\/index.php\/wp-json\/wp\/v2\/product_cat?post=4466"},{"taxonomy":"product_tag","embeddable":true,"href":"https:\/\/opfe.vn\/index.php\/wp-json\/wp\/v2\/product_tag?post=4466"}],"curies":[{"name":"wp","href":"https:\/\/api.w.org\/{rel}","templated":true}]}}